{"id":9364,"date":"2024-06-07T09:40:29","date_gmt":"2024-06-07T09:40:29","guid":{"rendered":"https:\/\/pippifoder.se\/Ei-luokiteltu\/leo-wolf-tallow-seed-bar-energia-600g\/"},"modified":"2026-04-03T05:02:30","modified_gmt":"2026-04-03T05:02:30","slug":"leo-wolf-tallow-seed-bar-energia-600g","status":"publish","type":"product","link":"https:\/\/pippifoder.se\/fi\/tuote\/lintujen-ruokaa\/talsamin-siemenpalkki\/leo-wolf-tallow-seed-bar-energia-600g\/","title":{"rendered":"Leo &amp; Wolf Tallow Seed Bar &#8211; Energia 600g"},"content":{"rendered":"<p>Anna luonnonvaraisille linnuillesi talven aikana tarvitsemaansa lis\u00e4energiaa <strong>runsasenergisill\u00e4 talisiemenpatukoilla<\/strong>. N\u00e4m\u00e4 siemenkakut on erityisesti suunniteltu tarjoamaan maksimaalista energiaa ja ravintoa, ja ne ovat samalla turvallisia ja helppok\u00e4ytt\u00f6isi\u00e4. <\/p>\n<h2>Miksi minun pit\u00e4isi valita Tallow Seed Energy?<\/h2>\n<ul>\n<li>\nP<strong>oikkeuksellisen korkea rasvapitoisuus<\/strong> N\u00e4m\u00e4 mokkapatukat sis\u00e4lt\u00e4v\u00e4t 75 % rasvaa, josta 71,5 % on korkealaatuista mokkapalaa. T\u00e4m\u00e4 tarjoaa korkea-energisen, pitk\u00e4kestoisen ravinnonl\u00e4hteen, joka on elint\u00e4rke\u00e4 lintujen selviytymiselle talven aikana. <\/li>\n<li>\nE<strong>rinomainen energia-arvo<\/strong> Siemenkakkujen energiasis\u00e4lt\u00f6 on 739 kcal 100 grammaa kohden, joten ne tarjoavat linnuille tarvittavan energiapotin, jota ne tarvitsevat pysy\u00e4kseen l\u00e4mpimin\u00e4 ja aktiivisina, mik\u00e4 tekee niist\u00e4 yhden markkinoiden ravitsevimmista vaihtoehdoista.<\/li>\n<li>\nT<strong>urvallinen ja<\/strong><strong>innovatiivinen pakkaus<\/strong> Siemenkakut on pakattu ilman verkkoa, jotta linnut eiv\u00e4t j\u00e4\u00e4 kiinni. N\u00e4in ne ovat sek\u00e4 turvallisia k\u00e4ytt\u00e4\u00e4 ett\u00e4 hell\u00e4varaisia ymp\u00e4rist\u00f6lle. <\/li>\n<li>\nL<strong>\u00e4mp\u00f6k\u00e4sitelty turvallisuussyist\u00e4<\/strong> Mokkapalojen siemenkapseli on l\u00e4mp\u00f6k\u00e4sitelty mahdollisten vaarallisten bakteerien ja ep\u00e4puhtauksien poistamiseksi. N\u00e4in varmistetaan puhdas ja turvallinen ravinnonl\u00e4hde linnuille. <\/li>\n<li>\nL<strong>uonnolliset ainesosat<\/strong> 100-prosenttisesti vailla maku- ja v\u00e4riaineita, n\u00e4m\u00e4 mokkapatukat on valmistettu puhtaista ja luonnollisista ainesosista, jotka takaavat, ett\u00e4 linnut saavat luonnollista ja terveellist\u00e4 ravintoa.<\/li>\n<li>\nS<strong>uomalaisista raaka-aineista<\/strong> valmistetut Tallow Seed Bars -tuotepatukat on valmistettu huolellisesti valituista raaka-aineista Suomesta, joka on tunnettu korkeasta laadustaan, joten sek\u00e4 sin\u00e4 ett\u00e4 luonnonvaraiset lintusi voitte luottaa tuotteeseen.<\/li>\n<li>\nH<strong>elppo ripustaminen<\/strong> N\u00e4m\u00e4 helppok\u00e4ytt\u00f6iseksi suunnitellut mokkapalat on varustettu k\u00e4tevill\u00e4 rei&#8217;ill\u00e4, joiden ansiosta ne on helppo ripustaa puihin, pensaisiin tai lintujen ruokintalaitteisiin.<\/li>\n<li>\nK<strong>ehitetty lintujen parasta ajatellen<\/strong> Kaikki mokkapatukan osatekij\u00e4t ainesosista pakkauksiin on suunniteltu tukemaan lintujen terveytt\u00e4 ja turvallisuutta.<\/li>\n<\/ul>\n<h2>Edut luonnonvaraisille linnuille<\/h2>\n<ul>\n<li>\nE<strong>nergiansaannin maksimointi<\/strong> Korkean rasvapitoisuuden ja runsaan ravintosis\u00e4ll\u00f6n ansiosta siemenkakut ovat ihanteellisia lintujen v\u00e4ltt\u00e4m\u00e4tt\u00f6mien rasvavarastojen kartuttamiseen.<\/li>\n<li>\nM<strong>onipuolinen lintujen houkutin<\/strong> Ainutlaatuinen rasvapitoisen talin ja siementen sekoitus houkuttelee monenlaisia lintulajeja ja tekee puutarhastasi elinvoimaisen ja monipuolisen lintuparatiisin.<\/li>\n<li>\nT<strong>erveellinen ja luonnollinen ruokavalio<\/strong> 100-prosenttisesti luonnollisista ainesosista ja ilman lis\u00e4aineita, joten linnut saavat tuotteen, joka tukee niiden luonnollista terveytt\u00e4 ja hyvinvointia.<\/li>\n<\/ul>\n","protected":false},"excerpt":{"rendered":"<p>Eritt\u00e4in runsasenerginen talisiemenpatukka luonnonvaraisille linnuille.<br \/>\nUusi innovatiivinen ja parannettu kilpailija mokkapalloille! <\/p>\n","protected":false},"featured_media":7436,"comment_status":"open","ping_status":"closed","template":"","meta":{"_acf_changed":false},"product_brand":[],"product_cat":[181,112,126,180],"product_tag":[],"class_list":{"0":"post-9364","1":"product","2":"type-product","3":"status-publish","4":"has-post-thumbnail","6":"product_cat-talsamin-siemenpalkki","7":"product_cat-lintujen-ruokaa","8":"product_cat-rasvasiemenseos","9":"product_cat-talimakkara","11":"first","12":"instock","13":"sale","14":"taxable","15":"shipping-taxable","16":"purchasable","17":"product-type-variable","18":"has-default-attributes"},"bundled_by":["30024"],"bundle_stock_status":"instock","bundle_stock_quantity":388,"bundle_virtual":false,"bundle_layout":"","bundle_add_to_cart_form_location":"","bundle_editable_in_cart":false,"bundle_sold_individually_context":"","bundle_item_grouping":"","bundle_min_size":"","bundle_max_size":"","bundle_price":[],"bundled_items":[],"bundle_sell_ids":[],"acf":[],"_links":{"self":[{"href":"https:\/\/pippifoder.se\/fi\/wp-json\/wp\/v2\/product\/9364","targetHints":{"allow":["GET"]}}],"collection":[{"href":"https:\/\/pippifoder.se\/fi\/wp-json\/wp\/v2\/product"}],"about":[{"href":"https:\/\/pippifoder.se\/fi\/wp-json\/wp\/v2\/types\/product"}],"replies":[{"embeddable":true,"href":"https:\/\/pippifoder.se\/fi\/wp-json\/wp\/v2\/comments?post=9364"}],"wp:featuredmedia":[{"embeddable":true,"href":"https:\/\/pippifoder.se\/fi\/wp-json\/wp\/v2\/media\/7436"}],"wp:attachment":[{"href":"https:\/\/pippifoder.se\/fi\/wp-json\/wp\/v2\/media?parent=9364"}],"wp:term":[{"taxonomy":"product_brand","embeddable":true,"href":"https:\/\/pippifoder.se\/fi\/wp-json\/wp\/v2\/product_brand?post=9364"},{"taxonomy":"product_cat","embeddable":true,"href":"https:\/\/pippifoder.se\/fi\/wp-json\/wp\/v2\/product_cat?post=9364"},{"taxonomy":"product_tag","embeddable":true,"href":"https:\/\/pippifoder.se\/fi\/wp-json\/wp\/v2\/product_tag?post=9364"}],"curies":[{"name":"wp","href":"https:\/\/api.w.org\/{rel}","templated":true}]}}