{"id":9357,"date":"2024-02-01T07:28:03","date_gmt":"2024-02-01T07:28:03","guid":{"rendered":"https:\/\/pippifoder.se\/Ei-luokiteltu\/villielainpuutarha-decobird-kuningaskalastaja\/"},"modified":"2025-01-27T14:09:08","modified_gmt":"2025-01-27T14:09:08","slug":"villielainpuutarha-decobird-kuningaskalastaja","status":"publish","type":"product","link":"https:\/\/pippifoder.se\/fi\/tuote\/tarvikkeet\/woodbirds-fi\/wildlife-garden-decobird-fi\/villielainpuutarha-decobird-kuningaskalastaja\/","title":{"rendered":"Villiel\u00e4inpuutarha &#8211; DecoBird kuningaskalastaja"},"content":{"rendered":"<h2>Uskollinen puinen lintu: DecoBird Kingbird<\/h2>\n<p>  T\u00e4m\u00e4 on el\u00e4v\u00e4 kuva lintujen k\u00e4\u00e4pi\u00f6st\u00e4, kuningaskalastajasta.<br \/>\nPallomainen pikkulintu on n\u00e4kemisen arvoinen n\u00e4ky.<br \/>\nSit\u00e4 voi olla vaikea n\u00e4hd\u00e4, sill\u00e4 se viett\u00e4\u00e4 suurimman osan ajastaan puiden latvoissa.<br \/>\nK\u00e4sin veistetyll\u00e4 ja siveltimell\u00e4 maalatulla DecoBirdin kuningaskalastajalla saat el\u00e4v\u00e4n n\u00e4k\u00f6isen kuvan, jota voit katsella joka p\u00e4iv\u00e4!     <\/p>\n<h3>Kingfisher muilla kielill\u00e4:<\/h3>\n<p>  Tieteellinen nimi: Regulus regulus English: Goldcrest German: Wintergoldh\u00e4hnchen French: Roitelet hupp\u00e9 Italian: Regolo Dutch: Goudhaantje Spanish: Reyezuelo Sencillo<\/p>\n","protected":false},"excerpt":{"rendered":"<p>T\u00e4m\u00e4 on el\u00e4v\u00e4 kuva lintujen k\u00e4\u00e4pi\u00f6st\u00e4, kuningaskalastajasta.<br \/>\nPallomainen pikkulintu on n\u00e4kemisen arvoinen n\u00e4ky.<br \/>\nSit\u00e4 voi olla vaikea n\u00e4hd\u00e4, sill\u00e4 se viett\u00e4\u00e4 suurimman osan ajastaan puiden latvoissa.<br \/>\nK\u00e4sin veistetyll\u00e4 ja siveltimell\u00e4 maalatulla DecoBirdin kuningaskalastajalla saat el\u00e4v\u00e4n n\u00e4k\u00f6isen kuvan, jota voit katsella joka p\u00e4iv\u00e4!   <\/p>\n","protected":false},"featured_media":7118,"comment_status":"open","ping_status":"closed","template":"","meta":{"_acf_changed":false},"product_brand":[],"product_cat":[145,122,165],"product_tag":[],"class_list":{"0":"post-9357","1":"product","2":"type-product","3":"status-publish","4":"has-post-thumbnail","6":"product_cat-wildlife-garden-decobird-fi","7":"product_cat-lintujen-siemenia-ja-lintujen-ruokaa-myynnissa","8":"product_cat-tarvikkeet","9":"product_shipping_class-ruotsi","11":"first","12":"outofstock","13":"sale","14":"taxable","15":"shipping-taxable","16":"purchasable","17":"product-type-simple"},"bundled_by":[],"bundle_stock_status":"outofstock","bundle_stock_quantity":0,"bundle_virtual":false,"bundle_layout":"","bundle_add_to_cart_form_location":"","bundle_editable_in_cart":false,"bundle_sold_individually_context":"","bundle_item_grouping":"","bundle_min_size":"","bundle_max_size":"","bundle_price":[],"bundled_items":[],"bundle_sell_ids":[],"acf":[],"_links":{"self":[{"href":"https:\/\/pippifoder.se\/fi\/wp-json\/wp\/v2\/product\/9357","targetHints":{"allow":["GET"]}}],"collection":[{"href":"https:\/\/pippifoder.se\/fi\/wp-json\/wp\/v2\/product"}],"about":[{"href":"https:\/\/pippifoder.se\/fi\/wp-json\/wp\/v2\/types\/product"}],"replies":[{"embeddable":true,"href":"https:\/\/pippifoder.se\/fi\/wp-json\/wp\/v2\/comments?post=9357"}],"wp:featuredmedia":[{"embeddable":true,"href":"https:\/\/pippifoder.se\/fi\/wp-json\/wp\/v2\/media\/7118"}],"wp:attachment":[{"href":"https:\/\/pippifoder.se\/fi\/wp-json\/wp\/v2\/media?parent=9357"}],"wp:term":[{"taxonomy":"product_brand","embeddable":true,"href":"https:\/\/pippifoder.se\/fi\/wp-json\/wp\/v2\/product_brand?post=9357"},{"taxonomy":"product_cat","embeddable":true,"href":"https:\/\/pippifoder.se\/fi\/wp-json\/wp\/v2\/product_cat?post=9357"},{"taxonomy":"product_tag","embeddable":true,"href":"https:\/\/pippifoder.se\/fi\/wp-json\/wp\/v2\/product_tag?post=9357"}],"curies":[{"name":"wp","href":"https:\/\/api.w.org\/{rel}","templated":true}]}}