{"id":9352,"date":"2024-02-01T07:24:37","date_gmt":"2024-02-01T07:24:37","guid":{"rendered":"https:\/\/pippifoder.se\/Ei-luokiteltu\/villielainpuutarha-decobird-naurulokki\/"},"modified":"2024-02-01T07:24:37","modified_gmt":"2024-02-01T07:24:37","slug":"villielainpuutarha-decobird-naurulokki","status":"publish","type":"product","link":"https:\/\/pippifoder.se\/fi\/tuote\/tarvikkeet\/woodbirds-fi\/wildlife-garden-decobird-fi\/villielainpuutarha-decobird-naurulokki\/","title":{"rendered":"Villiel\u00e4inpuutarha &#8211; DecoBird Naurulokki"},"content":{"rendered":"<h2>Naurulokkia koskevia tietoja<\/h2>\n<p>  Naurulokin tunnistaa l\u00e4mpim\u00e4st\u00e4 tummanruskeasta p\u00e4\u00e4st\u00e4, joka erottuu valkoisesta ja vaaleanharmaasta vartalosta.<br \/>\nTodellisuudessa se on melko \u00e4\u00e4nek\u00e4s lintu.<br \/>\nT\u00e4m\u00e4 puusta k\u00e4sin veistetty ja k\u00e4sin maalattu el\u00e4v\u00e4 kuva on varmasti hiljaisempi.    <\/p>\n<h3>Naurulokki muilla kielill\u00e4:<\/h3>\n<p>  Tieteellinen nimi: Chroicocephalus ridibundus English: Black-headed gull German: Lachm\u00f6we French: Mouette rieuse Italian: Gabbiano Dutch: Kokmeeuw Spanish: Gaviota Reidora  <\/p>\n<h4>Tietoa k\u00e4sin veistetyist\u00e4 DecoBirds-linnuista<\/h4>\n<p>  Kaikki DecoBird-ker\u00e4ilysarjan linnut on maalattu siveltimell\u00e4 ja veistetty k\u00e4sin puhtaasta puusta.<br \/>\nHauska ker\u00e4t\u00e4 ja t\u00e4ydellinen lahja lintujen tai sisustuksen yst\u00e4v\u00e4lle! <\/p>\n","protected":false},"excerpt":{"rendered":"<p>Naurulokin tunnistaa l\u00e4mpim\u00e4st\u00e4 tummanruskeasta p\u00e4\u00e4st\u00e4, joka erottuu valkoisesta ja vaaleanharmaasta vartalosta.<br \/>\nTodellisuudessa se on melko \u00e4\u00e4nek\u00e4s lintu.<br \/>\nT\u00e4m\u00e4 puusta k\u00e4sin veistetty ja k\u00e4sin maalattu el\u00e4v\u00e4 kuva on varmasti hiljaisempi.  <\/p>\n","protected":false},"featured_media":7109,"comment_status":"open","ping_status":"closed","template":"","meta":{"_acf_changed":false},"product_brand":[],"product_cat":[145,165],"product_tag":[],"class_list":{"0":"post-9352","1":"product","2":"type-product","3":"status-publish","4":"has-post-thumbnail","6":"product_cat-wildlife-garden-decobird-fi","7":"product_cat-tarvikkeet","8":"product_shipping_class-ruotsi","10":"first","11":"outofstock","12":"taxable","13":"shipping-taxable","14":"purchasable","15":"product-type-simple"},"bundled_by":[],"bundle_stock_status":"outofstock","bundle_stock_quantity":0,"bundle_virtual":false,"bundle_layout":"","bundle_add_to_cart_form_location":"","bundle_editable_in_cart":false,"bundle_sold_individually_context":"","bundle_item_grouping":"","bundle_min_size":"","bundle_max_size":"","bundle_price":[],"bundled_items":[],"bundle_sell_ids":[],"acf":[],"_links":{"self":[{"href":"https:\/\/pippifoder.se\/fi\/wp-json\/wp\/v2\/product\/9352","targetHints":{"allow":["GET"]}}],"collection":[{"href":"https:\/\/pippifoder.se\/fi\/wp-json\/wp\/v2\/product"}],"about":[{"href":"https:\/\/pippifoder.se\/fi\/wp-json\/wp\/v2\/types\/product"}],"replies":[{"embeddable":true,"href":"https:\/\/pippifoder.se\/fi\/wp-json\/wp\/v2\/comments?post=9352"}],"wp:featuredmedia":[{"embeddable":true,"href":"https:\/\/pippifoder.se\/fi\/wp-json\/wp\/v2\/media\/7109"}],"wp:attachment":[{"href":"https:\/\/pippifoder.se\/fi\/wp-json\/wp\/v2\/media?parent=9352"}],"wp:term":[{"taxonomy":"product_brand","embeddable":true,"href":"https:\/\/pippifoder.se\/fi\/wp-json\/wp\/v2\/product_brand?post=9352"},{"taxonomy":"product_cat","embeddable":true,"href":"https:\/\/pippifoder.se\/fi\/wp-json\/wp\/v2\/product_cat?post=9352"},{"taxonomy":"product_tag","embeddable":true,"href":"https:\/\/pippifoder.se\/fi\/wp-json\/wp\/v2\/product_tag?post=9352"}],"curies":[{"name":"wp","href":"https:\/\/api.w.org\/{rel}","templated":true}]}}