{"id":9351,"date":"2024-06-13T08:25:51","date_gmt":"2024-06-13T08:25:51","guid":{"rendered":"https:\/\/pippifoder.se\/Ei-luokiteltu\/leo-wolf-tallow-seed-bar-maapahkina-600g\/"},"modified":"2026-04-03T05:02:29","modified_gmt":"2026-04-03T05:02:29","slug":"leo-wolf-tallow-seed-bar-maapahkina-600g","status":"publish","type":"product","link":"https:\/\/pippifoder.se\/fi\/tuote\/lintujen-ruokaa\/talsamin-siemenpalkki\/leo-wolf-tallow-seed-bar-maapahkina-600g\/","title":{"rendered":"Leo &amp; Wolf Tallow Seed Bar &#8211; maap\u00e4hkin\u00e4 600g"},"content":{"rendered":"<p>Anna luonnonvaraisille linnuillesi parasta <strong>maap\u00e4hkin\u00e4taljan siemenpatukoilla<\/strong> ja varmista, ett\u00e4 ne saavat energiaa ja ravintoa, jota ne tarvitsevat selviyty\u00e4kseen talvesta. Tilaa nyt ja luo puutarhaan monipuolinen ja kukoistava lintulajisto! <\/p>\n<h2>Miksi minun pit\u00e4isi valita Tallow Seed Bar -maap\u00e4hkin\u00e4t?<\/h2>\n<ul>\n<li>\nR<strong>unsas rasvapitoisuus takaa maksimaalisen energiam\u00e4\u00e4r\u00e4n<\/strong> Suet-siemenpatukoissamme on 60 % rasvaa, josta 47 % on mokkapalaa, joka antaa linnuille elint\u00e4rke\u00e4\u00e4 energiaa, jota ne tarvitsevat selviyty\u00e4kseen kylmist\u00e4 ja pimeist\u00e4 talvikuukausista. T\u00e4m\u00e4 tekee siemenpatukoista erinomaisen valinnan lintujen terveyden ja selviytymisen tukemiseen. <\/li>\n<li>\nK<strong>orkea maap\u00e4hkin\u00e4pitoisuus<\/strong> N\u00e4m\u00e4 siemenkakut sis\u00e4lt\u00e4v\u00e4t 19 % maap\u00e4hkin\u00e4\u00e4, mik\u00e4 tekee niist\u00e4 entist\u00e4kin ravitsevampia ja houkuttelevampia linnuille. Maap\u00e4hkin\u00e4t houkuttelevat useampia lintulajeja ja tarjoavat monipuolisen ruokavalion. <\/li>\n<li>\nE<strong>rinomainen energia-arvo<\/strong> Energiasis\u00e4ll\u00f6n ollessa 662 kcal\/100 grammaa talisiemenherneet takaavat, ett\u00e4 linnut saavat riitt\u00e4v\u00e4sti energiaa pysy\u00e4kseen aktiivisina ja l\u00e4mpimin\u00e4. Korkean l\u00e4mp\u00f6tiheyden ansiosta ne ovat luotettava energianl\u00e4hde ankarissa olosuhteissa. <\/li>\n<li>\nT<strong>urvallinen ja innovatiivinen pakkaus<\/strong> Siemenkakut on pakattu ilman verkkoa, mik\u00e4 est\u00e4\u00e4 lintuja j\u00e4\u00e4m\u00e4st\u00e4 kiinni ja loukkaantumasta. N\u00e4in ne ovat sek\u00e4 turvallisia k\u00e4ytt\u00e4\u00e4 ett\u00e4 hell\u00e4varaisia ymp\u00e4rist\u00f6lle. <\/li>\n<li>\nL<strong>\u00e4mp\u00f6k\u00e4sitelty optimaalista turvallisuutta varten<\/strong> Jokainen mokkapatukka on l\u00e4mp\u00f6k\u00e4sitelty mahdollisesti vaarallisten bakteerien ja ep\u00e4puhtauksien poistamiseksi. N\u00e4in varmistat, ett\u00e4 tarjoat linnuille puhdasta ja turvallista ravintoa. <\/li>\n<li>\nL<strong>uonnolliset ja puhtaat ainesosat<\/strong> 100-prosenttisesti ilman maku- ja v\u00e4riaineita, n\u00e4m\u00e4 mokkapatukat on valmistettu luonnollisista ainesosista, jotta linnut saavat terveellist\u00e4 ja luonnollista ravintoa.<\/li>\n<li>\nS<strong>uomalaiset laaturaaka-aineet<\/strong> Sis\u00e4lt\u00e4\u00e4 huolella valittuja raaka-aineita Suomesta, jotka ovat tunnettuja korkeasta laadustaan, ja tarjoaa tuotteen, johon voit luottaa luonnonvaraisille linnuillesi.<\/li>\n<li>\nH<strong>elppo ripustaa<\/strong> Suunniteltu helppok\u00e4ytt\u00f6isiksi, talisiemenkapseleissa on rei\u00e4t, joiden ansiosta ne on helppo ripustaa puihin, pensaisiin tai lintujen ruokintalaitteisiin.<\/li>\n<li>\nK<strong>ehitetty lintujen hyvinvointia varten<\/strong> N\u00e4iden mokkapatukoiden jokainen yksityiskohta on harkittu huolellisesti, jotta ne tukisivat lintujen terveytt\u00e4 ja turvallisuutta talvikuukausina.<\/li>\n<\/ul>\n<h2>Edut luonnonvaraisille linnuille<\/h2>\n<ul>\n<li>\nE<strong>nergiansaannin maksimointi<\/strong> Korkean rasvapitoisuuden ja maap\u00e4hkin\u00f6iden merkitt\u00e4v\u00e4n osuuden ansiosta n\u00e4m\u00e4 siemenkakut ovat ihanteellisia lintujen elint\u00e4rkeiden energiavarastojen kartuttamiseen.<\/li>\n<li>\nM<strong>onipuolinen lintujen houkutin<\/strong> Talin ja maap\u00e4hkin\u00f6iden yhdistelm\u00e4 houkuttelee monenlaisia lintulajeja ja tekee puutarhastasi vilkkaan ja monipuolisen lintupaikan.<\/li>\n<li>\nT<strong>erveellinen ja luonnollinen ruokavalio<\/strong> 100-prosenttisesti luonnollisista ainesosista ja ilman lis\u00e4aineita, joten linnut saavat tuotteen, joka tukee niiden luonnollista terveytt\u00e4 ja hyvinvointia.<\/li>\n<\/ul>\n<p>&nbsp;<\/p>\n","protected":false},"excerpt":{"rendered":"<p>Tutustu uusiin ja paranneltuihin <strong>maap\u00e4hkin\u00e4taljapatukoihin<\/strong> &#8211; perinteisten talipallojen innovatiiviseen kilpailijaan, joka on suunniteltu antamaan luonnonvaraisille linnuille voimakasta energiapotkua talvikuukausina. N\u00e4iss\u00e4 m\u00e4dinsiemenpatukoissa yhdistyv\u00e4t korkealaatuinen m\u00e4dinsiemen ja maap\u00e4hkin\u00e4, jotka tarjoavat ravitsevan ja vastustamattoman ravinnonl\u00e4hteen. <\/p>\n","protected":false},"featured_media":7442,"comment_status":"open","ping_status":"closed","template":"","meta":{"_acf_changed":false},"product_brand":[],"product_cat":[181,112,130,126,180],"product_tag":[],"class_list":{"0":"post-9351","1":"product","2":"type-product","3":"status-publish","4":"has-post-thumbnail","6":"product_cat-talsamin-siemenpalkki","7":"product_cat-lintujen-ruokaa","8":"product_cat-maapahkinat","9":"product_cat-rasvasiemenseos","10":"product_cat-talimakkara","11":"product_group-foderstang-talgfrobar-kokosnot","13":"first","14":"instock","15":"sale","16":"taxable","17":"shipping-taxable","18":"purchasable","19":"product-type-variable","20":"has-default-attributes"},"bundled_by":["30024"],"bundle_stock_status":"instock","bundle_stock_quantity":603,"bundle_virtual":false,"bundle_layout":"","bundle_add_to_cart_form_location":"","bundle_editable_in_cart":false,"bundle_sold_individually_context":"","bundle_item_grouping":"","bundle_min_size":"","bundle_max_size":"","bundle_price":[],"bundled_items":[],"bundle_sell_ids":[],"acf":[],"_links":{"self":[{"href":"https:\/\/pippifoder.se\/fi\/wp-json\/wp\/v2\/product\/9351","targetHints":{"allow":["GET"]}}],"collection":[{"href":"https:\/\/pippifoder.se\/fi\/wp-json\/wp\/v2\/product"}],"about":[{"href":"https:\/\/pippifoder.se\/fi\/wp-json\/wp\/v2\/types\/product"}],"replies":[{"embeddable":true,"href":"https:\/\/pippifoder.se\/fi\/wp-json\/wp\/v2\/comments?post=9351"}],"wp:featuredmedia":[{"embeddable":true,"href":"https:\/\/pippifoder.se\/fi\/wp-json\/wp\/v2\/media\/7442"}],"wp:attachment":[{"href":"https:\/\/pippifoder.se\/fi\/wp-json\/wp\/v2\/media?parent=9351"}],"wp:term":[{"taxonomy":"product_brand","embeddable":true,"href":"https:\/\/pippifoder.se\/fi\/wp-json\/wp\/v2\/product_brand?post=9351"},{"taxonomy":"product_cat","embeddable":true,"href":"https:\/\/pippifoder.se\/fi\/wp-json\/wp\/v2\/product_cat?post=9351"},{"taxonomy":"product_tag","embeddable":true,"href":"https:\/\/pippifoder.se\/fi\/wp-json\/wp\/v2\/product_tag?post=9351"}],"curies":[{"name":"wp","href":"https:\/\/api.w.org\/{rel}","templated":true}]}}