{"id":9350,"date":"2024-06-13T08:54:40","date_gmt":"2024-06-13T08:54:40","guid":{"rendered":"https:\/\/pippifoder.se\/Ei-luokiteltu\/leo-wolf-tallow-seed-bar-all-season-600-g\/"},"modified":"2026-04-03T05:03:55","modified_gmt":"2026-04-03T05:03:55","slug":"leo-wolf-tallow-seed-bar-all-season-600-g","status":"publish","type":"product","link":"https:\/\/pippifoder.se\/fi\/tuote\/lintujen-ruokaa\/talsamin-siemenpalkki\/leo-wolf-tallow-seed-bar-all-season-600-g\/","title":{"rendered":"Leo &amp; Wolf Tallow Seed Bar &#8211; All Season 600 g"},"content":{"rendered":"<h2>Miksi minun pit\u00e4isi valita Tallow Seed Bar All Season?<\/h2>\n<ul>\n<li>\nR<strong>unsaasti proteiineja ja kivenn\u00e4isaineita<\/strong> Tallow Seed Bars All Season on t\u00e4ynn\u00e4 v\u00e4ltt\u00e4m\u00e4tt\u00f6mi\u00e4 proteiineja ja kivenn\u00e4isaineita, jotka auttavat lintuja yll\u00e4pit\u00e4m\u00e4\u00e4n terveytt\u00e4 ja energiaa. N\u00e4m\u00e4 ravintoaineet ovat erityisen t\u00e4rkeit\u00e4 pesim\u00e4aikana, jolloin linnut tarvitsevat lis\u00e4tukea poikasiensa ruokkimiseen. <\/li>\n<li>\nS<strong>opii ymp\u00e4ri vuoden<\/strong> T\u00e4m\u00e4 monipuolinen lintujen ruoka sopii kaikkiin vuodenaikoihin. Kev\u00e4\u00e4ll\u00e4 pesivien lintujen tukemisesta kes\u00e4n ja syksyn aktiviteettien ravinnoksi Tallow Seed Bars All Season tarjoaa luotettavan energianl\u00e4hteen ymp\u00e4ri vuoden. <\/li>\n<li>\nT<strong>urvallinen ja innovatiivinen pakkaus<\/strong> Pakattu ilman verkkoa, jotta linnut eiv\u00e4t p\u00e4\u00e4se tarttumaan siihen, joten ne ovat turvallisia k\u00e4ytt\u00e4\u00e4 ja hell\u00e4varaisia ymp\u00e4rist\u00f6lle. Innovatiivisen pakkauksen ansiosta niit\u00e4 on helppo k\u00e4sitell\u00e4 ja ripustaa. <\/li>\n<li>\nL<strong>\u00e4mp\u00f6k\u00e4sitelty optimaalisen turvallisuuden takaamiseksi<\/strong> Jokainen suet-siemenpalkki on l\u00e4mp\u00f6k\u00e4sitelty huolellisesti, jotta mahdolliset vaaralliset bakteerit ja ep\u00e4puhtaudet saadaan poistettua, mik\u00e4 takaa luonnonvaraisille linnuillesi puhtaan ja turvallisen ruoanl\u00e4hteen.<\/li>\n<li>\nL<strong>uonnolliset ainesosat<\/strong> 100-prosenttisesti ilman maku- ja v\u00e4riaineita, n\u00e4m\u00e4 mokkapatukat on valmistettu luonnollisista ainesosista. N\u00e4in varmistetaan, ett\u00e4 linnut saavat terveellist\u00e4 ja luonnollista ruokaa ilman tarpeettomia lis\u00e4aineita. <\/li>\n<li>\nS<strong>uomalaiset laaturaaka-aineet<\/strong> Sis\u00e4lt\u00e4\u00e4 huolella valittuja raaka-aineita Suomesta, jotka ovat tunnettuja korkeasta laadustaan ja ravintosis\u00e4ll\u00f6st\u00e4\u00e4n, mik\u00e4 tekee tuotteesta luotettavan ja tehokkaan lintujen ruokinnassa.<\/li>\n<li>\nH<strong>elppo ripustaminen<\/strong> K\u00e4ytt\u00e4j\u00e4yst\u00e4v\u00e4llisiksi suunnitelluissa mokkapaloissa on rei\u00e4t, joiden ansiosta ne on helppo ripustaa puihin, pensaisiin tai lintujen ruokintapaikkoihin, joten lintujen on helppo tarjota helposti saatavilla olevaa ruokaa.<\/li>\n<li>\nK<strong>ehitetty lintujen hyvinvoinnin n\u00e4k\u00f6kulmasta<\/strong> N\u00e4iden mokkapatukoiden jokainen osa-alue on suunniteltu tukemaan lintujen terveytt\u00e4 ja turvallisuutta. Ravinteikas koostumus on huolellisesti tasapainotettu vastaamaan lintujen tarpeita ymp\u00e4ri vuoden. <\/li>\n<\/ul>\n<h2>Kaikki vuodenajat hy\u00f6dyt luonnonvaraisille linnuille<\/h2>\n<ul>\n<li><strong>Ravitsevaa ja tasapainoista ruokavaliota<\/strong><br \/>\nProteiinien ja kivenn\u00e4isaineiden yhdistelm\u00e4 tekee n\u00e4ist\u00e4 siemenkakuista t\u00e4ydellisi\u00e4 lintujen terveyden ja kasvun tukemiseen. Se auttaa niit\u00e4 pysym\u00e4\u00e4n vahvoina ja aktiivisina vuodenajasta riippumatta. <\/li>\n<li>\nY<strong>mp\u00e4rivuotinen k\u00e4ytt\u00f6<\/strong> Tallow Seed Bars All Season sopii erinomaisesti kaikkiin vuodenaikoihin, joten se on luotettava ravinnonl\u00e4hde ymp\u00e4ri vuoden. T\u00e4m\u00e4 tarjoaa jatkuvaa tukea erityisesti kev\u00e4\u00e4n ja syksyn vaativina kausina. <\/li>\n<li><strong>Terveellist\u00e4 ja turvallista ruokaa<\/strong><br \/>\nLuonnolliset ainesosat ja l\u00e4mp\u00f6k\u00e4sittelyprosessi takaavat, ett\u00e4 linnut saavat turvallista ja terveellist\u00e4 ruokaa, jossa ei ole haitallisia bakteereja eik\u00e4 lis\u00e4aineita.<\/li>\n<\/ul>\n<h2>Osta Tallow Seed Bars All Season meilt\u00e4!<\/h2>\n<p>Tarjoa luonnonvaraisille linnuillesi parasta mahdollista ravintoa ymp\u00e4ri vuoden <strong>Tallow Seed Bars <\/strong>All Season -ruokinnalla. Tilaa nyt varmistaaksesi, ett\u00e4 puutarhasi linnut saavat ravitsevaa ja turvallista ravintoa kaikkina vuodenaikoina! <\/p>\n<p>&nbsp;<\/p>\n","protected":false},"excerpt":{"rendered":"<p>Koe <strong>Tallow Seed Bars All Season <\/strong>&#8211; tasapainoinen ja ravinteikas lintujen ruoka, joka sopii erinomaisesti luonnonvaraisille linnuille kaikkina vuodenaikoina.<br \/>\nSe on erityisesti suunniteltu tukemaan lintuja kev\u00e4\u00e4ll\u00e4, kes\u00e4ll\u00e4 ja syksyll\u00e4, ja se on korvaamaton pesim\u00e4aikana. <\/p>\n","protected":false},"featured_media":7439,"comment_status":"open","ping_status":"closed","template":"","meta":{"_acf_changed":false},"product_brand":[],"product_cat":[181,112,126,180],"product_tag":[],"class_list":{"0":"post-9350","1":"product","2":"type-product","3":"status-publish","4":"has-post-thumbnail","6":"product_cat-talsamin-siemenpalkki","7":"product_cat-lintujen-ruokaa","8":"product_cat-rasvasiemenseos","9":"product_cat-talimakkara","11":"first","12":"instock","13":"sale","14":"taxable","15":"shipping-taxable","16":"purchasable","17":"product-type-variable","18":"has-default-attributes"},"bundled_by":["30024"],"bundle_stock_status":"instock","bundle_stock_quantity":142,"bundle_virtual":false,"bundle_layout":"","bundle_add_to_cart_form_location":"","bundle_editable_in_cart":false,"bundle_sold_individually_context":"","bundle_item_grouping":"","bundle_min_size":"","bundle_max_size":"","bundle_price":[],"bundled_items":[],"bundle_sell_ids":[],"acf":[],"_links":{"self":[{"href":"https:\/\/pippifoder.se\/fi\/wp-json\/wp\/v2\/product\/9350","targetHints":{"allow":["GET"]}}],"collection":[{"href":"https:\/\/pippifoder.se\/fi\/wp-json\/wp\/v2\/product"}],"about":[{"href":"https:\/\/pippifoder.se\/fi\/wp-json\/wp\/v2\/types\/product"}],"replies":[{"embeddable":true,"href":"https:\/\/pippifoder.se\/fi\/wp-json\/wp\/v2\/comments?post=9350"}],"wp:featuredmedia":[{"embeddable":true,"href":"https:\/\/pippifoder.se\/fi\/wp-json\/wp\/v2\/media\/7439"}],"wp:attachment":[{"href":"https:\/\/pippifoder.se\/fi\/wp-json\/wp\/v2\/media?parent=9350"}],"wp:term":[{"taxonomy":"product_brand","embeddable":true,"href":"https:\/\/pippifoder.se\/fi\/wp-json\/wp\/v2\/product_brand?post=9350"},{"taxonomy":"product_cat","embeddable":true,"href":"https:\/\/pippifoder.se\/fi\/wp-json\/wp\/v2\/product_cat?post=9350"},{"taxonomy":"product_tag","embeddable":true,"href":"https:\/\/pippifoder.se\/fi\/wp-json\/wp\/v2\/product_tag?post=9350"}],"curies":[{"name":"wp","href":"https:\/\/api.w.org\/{rel}","templated":true}]}}