{"id":9333,"date":"2024-02-01T06:50:33","date_gmt":"2024-02-01T06:50:33","guid":{"rendered":"https:\/\/pippifoder.se\/Ei-luokiteltu\/villielainpuutarha-siili\/"},"modified":"2024-02-01T06:50:33","modified_gmt":"2024-02-01T06:50:33","slug":"villielainpuutarha-siili","status":"publish","type":"product","link":"https:\/\/pippifoder.se\/fi\/tuote\/tarvikkeet\/villielainpuutarha-siili\/","title":{"rendered":"Villiel\u00e4inpuutarha &#8211; Siili"},"content":{"rendered":"<h2>Luonnollinen koristelu veistetty\u00e4 puuta<\/h2>\n<p>  Siili, ter\u00e4v\u00e4 puutarhakaverimme, on nyt leikkis\u00e4 koriste, jota arvostavat niin nuoret kuin vanhatkin.<br \/>\nKoristeena se el\u00e4v\u00f6itt\u00e4\u00e4 sek\u00e4 kirjahylly\u00e4 ett\u00e4 sohvap\u00f6yt\u00e4\u00e4 el\u00e4v\u00e4ll\u00e4 ilmeell\u00e4\u00e4n.<br \/>\nSiili on k\u00e4sin veistetty ja siveltimell\u00e4 maalattu ymp\u00e4rist\u00f6yst\u00e4v\u00e4llisill\u00e4 v\u00e4reill\u00e4, vankkaa k\u00e4sity\u00f6t\u00e4, joka antaa jokaiselle yksil\u00f6lle pieni\u00e4 ja kauniita variaatioita.<br \/>\nPid\u00e4 siilist\u00e4si hyv\u00e4\u00e4 huolta ja puhdista se tarvittaessa kostealla liinalla.   <\/p>\n","protected":false},"excerpt":{"rendered":"<p>T\u00e4m\u00e4 piikkinen yksil\u00f6 on kodin koristeellinen elementti.<\/p>\n","protected":false},"featured_media":7064,"comment_status":"open","ping_status":"closed","template":"","meta":{"_acf_changed":false},"product_brand":[],"product_cat":[165],"product_tag":[],"class_list":{"0":"post-9333","1":"product","2":"type-product","3":"status-publish","4":"has-post-thumbnail","6":"product_cat-tarvikkeet","7":"product_shipping_class-ruotsi","9":"first","10":"outofstock","11":"taxable","12":"shipping-taxable","13":"purchasable","14":"product-type-simple"},"bundled_by":[],"bundle_stock_status":"outofstock","bundle_stock_quantity":0,"bundle_virtual":false,"bundle_layout":"","bundle_add_to_cart_form_location":"","bundle_editable_in_cart":false,"bundle_sold_individually_context":"","bundle_item_grouping":"","bundle_min_size":"","bundle_max_size":"","bundle_price":[],"bundled_items":[],"bundle_sell_ids":[],"acf":[],"_links":{"self":[{"href":"https:\/\/pippifoder.se\/fi\/wp-json\/wp\/v2\/product\/9333","targetHints":{"allow":["GET"]}}],"collection":[{"href":"https:\/\/pippifoder.se\/fi\/wp-json\/wp\/v2\/product"}],"about":[{"href":"https:\/\/pippifoder.se\/fi\/wp-json\/wp\/v2\/types\/product"}],"replies":[{"embeddable":true,"href":"https:\/\/pippifoder.se\/fi\/wp-json\/wp\/v2\/comments?post=9333"}],"wp:featuredmedia":[{"embeddable":true,"href":"https:\/\/pippifoder.se\/fi\/wp-json\/wp\/v2\/media\/7064"}],"wp:attachment":[{"href":"https:\/\/pippifoder.se\/fi\/wp-json\/wp\/v2\/media?parent=9333"}],"wp:term":[{"taxonomy":"product_brand","embeddable":true,"href":"https:\/\/pippifoder.se\/fi\/wp-json\/wp\/v2\/product_brand?post=9333"},{"taxonomy":"product_cat","embeddable":true,"href":"https:\/\/pippifoder.se\/fi\/wp-json\/wp\/v2\/product_cat?post=9333"},{"taxonomy":"product_tag","embeddable":true,"href":"https:\/\/pippifoder.se\/fi\/wp-json\/wp\/v2\/product_tag?post=9333"}],"curies":[{"name":"wp","href":"https:\/\/api.w.org\/{rel}","templated":true}]}}