{"id":9320,"date":"2024-01-31T22:38:35","date_gmt":"2024-01-31T22:38:35","guid":{"rendered":"https:\/\/pippifoder.se\/Ei-luokiteltu\/villielainpuutarha-magneetti-domherre\/"},"modified":"2025-01-27T14:08:58","modified_gmt":"2025-01-27T14:08:58","slug":"villielainpuutarha-magneetti-domherre","status":"publish","type":"product","link":"https:\/\/pippifoder.se\/fi\/tuote\/tarvikkeet\/woodbirds-fi\/wildlife-garden-decobird-fi\/villielainpuutarha-magneetti-domherre\/","title":{"rendered":"Villiel\u00e4inpuutarha &#8211; Magneetti Domherre"},"content":{"rendered":"<p>Magneetti Domherre on puusta veistetty ja k\u00e4sin maalattu el\u00e4v\u00e4n n\u00e4k\u00f6inen lintup\u00e4\u00e4 profiilissa.<br \/>\nT\u00e4ss\u00e4 j\u00e4\u00e4kaappimagneettisarjassa on kuusi DecoBirds-lintujemme inspiroimaa lintua. <\/p>\n<p>H\u00e4rk\u00e4linnusta on tullut joulun symboli Skandinaviassa, sill\u00e4 sen punainen rinta loistaa kauniisti lunta vasten.<br \/>\nTalvella se k\u00e4y mielell\u00e4\u00e4n lintup\u00f6yd\u00e4ss\u00e4, mutta sit\u00e4 voi tavata naapurustossamme ymp\u00e4ri vuoden. H\u00e4rk\u00e4lintu k\u00e4y mielell\u00e4\u00e4n puutarhan lintup\u00f6yd\u00e4ss\u00e4, kun tulee kylm\u00e4 &#8211; sen punainen rinta ja musta lakki loistavat kauniisti valkoisen lumen vastakohtana. Kev\u00e4\u00e4ll\u00e4, kes\u00e4ll\u00e4 ja syksyll\u00e4 h\u00e4rk\u00e4lintu el\u00e4\u00e4 p\u00e4\u00e4asiassa mets\u00e4ss\u00e4, jossa se sy\u00f6 siemeni\u00e4, marjoja ja silmuja. Naaras rakentaa oman pes\u00e4ns\u00e4 juurakoista ja oksista muutaman metrin korkeuteen pieneen puuhun, mieluiten kuuseen tai pensaaseen.   <\/p>\n","protected":false},"excerpt":{"rendered":"<p>Magneetti Domherre on puusta veistetty ja k\u00e4sin maalattu el\u00e4v\u00e4n n\u00e4k\u00f6inen lintup\u00e4\u00e4 profiilissa. T\u00e4ss\u00e4 j\u00e4\u00e4kaappimagneettisarjassa on kuusi DecoBirds-lintujemme inspiroimaa lintua. <\/p>\n","protected":false},"featured_media":7046,"comment_status":"open","ping_status":"closed","template":"","meta":{"_acf_changed":false},"product_brand":[],"product_cat":[145,165],"product_tag":[],"class_list":{"0":"post-9320","1":"product","2":"type-product","3":"status-publish","4":"has-post-thumbnail","6":"product_cat-wildlife-garden-decobird-fi","7":"product_cat-tarvikkeet","8":"product_shipping_class-ruotsi","10":"first","11":"outofstock","12":"taxable","13":"shipping-taxable","14":"purchasable","15":"product-type-simple"},"bundled_by":[],"bundle_stock_status":"outofstock","bundle_stock_quantity":0,"bundle_virtual":false,"bundle_layout":"","bundle_add_to_cart_form_location":"","bundle_editable_in_cart":false,"bundle_sold_individually_context":"","bundle_item_grouping":"","bundle_min_size":"","bundle_max_size":"","bundle_price":[],"bundled_items":[],"bundle_sell_ids":[],"acf":[],"_links":{"self":[{"href":"https:\/\/pippifoder.se\/fi\/wp-json\/wp\/v2\/product\/9320","targetHints":{"allow":["GET"]}}],"collection":[{"href":"https:\/\/pippifoder.se\/fi\/wp-json\/wp\/v2\/product"}],"about":[{"href":"https:\/\/pippifoder.se\/fi\/wp-json\/wp\/v2\/types\/product"}],"replies":[{"embeddable":true,"href":"https:\/\/pippifoder.se\/fi\/wp-json\/wp\/v2\/comments?post=9320"}],"wp:featuredmedia":[{"embeddable":true,"href":"https:\/\/pippifoder.se\/fi\/wp-json\/wp\/v2\/media\/7046"}],"wp:attachment":[{"href":"https:\/\/pippifoder.se\/fi\/wp-json\/wp\/v2\/media?parent=9320"}],"wp:term":[{"taxonomy":"product_brand","embeddable":true,"href":"https:\/\/pippifoder.se\/fi\/wp-json\/wp\/v2\/product_brand?post=9320"},{"taxonomy":"product_cat","embeddable":true,"href":"https:\/\/pippifoder.se\/fi\/wp-json\/wp\/v2\/product_cat?post=9320"},{"taxonomy":"product_tag","embeddable":true,"href":"https:\/\/pippifoder.se\/fi\/wp-json\/wp\/v2\/product_tag?post=9320"}],"curies":[{"name":"wp","href":"https:\/\/api.w.org\/{rel}","templated":true}]}}