{"id":9313,"date":"2024-06-17T07:10:21","date_gmt":"2024-06-17T07:10:21","guid":{"rendered":"https:\/\/pippifoder.se\/Ei-luokiteltu\/leo-wolf-rasvasiemenseos-hyonteisten-kanssa-500g\/"},"modified":"2026-04-15T12:57:58","modified_gmt":"2026-04-15T10:57:58","slug":"leo-wolf-rasvasiemenseos-hyonteisten-kanssa-500g","status":"publish","type":"product","link":"https:\/\/pippifoder.se\/fi\/tuote\/lintujen-ruokaa\/rasvasiemenseos\/leo-wolf-rasvasiemenseos-hyonteisten-kanssa-500g\/","title":{"rendered":"Leo &amp; Wolf Rasvasiemenseos hy\u00f6nteisten kanssa 500g"},"content":{"rendered":"<h2>Miksi valita rasvasiemenseos hy\u00f6nteisten kanssa?<\/h2>\n<ol>\n<li><strong>Ravitseva yhdistelm\u00e4ruokavalio<\/strong><br \/>\nThe Fat Seed Blend with Insects on t\u00e4ydellinen tasapaino korkealaatuisten siementen ja luonnollisen hy\u00f6nteisproteiinin v\u00e4lill\u00e4. T\u00e4m\u00e4 yhdistelm\u00e4 tarjoaa kattavan ravintoprofiilin, joka edist\u00e4\u00e4 lintujen yleist\u00e4 terveytt\u00e4 ja elinvoimaisuutta. <\/li>\n<li><strong>Runsaasti proteiinia sis\u00e4lt\u00e4v\u00e4 ruokavalio energiaa ja kasvua varten<\/strong><br \/>\nSeoksen sis\u00e4lt\u00e4m\u00e4t hy\u00f6nteiset tarjoavat runsaasti proteiinia lintujen lihasten rakentamisen ja energiatason tukemiseksi. T\u00e4m\u00e4 on erityisen t\u00e4rke\u00e4\u00e4 kasvu- ja lis\u00e4\u00e4ntymiskaudella, jolloin proteiinin tarve on suurin. <\/li>\n<li><strong>Joustava tarjoilu sy\u00f6tt\u00f6laitteesta tai lintulaudalta<\/strong><br \/>\nRasvasiemenseos on helppo tarjoilla riippumatta siit\u00e4, k\u00e4yt\u00e4tk\u00f6 mieluummin sy\u00f6tt\u00f6laitetta vai lintulautaa. N\u00e4in voit joustavasti mukauttaa rehua olosuhteiden ja lintujen tarpeiden mukaan. <\/li>\n<li><strong>Laadukkaat luonnolliset ainesosat<\/strong><br \/>\nK\u00e4yt\u00e4mme rasvasiemenseoksessamme vain luonnollisia ja korkealaatuisia ainesosia. Seos ei sis\u00e4ll\u00e4 keinotekoisia maku- ja v\u00e4riaineita, mik\u00e4 takaa, ett\u00e4 linnut saavat puhdasta ja terveellist\u00e4 ravintoa. <\/li>\n<li><strong>Korkea rasvapitoisuus takaa optimaalisen energiansaannin<\/strong><br \/>\nSiementen korkea rasvapitoisuus tarjoaa runsaan energianl\u00e4hteen, joka auttaa lintuja s\u00e4ilytt\u00e4m\u00e4\u00e4n energiavarastonsa erityisesti kylm\u00e4n\u00e4 ja energiaa vaativana aikana.<\/li>\n<li><strong>T\u00e4ydent\u00e4\u00e4 lajikohtaista ruokavaliota<\/strong><br \/>\nT\u00e4m\u00e4 sekoitus on suunniteltu t\u00e4ydent\u00e4m\u00e4\u00e4n lintujen luonnollista ruokavaliota ja antamaan lis\u00e4energiaa lintujen p\u00e4ivitt\u00e4isten toimintojen ja yleisen terveyden tueksi.<\/li>\n<li><strong>Houkuttelee monenlaisia lintuja<\/strong><br \/>\nSiementen ja hy\u00f6nteisten yhdistelm\u00e4 houkuttelee <strong>monenlaisia<\/strong> lintulajeja, mik\u00e4 tekee ruokintalaitteestasi suositun paikan monenlaisille luonnonvaraisille linnuille.<\/li>\n<\/ol>\n<p>&nbsp;<\/p>\n<h2>Edut luonnonvaraisille linnuille<\/h2>\n<ul>\n<li><strong>Ravitsevaa hy\u00f6nteisproteiinia<\/strong><br \/>\nSeoksen sis\u00e4lt\u00e4m\u00e4t hy\u00f6nteiset tarjoavat luonnollisen proteiinilis\u00e4n, joka tukee lintujen kasvua, terveytt\u00e4 ja energiantarvetta. T\u00e4m\u00e4 tekee siit\u00e4 ihanteellisen ravinnonl\u00e4hteen ymp\u00e4ri vuoden. <\/li>\n<li><strong>Paljon energiaa aktiivisille linnuille<\/strong><br \/>\nRunsaan siemenist\u00e4 saatavan rasvanl\u00e4hteen ansiosta t\u00e4m\u00e4 sekoitus tarjoaa energiaa, jota linnut tarvitsevat pysy\u00e4kseen aktiivisina ja tervein\u00e4 erityisesti talvikuukausina.<\/li>\n<li><strong>Helppo ja joustava ruokinta<\/strong><br \/>\nK\u00e4ytitp\u00e4 sitten ruokintap\u00f6yt\u00e4\u00e4 tai lintujen ruokintap\u00f6yt\u00e4\u00e4, t\u00e4m\u00e4n sekoituksen avulla on helppo t\u00e4ytt\u00e4\u00e4 lintujen ravinnontarpeet ja saada ne palaamaan puutarhaan.<\/li>\n<\/ul>\n<h2>Osta meilt\u00e4 rasvasiemenseos hy\u00f6nteisten kanssa!<\/h2>\n<p>Tee puutarhastasi turvapaikka luonnonvaraisille linnuille <strong>hy\u00f6nteisi\u00e4 sis\u00e4lt\u00e4v\u00e4ll\u00e4 rasvasiemenseoksellamme.<\/strong> Tilaa nyt ja tarjoa linnuille luonnollinen ja ravitseva ruokavalio, joka tukee niiden terveytt\u00e4 ja energiaa ymp\u00e4ri vuoden! <\/p>\n","protected":false},"excerpt":{"rendered":"<p>Rikastuta puutarhaasi ja tue luonnonvaraisten lintujesi terveytt\u00e4 <strong>hy\u00f6nteisi\u00e4 sis\u00e4lt\u00e4v\u00e4ll\u00e4 rasvasiemenseoksellamme.<\/strong> T\u00e4ss\u00e4 ravitsevassa rehuseoksessa yhdistyv\u00e4t laadukkaat siemenet ja proteiinipitoiset hy\u00f6nteiset, mik\u00e4 tarjoaa optimaalisen ruokavalion, joka t\u00e4ydent\u00e4\u00e4 lintujen luonnollisia ravitsemustarpeita. <\/p>\n","protected":false},"featured_media":7451,"comment_status":"open","ping_status":"closed","template":"","meta":{"_acf_changed":false},"product_brand":[],"product_cat":[126,205,112],"product_tag":[],"class_list":{"0":"post-9313","1":"product","2":"type-product","3":"status-publish","4":"has-post-thumbnail","6":"product_cat-rasvasiemenseos","7":"product_cat-jauhomato","8":"product_cat-lintujen-ruokaa","10":"first","11":"instock","12":"sale","13":"taxable","14":"shipping-taxable","15":"purchasable","16":"product-type-variable","17":"has-default-attributes"},"bundled_by":[],"bundle_stock_status":"instock","bundle_stock_quantity":91,"bundle_virtual":false,"bundle_layout":"","bundle_add_to_cart_form_location":"","bundle_editable_in_cart":false,"bundle_sold_individually_context":"","bundle_item_grouping":"","bundle_min_size":"","bundle_max_size":"","bundle_price":[],"bundled_items":[],"bundle_sell_ids":[],"acf":[],"_links":{"self":[{"href":"https:\/\/pippifoder.se\/fi\/wp-json\/wp\/v2\/product\/9313","targetHints":{"allow":["GET"]}}],"collection":[{"href":"https:\/\/pippifoder.se\/fi\/wp-json\/wp\/v2\/product"}],"about":[{"href":"https:\/\/pippifoder.se\/fi\/wp-json\/wp\/v2\/types\/product"}],"replies":[{"embeddable":true,"href":"https:\/\/pippifoder.se\/fi\/wp-json\/wp\/v2\/comments?post=9313"}],"wp:featuredmedia":[{"embeddable":true,"href":"https:\/\/pippifoder.se\/fi\/wp-json\/wp\/v2\/media\/7451"}],"wp:attachment":[{"href":"https:\/\/pippifoder.se\/fi\/wp-json\/wp\/v2\/media?parent=9313"}],"wp:term":[{"taxonomy":"product_brand","embeddable":true,"href":"https:\/\/pippifoder.se\/fi\/wp-json\/wp\/v2\/product_brand?post=9313"},{"taxonomy":"product_cat","embeddable":true,"href":"https:\/\/pippifoder.se\/fi\/wp-json\/wp\/v2\/product_cat?post=9313"},{"taxonomy":"product_tag","embeddable":true,"href":"https:\/\/pippifoder.se\/fi\/wp-json\/wp\/v2\/product_tag?post=9313"}],"curies":[{"name":"wp","href":"https:\/\/api.w.org\/{rel}","templated":true}]}}