{"id":9309,"date":"2024-06-24T09:34:59","date_gmt":"2024-06-24T09:34:59","guid":{"rendered":"https:\/\/pippifoder.se\/Ei-luokiteltu\/leo-wolf-tallow-seed-bar-marja-600g\/"},"modified":"2026-04-15T12:57:30","modified_gmt":"2026-04-15T10:57:30","slug":"leo-wolf-tallow-seed-bar-marja-600g","status":"publish","type":"product","link":"https:\/\/pippifoder.se\/fi\/tuote\/lintujen-ruokaa\/talsamin-siemenpalkki\/leo-wolf-tallow-seed-bar-marja-600g\/","title":{"rendered":"Leo &amp; Wolf Tallow Seed Bar &#8211; Marja 600g"},"content":{"rendered":"<h2>Miksi valita Tallow Seed Bar Berry?<\/h2>\n<ol>\n<li><strong>Nutritious Dried Berries<\/strong><br \/>\nFat Seed Blend Berry on rikastettu kuivatuilla marjoilla, jotka tarjoavat t\u00e4rkeit\u00e4 vitamiineja ja kivenn\u00e4isaineita. Marjat sis\u00e4lt\u00e4v\u00e4t luonnollisia antioksidantteja, jotka tukevat lintujen immuunij\u00e4rjestelm\u00e4\u00e4 ja yleist\u00e4 terveytt\u00e4, mik\u00e4 tekee t\u00e4st\u00e4 sekoituksesta erinomaisen lis\u00e4yksen lintujen ruokavalioon. <\/li>\n<li><strong>Korkea rasvapitoisuus takaa maksimaalisen energiam\u00e4\u00e4r\u00e4n<\/strong><br \/>\nT\u00e4m\u00e4 65 %:n rasvapitoisuuden omaava sekoitus tarjoaa tehokkaan energial\u00e4hteen, joka auttaa lintuja muodostamaan ja yll\u00e4pit\u00e4m\u00e4\u00e4n energiavarastoja, jotka ovat v\u00e4ltt\u00e4m\u00e4tt\u00f6mi\u00e4 kylmist\u00e4 talvikuukausista selviytymiselle. Korkea rasvapitoisuus on helposti sulavaa ja muuttuu nopeasti energiaksi. <\/li>\n<li><strong>Ei ep\u00e4eettist\u00e4 palmu\u00f6ljy\u00e4<\/strong><br \/>\nKest\u00e4v\u00e4n ja eettisen tuotteen varmistamiseksi Tallow Seed Berry ei sis\u00e4ll\u00e4 palmu\u00f6ljy\u00e4. T\u00e4m\u00e4 antaa sinulle mielenrauhan siit\u00e4, ett\u00e4 ruokit lintujasi tuotteella, joka on hell\u00e4varainen niille ja ymp\u00e4rist\u00f6lle. <\/li>\n<li><strong>Turvallinen ja hygieeninen pakkaus<\/strong><br \/>\nSeos on verkkoa sis\u00e4lt\u00e4m\u00e4t\u00f6n ja l\u00e4mp\u00f6k\u00e4sitelty, jolloin lintujen kiinnij\u00e4\u00e4misen riski on poissuljettu ja bakteeririski minimoitu. Se ei my\u00f6sk\u00e4\u00e4n sis\u00e4ll\u00e4 siemenkuoria, joten ruokinta-alue on helppo pit\u00e4\u00e4 puhtaana ja hygieenisen\u00e4. <\/li>\n<li><strong>Made in Finland with Natural Ingredients<\/strong><br \/>\nTallow Seed Berry on valmistettu Suomessa luonnollisista ja korkealaatuisista raaka-aineista. Se on vapaa keinotekoisista aromi- ja v\u00e4riaineista, mik\u00e4 takaa linnuille puhtaan ja terveellisen ruokavalion. <\/li>\n<li><strong>Helppo ripustaa ja ruokkia<\/strong><br \/>\nVarustettu rei&#8217;ill\u00e4, jotka on helppo ripustaa puihin, pensaisiin tai lintujen ruokintapaikkoihin, joten lintujen ruokkiminen on k\u00e4tev\u00e4\u00e4 miss\u00e4 tahansa.<\/li>\n<li><strong>Kehitetty lintujen hyvinvointia silm\u00e4ll\u00e4 pit\u00e4en<\/strong><br \/>\nRasvasiemenseoksen jokainen osa-alue on suunniteltu lintujen parasta ajatellen, jotta niill\u00e4 olisi turvallinen ja ravitseva ravinnonl\u00e4hde, joka tukee niiden hyvinvointia ymp\u00e4ri vuoden.<\/li>\n<\/ol>\n<h2>Edut luonnonvaraisille linnuille<\/h2>\n<ul>\n<li><strong>Marjoista saatavat v\u00e4ltt\u00e4m\u00e4tt\u00f6m\u00e4t ravintoaineet<\/strong><br \/>\nKuivatut marjat sis\u00e4lt\u00e4v\u00e4t luonnollisia antioksidantteja, vitamiineja ja kivenn\u00e4isaineita, jotka edist\u00e4v\u00e4t lintujen terveytt\u00e4 ja vahvistavat immuunij\u00e4rjestelm\u00e4\u00e4.<\/li>\n<li><strong>Paljon energiaa talvikuukausiksi<\/strong><br \/>\nKorkea rasvapitoisuus antaa energiaa, jota pienet linnut tarvitsevat selviyty\u00e4kseen kylmist\u00e4 ja haastavista talviolosuhteista.<\/li>\n<li><strong>Puhdas ja turvallinen ruokinta<\/strong><br \/>\nVerkkovapaa ja l\u00e4mp\u00f6k\u00e4sitelty kaava takaa hygieenisen ruokinnan ja minimoi bakteeririskin, joten ruokinta-alue on helppo pit\u00e4\u00e4 puhtaana.<\/li>\n<\/ul>\n<h2>Osta Tallow Seed Bar Berry meilt\u00e4!<\/h2>\n<p>Auta luonnonvaraisia lintujasi pysym\u00e4\u00e4n tervein\u00e4 ja virkein\u00e4 mokkapatukalla <strong>Berry.<\/strong> Tilaa nyt ja anna linnuillesi laadukas, ravinteikas ravinnonl\u00e4hde, joka tukee niiden terveytt\u00e4 ja elinvoimaisuutta ymp\u00e4ri vuoden! <\/p>\n","protected":false},"excerpt":{"rendered":"<p>Tarjoa luonnonvaraisille linnuillesi herkullista ja ravitsevaa ruokaa <strong>Tallow Seed Bar Berryn<\/strong> avulla <strong>.<\/strong> T\u00e4ss\u00e4 korkealaatuisessa rehuseoksessa yhdistyv\u00e4t runsasrasvaiset ja runsasenergiset siemenet sek\u00e4 ravitsevat kuivatut marjat, joten se sopii t\u00e4ydellisesti lintujen korkeaan energiantarpeeseen vaativissa talviolosuhteissa. <\/p>\n","protected":false},"featured_media":7463,"comment_status":"open","ping_status":"closed","template":"","meta":{"_acf_changed":false},"product_brand":[],"product_cat":[181,112,126,180],"product_tag":[],"class_list":{"0":"post-9309","1":"product","2":"type-product","3":"status-publish","4":"has-post-thumbnail","6":"product_cat-talsamin-siemenpalkki","7":"product_cat-lintujen-ruokaa","8":"product_cat-rasvasiemenseos","9":"product_cat-talimakkara","11":"first","12":"instock","13":"sale","14":"taxable","15":"shipping-taxable","16":"purchasable","17":"product-type-variable","18":"has-default-attributes"},"bundled_by":["30024"],"bundle_stock_status":"instock","bundle_stock_quantity":270,"bundle_virtual":false,"bundle_layout":"","bundle_add_to_cart_form_location":"","bundle_editable_in_cart":false,"bundle_sold_individually_context":"","bundle_item_grouping":"","bundle_min_size":"","bundle_max_size":"","bundle_price":[],"bundled_items":[],"bundle_sell_ids":[],"acf":[],"_links":{"self":[{"href":"https:\/\/pippifoder.se\/fi\/wp-json\/wp\/v2\/product\/9309","targetHints":{"allow":["GET"]}}],"collection":[{"href":"https:\/\/pippifoder.se\/fi\/wp-json\/wp\/v2\/product"}],"about":[{"href":"https:\/\/pippifoder.se\/fi\/wp-json\/wp\/v2\/types\/product"}],"replies":[{"embeddable":true,"href":"https:\/\/pippifoder.se\/fi\/wp-json\/wp\/v2\/comments?post=9309"}],"wp:featuredmedia":[{"embeddable":true,"href":"https:\/\/pippifoder.se\/fi\/wp-json\/wp\/v2\/media\/7463"}],"wp:attachment":[{"href":"https:\/\/pippifoder.se\/fi\/wp-json\/wp\/v2\/media?parent=9309"}],"wp:term":[{"taxonomy":"product_brand","embeddable":true,"href":"https:\/\/pippifoder.se\/fi\/wp-json\/wp\/v2\/product_brand?post=9309"},{"taxonomy":"product_cat","embeddable":true,"href":"https:\/\/pippifoder.se\/fi\/wp-json\/wp\/v2\/product_cat?post=9309"},{"taxonomy":"product_tag","embeddable":true,"href":"https:\/\/pippifoder.se\/fi\/wp-json\/wp\/v2\/product_tag?post=9309"}],"curies":[{"name":"wp","href":"https:\/\/api.w.org\/{rel}","templated":true}]}}