{"id":9305,"date":"2024-06-24T09:52:17","date_gmt":"2024-06-24T09:52:17","guid":{"rendered":"https:\/\/pippifoder.se\/Ei-luokiteltu\/leowolf-lintujen-ruokintalaite-rasvainen-siemenseos-hyonteisten-kanssa-225g\/"},"modified":"2026-04-15T12:57:07","modified_gmt":"2026-04-15T10:57:07","slug":"leowolf-lintujen-ruokintalaite-rasvainen-siemenseos-hyonteisten-kanssa-225g","status":"publish","type":"product","link":"https:\/\/pippifoder.se\/fi\/tuote\/lintujen-ruokinta\/linnunsyottolaite-linnunsiemenia-varten\/leowolf-lintujen-ruokintalaite-rasvainen-siemenseos-hyonteisten-kanssa-225g\/","title":{"rendered":"Leo&amp;Wolf Lintujen ruokintalaite rasvainen siemenseos hy\u00f6nteisten kanssa 225g"},"content":{"rendered":"<h2>Miksi valita lintujen ruokintalaite, jossa on rasvasiemeni\u00e4 ja hy\u00f6nteisi\u00e4?<\/h2>\n<ol>\n<li>\nS<strong>is\u00e4lt\u00e4\u00e4 225 g ravitsevaa rasvasiemenseosta<\/strong> Jokainen linnunruokkija on pakattu 225 grammaan korkealaatuista<strong>hy\u00f6nteisrasvasiemenseosta<\/strong>. T\u00e4m\u00e4 sekoitus sis\u00e4lt\u00e4\u00e4 runsaasti luonnollista hy\u00f6nteisproteiinia ja energiaa, joten se on ihanteellinen luonnonvaraisten lintujen p\u00e4ivitt\u00e4isen ravinnontarpeen tyydytt\u00e4miseen. <\/li>\n<li>\nK<strong>est\u00e4v\u00e4 ja ymp\u00e4rist\u00f6yst\u00e4v\u00e4llinen muotoilu<\/strong> T\u00e4m\u00e4 kierr\u00e4tysmuovista valmistettu lintujen ruokinta on sek\u00e4 kest\u00e4v\u00e4 ett\u00e4 ymp\u00e4rist\u00f6yst\u00e4v\u00e4llinen. Vankka rakenne takaa pitk\u00e4aikaisen k\u00e4yt\u00f6n ja minimoi j\u00e4tteen m\u00e4\u00e4r\u00e4n, joten se on kest\u00e4v\u00e4 valinta ymp\u00e4rist\u00f6tietoisille lintujen yst\u00e4ville. <\/li>\n<li>\nH<strong>elppo ripustaa ja k\u00e4ytt\u00e4\u00e4<\/strong> Helppoa asennusta varten suunniteltu linnunruokinta voidaan ripustaa nopeasti puihin, pylv\u00e4isiin tai parvekkeille. Se on k\u00e4ytt\u00f6valmis heti laatikosta, joten voit aloittaa ravitsevan ruoan sy\u00f6tt\u00e4misen linnuillesi hetkess\u00e4. <\/li>\n<li><strong>Uudelleenk\u00e4ytett\u00e4v\u00e4 sy\u00f6tt\u00f6laite pitk\u00e4aikaiseen k\u00e4ytt\u00f6\u00f6n<\/strong><br \/>\nT\u00e4m\u00e4 sy\u00f6tt\u00f6laite ei ole vain kertaratkaisu, vaan se on suunniteltu <strong>uudelleenk\u00e4ytett\u00e4v\u00e4ksi 500 g rasvasiemenseoksemme kanssa, jossa<\/strong> on hy\u00f6nteisi\u00e4. N\u00e4in linnut on helppo pit\u00e4\u00e4 jatkuvasti ruokittuina ja samalla pienent\u00e4\u00e4 ekologista jalanj\u00e4lke\u00e4si. <\/li>\n<li>\nT<strong>urvallinen ja hygieeninen ruokinta<\/strong> Sy\u00f6tt\u00f6laitteessa oleva rasvasiemenseos on l\u00e4mp\u00f6k\u00e4sitelty haitallisten bakteerien riskin eliminoimiseksi, joten lintujen on turvallista sy\u00f6d\u00e4 ruokaa. Verkoton rakenne est\u00e4\u00e4 lintujen juuttumisen ruokintaan ja tekee ruokinta-alueesta puhtaamman. <\/li>\n<li>\nO<strong>ptimoitu kaikenkokoisille linnuille<\/strong> T\u00e4m\u00e4 ruokintalaite on suunniteltu sopimaan eri lintulajeille, joten se on monipuolinen lis\u00e4 lintujen ruokintapaikalle. Houkuttelitpa sitten pieni\u00e4 lintuja tai suurempia lajeja, annostelija tarjoaa turvallisen ja helposti saatavilla olevan ruoanl\u00e4hteen. <\/li>\n<\/ol>\n<h2>Edut luonnonvaraisille linnuille<\/h2>\n<ul>\n<li>\nL<strong>uonnollinen hy\u00f6nteisproteiini ja energia<\/strong> Hy\u00f6nteisrasvasiemenseos tarjoaa luonnollisen proteiinin ja energian l\u00e4hteen, joka tukee lintujen terveytt\u00e4, lihasten kehityst\u00e4 ja yleist\u00e4 elinvoimaa.<\/li>\n<li>\nK<strong>est\u00e4v\u00e4 ja ymp\u00e4rist\u00f6yst\u00e4v\u00e4llinen ruokkija<\/strong> T\u00e4m\u00e4 kierr\u00e4tysmuovista valmistettu lintujen ruokkija auttaa v\u00e4hent\u00e4m\u00e4\u00e4n muovij\u00e4tett\u00e4 ja tukemaan kest\u00e4v\u00e4\u00e4 el\u00e4m\u00e4ntapaa samalla kun se tarjoaa luotettavan ruokintaratkaisun.<\/li>\n<li>\nT<strong>urvallinen ruokintapaikka<\/strong> Verkottoman rakenteen ja l\u00e4mp\u00f6k\u00e4sitellyn sekoituksen ansiosta annostelija tarjoaa turvallisen ja hygieenisen ruokintaymp\u00e4rist\u00f6n, joka takaa linnuille turvallisen ja terveellisen ruokintal\u00e4hteen.<\/li>\n<\/ul>\n<h2>Tilaa Birdfeeder-rasvasiemenseos hy\u00f6nteisten kanssa jo t\u00e4n\u00e4\u00e4n!<\/h2>\n<p>Tee lintujen ruokkimisesta helppoa ja kest\u00e4v\u00e4\u00e4 toimintaa <strong>hy\u00f6nteisi\u00e4 sis\u00e4lt\u00e4v\u00e4ll\u00e4 lintujen ruokintarehun rasvasiemenseoksellamme<\/strong>. Tilaa nyt ja tarjoa luonnonvaraisille linnuillesi ravitsevaa ja turvallista ruokintaa, joka tukee niiden terveytt\u00e4 ja energiaa! <\/p>\n","protected":false},"excerpt":{"rendered":"<p>L\u00f6yd\u00e4 tehokas ja ymp\u00e4rist\u00f6yst\u00e4v\u00e4llinen ratkaisu luonnonvaraisten lintujesi ruokkimiseen <strong>lintujen sy\u00f6tt\u00f6laitteen rasvasiemenseoksella, jossa on hy\u00f6nteisi\u00e4<\/strong>.<br \/>\nT\u00e4ss\u00e4 k\u00e4yt\u00e4nn\u00f6llisess\u00e4 linnunruokinnassa yhdistyv\u00e4t kest\u00e4v\u00e4 muotoilu ja ravitseva rasvasiemenseos, mink\u00e4 ansiosta lintujen terveytt\u00e4 ja energiaa on helppo tukea ymp\u00e4ri vuoden. <\/p>\n","protected":false},"featured_media":7454,"comment_status":"open","ping_status":"closed","template":"","meta":{"_acf_changed":false},"product_brand":[],"product_cat":[171,205,112,174,126],"product_tag":[],"class_list":{"0":"post-9305","1":"product","2":"type-product","3":"status-publish","4":"has-post-thumbnail","6":"product_cat-linnunsyottolaite-linnunsiemenia-varten","7":"product_cat-jauhomato","8":"product_cat-lintujen-ruokaa","9":"product_cat-lintujen-ruokinta","10":"product_cat-rasvasiemenseos","12":"first","13":"outofstock","14":"taxable","15":"shipping-taxable","16":"purchasable","17":"product-type-simple"},"bundled_by":[],"bundle_stock_status":"outofstock","bundle_stock_quantity":0,"bundle_virtual":false,"bundle_layout":"","bundle_add_to_cart_form_location":"","bundle_editable_in_cart":false,"bundle_sold_individually_context":"","bundle_item_grouping":"","bundle_min_size":"","bundle_max_size":"","bundle_price":[],"bundled_items":[],"bundle_sell_ids":[],"acf":[],"_links":{"self":[{"href":"https:\/\/pippifoder.se\/fi\/wp-json\/wp\/v2\/product\/9305","targetHints":{"allow":["GET"]}}],"collection":[{"href":"https:\/\/pippifoder.se\/fi\/wp-json\/wp\/v2\/product"}],"about":[{"href":"https:\/\/pippifoder.se\/fi\/wp-json\/wp\/v2\/types\/product"}],"replies":[{"embeddable":true,"href":"https:\/\/pippifoder.se\/fi\/wp-json\/wp\/v2\/comments?post=9305"}],"wp:featuredmedia":[{"embeddable":true,"href":"https:\/\/pippifoder.se\/fi\/wp-json\/wp\/v2\/media\/7454"}],"wp:attachment":[{"href":"https:\/\/pippifoder.se\/fi\/wp-json\/wp\/v2\/media?parent=9305"}],"wp:term":[{"taxonomy":"product_brand","embeddable":true,"href":"https:\/\/pippifoder.se\/fi\/wp-json\/wp\/v2\/product_brand?post=9305"},{"taxonomy":"product_cat","embeddable":true,"href":"https:\/\/pippifoder.se\/fi\/wp-json\/wp\/v2\/product_cat?post=9305"},{"taxonomy":"product_tag","embeddable":true,"href":"https:\/\/pippifoder.se\/fi\/wp-json\/wp\/v2\/product_tag?post=9305"}],"curies":[{"name":"wp","href":"https:\/\/api.w.org\/{rel}","templated":true}]}}