{"id":9300,"date":"2024-01-31T16:30:38","date_gmt":"2024-01-31T16:30:38","guid":{"rendered":"https:\/\/pippifoder.se\/Ei-luokiteltu\/villielainpuutarha-punainen-orava\/"},"modified":"2024-01-31T16:30:38","modified_gmt":"2024-01-31T16:30:38","slug":"villielainpuutarha-punainen-orava","status":"publish","type":"product","link":"https:\/\/pippifoder.se\/fi\/tuote\/tarvikkeet\/villielainpuutarha-punainen-orava\/","title":{"rendered":"Villiel\u00e4inpuutarha &#8211; Punainen orava"},"content":{"rendered":"<h2>K\u00e4sin veistetty orava<\/h2>\n<p>  Orava on veistetty puusta ja maalattu luontoyst\u00e4v\u00e4llisill\u00e4 v\u00e4reill\u00e4.<br \/>\nSe on osa k\u00e4sin veistettyjen el\u00e4inten sarjaa, meill\u00e4 on my\u00f6s j\u00e4nis, sammakko ja myyr\u00e4.<br \/>\nYhdess\u00e4 ne muodostavat ryhm\u00e4n, joka voi luoda tunnelmaa huoneeseen.    <\/p>\n<h3>Tietoja oravasta<\/h3>\n<p>  Orava on jyrsij\u00e4, joka el\u00e4\u00e4 p\u00e4\u00e4asiassa puissa.<br \/>\nSe kasvaa 24-30 cm:n pituiseksi, ja sill\u00e4 on suuri, puskamainen h\u00e4nt\u00e4, jota se k\u00e4ytt\u00e4\u00e4 tasapainottamiseen.<br \/>\nOrava on \u00e4lyk\u00e4s ja kekseli\u00e4s, mutta se voi unohtaa, minne se on piilottanut ruokansa, joka voi olla tammenterhoja, p\u00e4hkin\u00f6it\u00e4, marjoja, sieni\u00e4 tai linnunmunia.<br \/>\nNe el\u00e4v\u00e4t yksin, mutta kylm\u00e4ll\u00e4 s\u00e4\u00e4ll\u00e4 ne saattavat kokoontua hyl\u00e4ttyyn pes\u00e4\u00e4n pysy\u00e4kseen l\u00e4mpim\u00e4n\u00e4.<br \/>\nPunaoravaa tavataan p\u00e4\u00e4asiassa Euroopassa ja Aasiassa.    <\/p>\n","protected":false},"excerpt":{"rendered":"<p>S\u00f6p\u00f6 orava voi olla upea lis\u00e4 sisustukseen, tuoda luontoa huoneeseen ja luoda rauhallisen tilan.<\/p>\n","protected":false},"featured_media":6998,"comment_status":"open","ping_status":"closed","template":"","meta":{"_acf_changed":false},"product_brand":[],"product_cat":[165],"product_tag":[],"class_list":{"0":"post-9300","1":"product","2":"type-product","3":"status-publish","4":"has-post-thumbnail","6":"product_cat-tarvikkeet","7":"product_shipping_class-ruotsi","9":"first","10":"outofstock","11":"taxable","12":"shipping-taxable","13":"purchasable","14":"product-type-simple"},"bundled_by":[],"bundle_stock_status":"outofstock","bundle_stock_quantity":0,"bundle_virtual":false,"bundle_layout":"","bundle_add_to_cart_form_location":"","bundle_editable_in_cart":false,"bundle_sold_individually_context":"","bundle_item_grouping":"","bundle_min_size":"","bundle_max_size":"","bundle_price":[],"bundled_items":[],"bundle_sell_ids":[],"acf":[],"_links":{"self":[{"href":"https:\/\/pippifoder.se\/fi\/wp-json\/wp\/v2\/product\/9300","targetHints":{"allow":["GET"]}}],"collection":[{"href":"https:\/\/pippifoder.se\/fi\/wp-json\/wp\/v2\/product"}],"about":[{"href":"https:\/\/pippifoder.se\/fi\/wp-json\/wp\/v2\/types\/product"}],"replies":[{"embeddable":true,"href":"https:\/\/pippifoder.se\/fi\/wp-json\/wp\/v2\/comments?post=9300"}],"wp:featuredmedia":[{"embeddable":true,"href":"https:\/\/pippifoder.se\/fi\/wp-json\/wp\/v2\/media\/6998"}],"wp:attachment":[{"href":"https:\/\/pippifoder.se\/fi\/wp-json\/wp\/v2\/media?parent=9300"}],"wp:term":[{"taxonomy":"product_brand","embeddable":true,"href":"https:\/\/pippifoder.se\/fi\/wp-json\/wp\/v2\/product_brand?post=9300"},{"taxonomy":"product_cat","embeddable":true,"href":"https:\/\/pippifoder.se\/fi\/wp-json\/wp\/v2\/product_cat?post=9300"},{"taxonomy":"product_tag","embeddable":true,"href":"https:\/\/pippifoder.se\/fi\/wp-json\/wp\/v2\/product_tag?post=9300"}],"curies":[{"name":"wp","href":"https:\/\/api.w.org\/{rel}","templated":true}]}}