{"id":9292,"date":"2024-06-24T18:07:32","date_gmt":"2024-06-24T18:07:32","guid":{"rendered":"https:\/\/pippifoder.se\/Ei-luokiteltu\/puinen-linnunpontto-kiristyshihnalla-ilman-nauloja-32mm\/"},"modified":"2026-04-16T16:35:08","modified_gmt":"2026-04-16T14:35:08","slug":"puinen-linnunpontto-kiristyshihnalla-ilman-nauloja-32mm","status":"publish","type":"product","link":"https:\/\/pippifoder.se\/fi\/tuote\/linnunpesa\/puinen-linnunpontto-kiristyshihnalla-ilman-nauloja-32mm\/","title":{"rendered":"Puinen linnunp\u00f6ntt\u00f6 kiristyshihnalla (ilman nauloja) &#8211; 32mm"},"content":{"rendered":"<h2>Ainutlaatuinen linnunp\u00f6ntt\u00f6<\/h2>\n<figure id=\"attachment_7472\" aria-describedby=\"caption-attachment-7472\" style=\"width: 225px\" class=\"wp-caption alignleft\"><img loading=\"lazy\" decoding=\"async\" class=\"wp-image-5299 size-medium\" src=\"https:\/\/pippifoder.se\/app\/uploads\/2024\/06\/Fagelholks_konstruktor-225x300.jpg\" alt=\"Linnunp\u00f6nt\u00f6n suunnittelija ty\u00f6pajassaan\" width=\"225\" height=\"300\" title=\"\" srcset=\"https:\/\/pippifoder.se\/app\/uploads\/2024\/06\/Fagelholks_konstruktor-225x300.jpg 225w, https:\/\/pippifoder.se\/app\/uploads\/2024\/06\/Fagelholks_konstruktor-scaled-300x400.jpg 300w, https:\/\/pippifoder.se\/app\/uploads\/2024\/06\/Fagelholks_konstruktor-scaled-600x800.jpg 600w, https:\/\/pippifoder.se\/app\/uploads\/2024\/06\/Fagelholks_konstruktor-768x1024.jpg 768w, https:\/\/pippifoder.se\/app\/uploads\/2024\/06\/Fagelholks_konstruktor-1152x1536.jpg 1152w, https:\/\/pippifoder.se\/app\/uploads\/2024\/06\/Fagelholks_konstruktor-1536x2048.jpg 1536w, https:\/\/pippifoder.se\/app\/uploads\/2024\/06\/Fagelholks_konstruktor-700x933.jpg 700w, https:\/\/pippifoder.se\/app\/uploads\/2024\/06\/Fagelholks_konstruktor-360x480.jpg 360w, https:\/\/pippifoder.se\/app\/uploads\/2024\/06\/Fagelholks_konstruktor-250x333.jpg 250w, https:\/\/pippifoder.se\/app\/uploads\/2024\/06\/Fagelholks_konstruktor-120x160.jpg 120w, https:\/\/pippifoder.se\/app\/uploads\/2024\/06\/Fagelholks_konstruktor-512x683.jpg 512w, https:\/\/pippifoder.se\/app\/uploads\/2024\/06\/Fagelholks_konstruktor-1280x1707.jpg 1280w, https:\/\/pippifoder.se\/app\/uploads\/2024\/06\/Fagelholks_konstruktor-1320x1760.jpg 1320w, https:\/\/pippifoder.se\/app\/uploads\/2024\/06\/Fagelholks_konstruktor-scaled.jpg 1920w\" sizes=\"auto, (max-width: 225px) 100vw, 225px\" \/><figcaption id=\"caption-attachment-7472\" class=\"wp-caption-text\">T\u00e4m\u00e4n innovatiivisen premium-pes\u00e4kotelon valmistaa pieness\u00e4 mittakaavassa Bernt Paulson S\u00e4ffless\u00e4, joka suunnittelee ja rakentaa linnunp\u00f6nt\u00f6t.<\/figcaption><\/figure>\n<p>&nbsp;<\/p>\n<p>&nbsp;<\/p>\n<p>&nbsp;<\/p>\n","protected":false},"excerpt":{"rendered":"<p>Puinen linnunp\u00f6ntt\u00f6, jossa on kiristyshihna, jonka avulla voit kiinnitt\u00e4\u00e4 linnunp\u00f6nt\u00f6n <strong>naulaamatta puuta<\/strong>. Kun puun ymp\u00e4rille pujotetaan kaksi joustavaa hihnaa, joita voidaan s\u00e4\u00e4t\u00e4\u00e4 puun kasvaessa, se on todella hell\u00e4varainen puulle. Lis\u00e4ksi helppo puhdistaa, kun koko etuosa voidaan avata taittamalla tappi pois. Katto on p\u00e4\u00e4llystetty kattohuovalla. Sis\u00e4\u00e4nk\u00e4yntiaukko on 35mm ja se sopii mm. p\u00e4hkin\u00e4pensaselle, harmaavarpuselle, pitk\u00e4sorsalle ja kultarastaanille.    <\/p>\n","protected":false},"featured_media":7466,"comment_status":"open","ping_status":"closed","template":"","meta":{"_acf_changed":false},"product_brand":[],"product_cat":[123,570],"product_tag":[],"class_list":{"0":"post-9292","1":"product","2":"type-product","3":"status-publish","4":"has-post-thumbnail","6":"product_cat-linnunpesa","7":"product_cat-joululahjaideoita-lintujen-ystaville-vuonna-2025","9":"first","10":"instock","11":"taxable","12":"shipping-taxable","13":"purchasable","14":"product-type-simple"},"bundled_by":[],"bundle_stock_status":"instock","bundle_stock_quantity":null,"bundle_virtual":false,"bundle_layout":"","bundle_add_to_cart_form_location":"","bundle_editable_in_cart":false,"bundle_sold_individually_context":"","bundle_item_grouping":"","bundle_min_size":"","bundle_max_size":"","bundle_price":[],"bundled_items":[],"bundle_sell_ids":[],"acf":[],"_links":{"self":[{"href":"https:\/\/pippifoder.se\/fi\/wp-json\/wp\/v2\/product\/9292","targetHints":{"allow":["GET"]}}],"collection":[{"href":"https:\/\/pippifoder.se\/fi\/wp-json\/wp\/v2\/product"}],"about":[{"href":"https:\/\/pippifoder.se\/fi\/wp-json\/wp\/v2\/types\/product"}],"replies":[{"embeddable":true,"href":"https:\/\/pippifoder.se\/fi\/wp-json\/wp\/v2\/comments?post=9292"}],"wp:featuredmedia":[{"embeddable":true,"href":"https:\/\/pippifoder.se\/fi\/wp-json\/wp\/v2\/media\/7466"}],"wp:attachment":[{"href":"https:\/\/pippifoder.se\/fi\/wp-json\/wp\/v2\/media?parent=9292"}],"wp:term":[{"taxonomy":"product_brand","embeddable":true,"href":"https:\/\/pippifoder.se\/fi\/wp-json\/wp\/v2\/product_brand?post=9292"},{"taxonomy":"product_cat","embeddable":true,"href":"https:\/\/pippifoder.se\/fi\/wp-json\/wp\/v2\/product_cat?post=9292"},{"taxonomy":"product_tag","embeddable":true,"href":"https:\/\/pippifoder.se\/fi\/wp-json\/wp\/v2\/product_tag?post=9292"}],"curies":[{"name":"wp","href":"https:\/\/api.w.org\/{rel}","templated":true}]}}