{"id":9285,"date":"2024-06-28T10:17:40","date_gmt":"2024-06-28T10:17:40","guid":{"rendered":"https:\/\/pippifoder.se\/Ei-luokiteltu\/villiintyneiden-lintujen-sekoitus-15kg\/"},"modified":"2026-04-15T12:57:34","modified_gmt":"2026-04-15T10:57:34","slug":"villiintyneiden-lintujen-sekoitus-15kg","status":"publish","type":"product","link":"https:\/\/pippifoder.se\/fi\/tuote\/lintujen-ruokaa\/wild-bird-mix\/villiintyneiden-lintujen-sekoitus-15kg\/","title":{"rendered":"Villiintyneiden lintujen sekoitus 15kg"},"content":{"rendered":"<h2>Terveellinen ja monipuolinen rehu luonnonvaraisille linnuille<\/h2>\n<p><strong>Villiintyneiden lintujen ruokasekoituksemme sis\u00e4lt\u00e4\u00e4<\/strong> tarkoin valittuja ainesosia, kuten vehn\u00e4\u00e4, murskattua maissia, durraa, mustia auringonkukansiemeni\u00e4 ja hirssi\u00e4. Jokaisella t\u00e4m\u00e4n sekoituksen ainesosalla on t\u00e4rke\u00e4 rooli luonnonvaraisten lintujen ravitsemustarpeiden t\u00e4ytt\u00e4misess\u00e4: <\/p>\n<ul>\n<li><strong>Vehn\u00e4 &#8211;<\/strong> Vehn\u00e4 tarjoaa runsaasti hiilihydraatteja ja proteiineja, jotka edist\u00e4v\u00e4t lintujen energiatasoa ja lihasten rakentumista. Vehn\u00e4\u00e4 on helppo sy\u00f6d\u00e4 ja sulattaa, mink\u00e4 vuoksi se on monien lintulajien suosiossa. <\/li>\n<li><strong>Murskattu maissi &#8211;<\/strong> Murskattu maissi on ravinteikas energianl\u00e4hde, ja se antaa linnuille v\u00e4ltt\u00e4m\u00e4tt\u00f6mi\u00e4 rasvoja ja \u00f6ljyj\u00e4, jotka ovat elint\u00e4rkeit\u00e4 niiden h\u00f6yhenpeitteelle ja yleisterveydelle. Sit\u00e4 arvostavat erityisesti suuremmat lintulajit ja maata sy\u00f6v\u00e4t linnut. <\/li>\n<li><b>Durra &#8211;<\/b>tunnetaan <b>my\u00f6s<\/b>nimell\u00e4 durra. Durra on runsaasti proteiinia ja vitamiineja sis\u00e4lt\u00e4v\u00e4 vilja, joka tukee lintujen immuunij\u00e4rjestelm\u00e4\u00e4 ja kasvua. Sorghum on sitke\u00e4 ainesosa, joka s\u00e4ilyy pitk\u00e4\u00e4n tuoreena ja tarjoaa pitk\u00e4kestoista ravintoa.  <\/li>\n<li><strong>Mustat auringonkukansiemenet &#8211;<\/strong> Mustat auringonkukansiemenet ovat siemeni\u00e4, jotka tunnetaan niiden korkeasta \u00f6ljy- ja rasvahappopitoisuudesta, ja ne tarjoavat tiiviin energianl\u00e4hteen, joka on ihanteellinen kylmempin\u00e4 kuukausina ja pesim\u00e4aikana. Mustat auringonkukansiemenet ovat erityisesti tiaisten ja varpuslintujen suosiossa. <\/li>\n<li><strong>Hirssi &#8211;<\/strong> Hirssi on pieni ja helposti sulava siemenlajike, jossa on runsaasti hiilihydraatteja ja B-vitamiineja, ja se edist\u00e4\u00e4 pienten lintujen hyv\u00e4\u00e4 ruoansulatusta ja energiantuotantoa.<\/li>\n<\/ul>\n<h2>Luonnonvaraisten lintujen sekoituksen edut<\/h2>\n<p><strong>Villiintyneiden lintujen ruokasekoituksemme on<\/strong> muutakin kuin pelkk\u00e4\u00e4 ruokaa; se on tapa parantaa lintujen el\u00e4m\u00e4nlaatua. Sekoitus on suunniteltu tarjoamaan t\u00e4ydellinen ravintoprofiili, jonka avulla linnut voivat yll\u00e4pit\u00e4\u00e4 terveen painon, vahvan h\u00f6yhenist\u00f6n ja aktiivisen el\u00e4m\u00e4n. <\/p>\n<ul>\n<li><strong>Biologisen monimuotoisuuden tukeminen<\/strong><br \/>\nTarjoamalla monipuolisen ruokavalion villiintyneiden lintujen sekoitus houkuttelee erilaisia lintulajeja, mik\u00e4 edist\u00e4\u00e4 biologista monimuotoisuutta ja luo elinvoimaisen puutarhaymp\u00e4rist\u00f6n.<\/li>\n<li><strong>Parantaa lintujen terveytt\u00e4<\/strong><br \/>\nSeoksen luonnolliset ainesosat antavat luonnonvaraisille linnuille vitamiineja, kivenn\u00e4isaineita ja rasvahappoja, joita ne tarvitsevat yll\u00e4pit\u00e4\u00e4kseen hyv\u00e4\u00e4 terveytt\u00e4. T\u00e4m\u00e4n sekoituksen s\u00e4\u00e4nn\u00f6llinen k\u00e4ytt\u00f6 auttaa vahvistamaan niiden immuunij\u00e4rjestelm\u00e4\u00e4 ja tukee niiden lis\u00e4\u00e4ntymisterveytt\u00e4. <\/li>\n<li><strong>Helppo k\u00e4ytt\u00e4\u00e4 ja levitt\u00e4\u00e4<\/strong><br \/>\nT\u00e4t\u00e4 luonnonvaraisten lintujen ruokintaseosta on helppo k\u00e4sitell\u00e4, ja sit\u00e4 voidaan k\u00e4ytt\u00e4\u00e4 useilla eri ruokintamenetelmill\u00e4, lintujen ruokinta-astioista ja -lautoista suoraan maahan. T\u00e4m\u00e4 tekee siit\u00e4 joustavan ja k\u00e4tev\u00e4n ratkaisun niin lintuharrastajille kuin aloittelijoillekin. <\/li>\n<\/ul>\n<h2>Mitk\u00e4 linnut sy\u00f6v\u00e4t luonnonvaraisten lintujen sekoitusta?<\/h2>\n<p><strong>Villiintyneiden lintujen sekoitus on<\/strong> monenlaisten lintulajien suosiossa. Seuraavassa on muutamia lintuja, jotka arvostavat erityisesti t\u00e4t\u00e4 monipuolista sekoitusta: <\/p>\n<ul>\n<li><strong>Hornbills &#8211;<\/strong> Houkuttelevat energiarikkaat auringonkukansiemenet ja hirssi.<\/li>\n<li><strong>Viherpeippo &#8211;<\/strong> Pit\u00e4\u00e4 ravinteikkaista vehn\u00e4n siemenist\u00e4 ja murskatusta maissista.<\/li>\n<li><strong>H\u00e4rk\u00e4linnut &#8211;<\/strong> Nauttivat runsaasti rasvaa sis\u00e4lt\u00e4vist\u00e4 auringonkukansiemenist\u00e4 erityisesti talvella.<\/li>\n<li><strong>Keltaiset varpuset &#8211;<\/strong> Rakastavat hirssi\u00e4 ja durraa, joita niiden on helppo sy\u00f6d\u00e4 ja sulattaa.<\/li>\n<li><strong>Sinitiaiset &#8211;<\/strong> K\u00e4yt\u00e4 seosta hyv\u00e4n energiapohjan tarjoamiseen lis\u00e4\u00e4ntymiskauden aikana.<\/li>\n<\/ul>\n<h2>Kuinka ruokkia luonnonvaraisia lintuja luonnonvaraisten lintujen sekoituksellamme?<\/h2>\n<ol>\n<li><strong>Valitse oikea ruokintamenetelm\u00e4<\/strong><br \/>\n<a href=\"https:\/\/pippifoder.se\/fi\/lintujen-ruokinta\/\"> K\u00e4yt\u00e4 lintujen ruokinta-astiaa, lintulaudoitusta tai levit\u00e4 seos suoraan maahan. Sovita menetelm\u00e4 sen lintulajin mukaan, jota haluat houkutella.<\/a> <\/li>\n<li><strong>Sijoita ruokinta turvalliseen paikkaan<\/strong><br \/>\nRipusta tai sijoita ruokinta paikkaan, jossa linnut tuntevat olevansa turvassa saalistajilta. Paikka l\u00e4hell\u00e4 pensaita tai puita on ihanteellinen, sill\u00e4 se tarjoaa suojaa ja ruokintapaikan l\u00e4heisyyden. <\/li>\n<li><strong>T\u00e4yt\u00e4 s\u00e4\u00e4nn\u00f6llisesti<\/strong><br \/>\nVarmistaaksesi, ett\u00e4 linnut saavat jatkuvasti ruokaa, t\u00e4yt\u00e4 ruokinta s\u00e4\u00e4nn\u00f6llisesti ja tarkkaile ruokintapaikkaa, jotta sinne ei j\u00e4\u00e4 vanhaa ruokaa ja j\u00e4tteit\u00e4.<\/li>\n<li><strong>Puhdista sy\u00f6tt\u00f6laite<\/strong><br \/>\nPid\u00e4 sy\u00f6tt\u00f6alue hygieenisen\u00e4 puhdistamalla sy\u00f6tt\u00f6laite tai lautanen l\u00e4mpim\u00e4ll\u00e4 vedell\u00e4 ja miedolla saippualla. T\u00e4m\u00e4 v\u00e4hent\u00e4\u00e4 tautiriski\u00e4 ja pit\u00e4\u00e4 siemenet tuoreina pidemp\u00e4\u00e4n. <\/li>\n<\/ol>\n<h2>Tilaa luonnonvaraisten lintujen sekoitus jo t\u00e4n\u00e4\u00e4n!<\/h2>\n<p>Anna luonnonvaraisille linnuillesi ravitseva ja tasapainoinen ruokavalio <strong>luonnonvaraisten lintujen ruokasekoituksellamme.<\/strong> Tilaa nyt ja tue runsasta ja monipuolista lintukantaa puutarhassasi! <\/p>\n","protected":false},"excerpt":{"rendered":"<p>Anna luonnonvaraisille linnuillesi tasapainoinen ja ravitseva ateria <strong>luonnonvaraisten lintujen ruokasekoituksellamme.<\/strong> T\u00e4m\u00e4 korkealaatuinen siemen- ja jyv\u00e4sekoitus on t\u00e4ydellisesti sovitettu antamaan linnuille energiaa ja ravintoa, jota ne tarvitsevat menesty\u00e4kseen ja kukoistakseen ymp\u00e4ri vuoden. <\/p>\n<p><strong>Sis\u00e4lt\u00f6:<\/strong><\/p>\n<ul>\n<li>Vehn\u00e4<\/li>\n<li><a href=\"https:\/\/pippifoder.se\/fi\/tuote\/kanat\/kanojen-rehu-ja-ruoka\/maissin-murskaus-25kg\/\">Murskattu maissi<\/a><\/li>\n<li>Durra<\/li>\n<li><a href=\"https:\/\/pippifoder.se\/fi\/tuote\/lintujen-ruokaa\/auringonkukansiemenet-linnuille\/mustat-auringonkukansiemenet-15kg\/\">Mustat auringonkukansiemenet<\/a><\/li>\n<li>Hirssi<\/li>\n<\/ul>\n<p>\u00c4l\u00e4 missaa <a href=\"https:\/\/pippifoder.se\/fi\/lintujen-ruokaa\/riistan-siemenseos\/vildfagelmix-utan-skal-15kg\/\">kuoretonta villiintyneiden lintujen sekoitusta!<\/a><\/p>\n","protected":false},"featured_media":13514,"comment_status":"open","ping_status":"closed","template":"","meta":{"_acf_changed":false},"product_brand":[],"product_cat":[179,112],"product_tag":[],"class_list":{"0":"post-9285","1":"product","2":"type-product","3":"status-publish","4":"has-post-thumbnail","6":"product_cat-wild-bird-mix","7":"product_cat-lintujen-ruokaa","9":"first","10":"instock","11":"taxable","12":"shipping-taxable","13":"purchasable","14":"product-type-simple"},"bundled_by":[],"bundle_stock_status":"instock","bundle_stock_quantity":110,"bundle_virtual":false,"bundle_layout":"","bundle_add_to_cart_form_location":"","bundle_editable_in_cart":false,"bundle_sold_individually_context":"","bundle_item_grouping":"","bundle_min_size":"","bundle_max_size":"","bundle_price":[],"bundled_items":[],"bundle_sell_ids":[],"acf":[],"_links":{"self":[{"href":"https:\/\/pippifoder.se\/fi\/wp-json\/wp\/v2\/product\/9285","targetHints":{"allow":["GET"]}}],"collection":[{"href":"https:\/\/pippifoder.se\/fi\/wp-json\/wp\/v2\/product"}],"about":[{"href":"https:\/\/pippifoder.se\/fi\/wp-json\/wp\/v2\/types\/product"}],"replies":[{"embeddable":true,"href":"https:\/\/pippifoder.se\/fi\/wp-json\/wp\/v2\/comments?post=9285"}],"wp:featuredmedia":[{"embeddable":true,"href":"https:\/\/pippifoder.se\/fi\/wp-json\/wp\/v2\/media\/13514"}],"wp:attachment":[{"href":"https:\/\/pippifoder.se\/fi\/wp-json\/wp\/v2\/media?parent=9285"}],"wp:term":[{"taxonomy":"product_brand","embeddable":true,"href":"https:\/\/pippifoder.se\/fi\/wp-json\/wp\/v2\/product_brand?post=9285"},{"taxonomy":"product_cat","embeddable":true,"href":"https:\/\/pippifoder.se\/fi\/wp-json\/wp\/v2\/product_cat?post=9285"},{"taxonomy":"product_tag","embeddable":true,"href":"https:\/\/pippifoder.se\/fi\/wp-json\/wp\/v2\/product_tag?post=9285"}],"curies":[{"name":"wp","href":"https:\/\/api.w.org\/{rel}","templated":true}]}}