{"id":9278,"date":"2023-11-10T16:04:10","date_gmt":"2023-11-10T16:04:10","guid":{"rendered":"https:\/\/pippifoder.se\/Ei-luokiteltu\/tallopallot-ilman-verkkoa-amparissa-50kpl\/"},"modified":"2026-04-15T12:58:32","modified_gmt":"2026-04-15T10:58:32","slug":"tallopallot-ilman-verkkoa-amparissa-50kpl","status":"publish","type":"product","link":"https:\/\/pippifoder.se\/fi\/tuote\/lintujen-ruokaa\/tallapallot-pienille-linnuille\/tallopallot-ilman-verkkoa-amparissa-50kpl\/","title":{"rendered":"Tallopallot ilman verkkoa \u00e4mp\u00e4riss\u00e4 (50kpl)"},"content":{"rendered":"<p><strong>Talipallojen sis\u00e4lt\u00f6<\/strong>: Viljat, p\u00e4hkin\u00e4t, siemenet ja naudan talista saatu rasva.<\/p>\n<p><strong>Talipallojen analyyttiset ainesosat:<\/strong> rasva: 39,5 %, hiilihydraatit: 27,0 %, proteiini: 14,5 %, raakakuitu: 9,0 %, raakatuhka (kivenn\u00e4isaineet): 2,0 %.<\/p>\n<p>Useimmat pikkulinnut arvostavat mokkapalloja, erityisesti sinitiaiset, tiaiset, viherpeipot, p\u00e4hkin\u00e4pensas, pajutiaiset, harmaavarpuset, mustatiaiset ja puusirkut. Runsaasti rasvaa sis\u00e4lt\u00e4v\u00e4 tali ja korkea siemenpitoisuus tarjoavat pikkulinnuille hyv\u00e4t edellytykset selviyty\u00e4 talvesta. Yh\u00e4 useammat linnut j\u00e4\u00e4v\u00e4t &#8221;l\u00e4mpimien talvien&#8221; yli, ja niille usein nopea vaihtelu kuuman, kylm\u00e4n ja lumen v\u00e4lill\u00e4 tekee ruokailutilanteesta vaikean. Suet-pallot ovat ilman verkkoja!   <\/p>\n<p><a href=\"https:\/\/pippifoder.se\/fi\/lintujen-ruokinta\/\">Tutustu my\u00f6s talipallokoneisiimme!  <\/a><\/p>\n<p>&nbsp;<\/p>\n<div id=\"faq-question-1727141158881\" class=\"rank-math-list-item\">\n<h3 class=\"rank-math-question \">Mitk\u00e4 mokkapallot ovat parhaita?<\/h3>\n<div class=\"rank-math-answer \">\n<p>Tallopalloja voi ostaa kaikkialta, niit\u00e4 saa Granng\u00e5rdenista, Rustasta ja Biltemasta. Usein, kun puhumme asiakkaiden kanssa tai luemme eri foorumeilta, ihmiset valittavat, ett\u00e4 talipalloista tulee kovia, kun pakkanen laskee, ja t\u00e4h\u00e4n on yksinkertainen vastaus. Halpojen talipallojen rasvapitoisuus on hyvin alhainen, usein noin 20 %. Meid\u00e4n talipallomme sis\u00e4lt\u00e4v\u00e4t l\u00e4hes 40 % rasvaa, ja silloin talipallot eiv\u00e4t ole yht\u00e4 kovia. Toinen asia, jota kannattaa kokeilla, on haistaa mokkapalloja, meid\u00e4n mokkapallomme tuoksuvat hyv\u00e4lt\u00e4 \ud83d\ude42 Tuntuu hyv\u00e4lt\u00e4 tarjota linnuille jotain, joka tuntuu ruokahalulta. Lopuksi, paras tapa tiet\u00e4\u00e4, mik\u00e4 mokkapallo on paras, on kokeilla sit\u00e4, anna lintujen p\u00e4\u00e4tt\u00e4\u00e4, me tied\u00e4mme, ett\u00e4 ne pit\u00e4v\u00e4t korkealaatuisista mokkapalloistamme!     <\/p>\n<\/div>\n<h3 class=\"rank-math-question \">Mitk\u00e4 linnut sy\u00f6v\u00e4t mokkapalloja?<\/h3>\n<div class=\"rank-math-answer \">\n<p>Tallow-pallot ovat erityisen suosittuja pikkulintujen, kuten huuhkajan, sinitiaisen, harmaavarpusen, p\u00e4hkin\u00e4pensastelijan ja tikun, keskuudessa. N\u00e4m\u00e4 linnut ovat kiinnostuneita mokkapallojen energiarikkaista ainesosista, ja ne hy\u00f6tyv\u00e4t sek\u00e4 rasvasta ett\u00e4 siemenist\u00e4, jotka auttavat niit\u00e4 pysym\u00e4\u00e4n l\u00e4mpimin\u00e4 ja tervein\u00e4 erityisesti talvikuukausina. <\/p>\n<\/div>\n<\/div>\n<div id=\"faq-question-1727141174838\" class=\"rank-math-list-item\">\n<h3 class=\"rank-math-question \">Kuinka ripustaa mokkapallot?<\/h3>\n<div class=\"rank-math-answer \">\n<p>Tallow-pallot voidaan ripustaa puutarhassa korkeisiin oksiin, puihin tai erityisiin lintujen ruokinta-astioihin. On t\u00e4rke\u00e4\u00e4 sijoittaa ne korkealle ja paikkaan, johon petojen, kuten kissojen tai oravien, on vaikea p\u00e4\u00e4st\u00e4. V\u00e4lt\u00e4 my\u00f6s verkkojen k\u00e4ytt\u00f6\u00e4 mokkapallojen ymp\u00e4rill\u00e4, sill\u00e4 ne voivat j\u00e4\u00e4d\u00e4 kiinni lintujen kynsiin tai nokkiin.  <\/p>\n<\/div>\n<\/div>\n<div id=\"faq-question-1727141186317\" class=\"rank-math-list-item\">\n<h3 class=\"rank-math-question \">Mit\u00e4 talipallot sis\u00e4lt\u00e4v\u00e4t?<\/h3>\n<div class=\"rank-math-answer \">\n<p>Talipallot koostuvat yleens\u00e4 rasvaseoksesta (tali tai kasvirasva) ja erilaisista siemenist\u00e4, kuten auringonkukansiemenist\u00e4, hirssirouheesta ja joskus jopa pienist\u00e4 p\u00e4hkin\u00f6ist\u00e4 tai kuivatuista hedelmist\u00e4. N\u00e4in linnut saavat runsaasti energiaa, joka auttaa niit\u00e4 selviytym\u00e4\u00e4n kausina, jolloin luonnollista ravintoa on vaikea l\u00f6yt\u00e4\u00e4. <\/p>\n<\/div>\n<\/div>\n<div id=\"faq-question-1727141197664\" class=\"rank-math-list-item\">\n<h3 class=\"rank-math-question \">Milloin ripustaa mokkapalloja?<\/h3>\n<div class=\"rank-math-answer \">\n<p>Mokkapalloista on eniten hy\u00f6ty\u00e4 syksyll\u00e4 ja talvella, kun linnut tarvitsevat lis\u00e4energiaa pysy\u00e4kseen l\u00e4mpim\u00e4n\u00e4. Voit aloittaa niiden ripustamisen, kun l\u00e4mp\u00f6tila alkaa laskea syksyll\u00e4, ja jatkaa sit\u00e4 koko talven ajan. Mokkapalloja voi tarjota my\u00f6s kev\u00e4\u00e4ll\u00e4, kun linnut pesiv\u00e4t, mutta niit\u00e4 on v\u00e4ltett\u00e4v\u00e4 kes\u00e4ll\u00e4, sill\u00e4 kuumuus voi sulattaa rasvan ja aiheuttaa sen hapettumista.  <\/p>\n<h3 class=\"rank-math-question \">Resepti omien mokkapallojen tekemiseen<\/h3>\n<div class=\"rank-math-answer \">\n<p>Omien talipallojen tekeminen on itse asiassa melko yksinkertaista, ota jokin helposti ripustettava astia, kahvikuppi toimii hyvin. Sulata jokin rasva, esim. voi, margariini tai kookosrasva. Sekoita sitten joukkoon erilaisia siemeni\u00e4, kuten kuorittuja auringonkukansiemeni\u00e4, maap\u00e4hkin\u00f6it\u00e4 ja muuta. Anna j\u00e4hmetty\u00e4 ja sido naru kupin &#8221;korvaan&#8221;. Ripusta kotitekoinen mokkapallosi ulos ja katso, mitk\u00e4 linnut tulevat k\u00e4ym\u00e4\u00e4n.    <\/p>\n<\/div>\n<\/div>\n<\/div>\n","protected":false},"excerpt":{"rendered":"<p>Tallapallot ilman verkkoa korkealaatuisessa \u00e4mp\u00e4riss\u00e4, jossa on t\u00e4ysi 39,5 % rasvaa! 50 mokkapalloa 80 g:n \u00e4mp\u00e4riss\u00e4. Tallapallot ovat t\u00e4rke\u00e4 ravinnonl\u00e4hde pikkulinnuille. Mokkapallot ovat <strong>ensiluokkaisia,<\/strong> ei palmu\u00f6ljy\u00e4, vain j\u00e4rkev\u00e4\u00e4 tavaraa, jota linnut rakastavat. Mokkapallot eiv\u00e4t kovetu kuten monet halvemmat mokkapallot, ja asiakkaamme sanovat yleens\u00e4, ett\u00e4 t\u00e4st\u00e4 tulee lintujen uusi suosikki! Sinitiaiset, sirrit, viherpeipot, p\u00e4hkin\u00e4hakit, kultasirkut, harmaavarpuset, mustat tiaiset ja puusirkat rakastavat mokkapalloja.     <\/p>\n<p><strong>HUOMAA, ett\u00e4 \u00e4mp\u00e4ri on kannellinen muovi\u00e4mp\u00e4ri, ei pelti\u00e4mp\u00e4ri.<\/strong><\/p>\n","protected":false},"featured_media":13322,"comment_status":"closed","ping_status":"closed","template":"","meta":{"_acf_changed":false},"product_brand":[],"product_cat":[182,113,112],"product_tag":[],"class_list":{"0":"post-9278","1":"product","2":"type-product","3":"status-publish","4":"has-post-thumbnail","6":"product_cat-tallapallot-pienille-linnuille","7":"product_cat-illiintyneiden-lintujen-siemenet-villiintyneiden-lintujen-ruoka","8":"product_cat-lintujen-ruokaa","10":"first","11":"instock","12":"sale","13":"taxable","14":"shipping-taxable","15":"purchasable","16":"product-type-variable","17":"has-default-attributes"},"bundled_by":["9275","9267","21501"],"bundle_stock_status":"instock","bundle_stock_quantity":21142,"bundle_virtual":false,"bundle_layout":"","bundle_add_to_cart_form_location":"","bundle_editable_in_cart":false,"bundle_sold_individually_context":"","bundle_item_grouping":"","bundle_min_size":"","bundle_max_size":"","bundle_price":[],"bundled_items":[],"bundle_sell_ids":[],"acf":[],"_links":{"self":[{"href":"https:\/\/pippifoder.se\/fi\/wp-json\/wp\/v2\/product\/9278","targetHints":{"allow":["GET"]}}],"collection":[{"href":"https:\/\/pippifoder.se\/fi\/wp-json\/wp\/v2\/product"}],"about":[{"href":"https:\/\/pippifoder.se\/fi\/wp-json\/wp\/v2\/types\/product"}],"replies":[{"embeddable":true,"href":"https:\/\/pippifoder.se\/fi\/wp-json\/wp\/v2\/comments?post=9278"}],"wp:featuredmedia":[{"embeddable":true,"href":"https:\/\/pippifoder.se\/fi\/wp-json\/wp\/v2\/media\/13322"}],"wp:attachment":[{"href":"https:\/\/pippifoder.se\/fi\/wp-json\/wp\/v2\/media?parent=9278"}],"wp:term":[{"taxonomy":"product_brand","embeddable":true,"href":"https:\/\/pippifoder.se\/fi\/wp-json\/wp\/v2\/product_brand?post=9278"},{"taxonomy":"product_cat","embeddable":true,"href":"https:\/\/pippifoder.se\/fi\/wp-json\/wp\/v2\/product_cat?post=9278"},{"taxonomy":"product_tag","embeddable":true,"href":"https:\/\/pippifoder.se\/fi\/wp-json\/wp\/v2\/product_tag?post=9278"}],"curies":[{"name":"wp","href":"https:\/\/api.w.org\/{rel}","templated":true}]}}