{"id":9275,"date":"2024-01-25T18:55:06","date_gmt":"2024-01-25T18:55:06","guid":{"rendered":"https:\/\/pippifoder.se\/Ei-luokiteltu\/tallopallot-iso-pakkaus-tallopallolaatikko\/"},"modified":"2026-04-15T13:04:10","modified_gmt":"2026-04-15T11:04:10","slug":"tallopallot-iso-pakkaus-tallopallolaatikko","status":"publish","type":"product","link":"https:\/\/pippifoder.se\/fi\/tuote\/lintujen-ruokaa\/tallapallot-pienille-linnuille\/tallopallot-iso-pakkaus-tallopallolaatikko\/","title":{"rendered":"Tallopallot iso pakkaus &#8211; Tallopallolaatikko"},"content":{"rendered":"<p>Useimmat pikkulinnut arvostavat mokkapalloja, erityisesti sinitiaiset, isotiaiset, viherpeipot, p\u00e4hkin\u00e4pensas, pajutiaiset, harmaavarpuset, mustatiaiset ja tikit. Runsaasti rasvaa sis\u00e4lt\u00e4v\u00e4 tali ja korkea siemenpitoisuus tarjoavat pikkulinnuille hyv\u00e4t edellytykset selviyty\u00e4 talvesta.<br \/>\nYh\u00e4 useammat linnut j\u00e4\u00e4v\u00e4t &#8221;l\u00e4mpimien talvien&#8221; yli, ja niille usein nopea vaihtelu kuuman, kylm\u00e4n ja lumen v\u00e4lill\u00e4 tekee ruokailutilanteesta vaikean. Mokkapallot ovat ilman verkkoja!  <\/p>\n","protected":false},"excerpt":{"rendered":"<p>Mokkapallolaatikko sis\u00e4lt\u00e4\u00e4 4 \u00e4mp\u00e4rillist\u00e4 mokkapalloja ly\u00f6m\u00e4tt\u00f6m\u00e4\u00e4n hintaan! Lannoittamattomat mokkapallomme toimitetaan k\u00e4tev\u00e4ss\u00e4 \u00e4mp\u00e4riss\u00e4, jossa on kansi. Jokaisessa \u00e4mp\u00e4riss\u00e4 on 50 kappaletta 80 g:n mokkapalloja, eli yhteens\u00e4 200 mokkapalloa. Mokkapallot ovat t\u00e4rke\u00e4 ravinnonl\u00e4hde pikkulinnuille, sill\u00e4 ne auttavat niit\u00e4 selviytym\u00e4\u00e4n kylm\u00e4n\u00e4 aikana, jolloin ruokaa on niukasti.   <\/p>\n<p>Huomaa, ett\u00e4 \u00e4mp\u00e4ri on kannellinen muovi\u00e4mp\u00e4ri, ei pelti\u00e4mp\u00e4ri. Sit\u00e4 on helppo k\u00e4sitell\u00e4 ja s\u00e4ilytt\u00e4\u00e4, jolloin talipallot pysyv\u00e4t tuoreina pidemp\u00e4\u00e4n. <\/p>\n<p>Anna puutarhan pikkulinnuille niiden tarvitsemaa energiaa mokkapalloilla. T\u00e4m\u00e4n mokkapallolaatikon avulla saat paljon mokkapalloja edulliseen hintaan ja voit nauttia rikkaammasta lintuel\u00e4m\u00e4st\u00e4 naapurustossasi. <\/p>\n<p><a href=\"https:\/\/pippifoder.se\/fi\/tuote\/lintujen-ruokaa\/tallapallot-pienille-linnuille\/tallopallot-ilman-verkkoa-amparissa-50kpl\/\">Klikkaa t\u00e4st\u00e4, jos haluat ostaa vain 1 \u00e4mp\u00e4rillisen mokkapalloja!<\/a><\/p>\n","protected":false},"featured_media":13322,"comment_status":"closed","ping_status":"closed","template":"","meta":{"_acf_changed":false},"product_brand":[],"product_cat":[182,113,570,112,122],"product_tag":[],"class_list":{"0":"post-9275","1":"product","2":"type-product","3":"status-publish","4":"has-post-thumbnail","6":"product_cat-tallapallot-pienille-linnuille","7":"product_cat-illiintyneiden-lintujen-siemenet-villiintyneiden-lintujen-ruoka","8":"product_cat-joululahjaideoita-lintujen-ystaville-vuonna-2025","9":"product_cat-lintujen-ruokaa","10":"product_cat-lintujen-siemenia-ja-lintujen-ruokaa-myynnissa","12":"first","13":"instock","14":"sale","15":"virtual","16":"taxable","17":"purchasable","18":"product-type-bundle"},"bundled_by":[],"bundle_stock_status":"instock","bundle_stock_quantity":"","bundle_virtual":false,"bundle_layout":"default","bundle_add_to_cart_form_location":"default","bundle_editable_in_cart":false,"bundle_sold_individually_context":"product","bundle_item_grouping":"parent","bundle_min_size":"","bundle_max_size":"","bundle_price":{"price":{"min":{"incl_tax":"54","excl_tax":"43.2"},"max":{"incl_tax":"54","excl_tax":"43.2"}},"regular_price":{"min":{"incl_tax":"61","excl_tax":"48.8"},"max":{"incl_tax":"61","excl_tax":"48.8"}}},"bundled_items":[{"bundled_item_id":18,"product_id":9278,"menu_order":0,"quantity_min":1,"quantity_max":1,"quantity_default":1,"priced_individually":false,"shipped_individually":false,"override_title":false,"title":"Tallopallot ilman verkkoa \u00e4mp\u00e4riss\u00e4 (50kpl)","override_description":false,"description":"Tallopallot ilman verkkoa \u00e4mp\u00e4riss\u00e4 (50kpl)","optional":false,"hide_thumbnail":false,"discount":"","override_variations":true,"allowed_variations":[57541],"override_default_variation_attributes":true,"default_variation_attributes":[{"id":5,"name":"Talgbollar utan n\u00e4t i hink","option":"4-kpl-saasta-5"}],"single_product_visibility":"hidden","cart_visibility":"hidden","order_visibility":"visible","single_product_price_visibility":"visible","cart_price_visibility":"visible","order_price_visibility":"visible","stock_status":"in_stock"}],"bundle_sell_ids":[],"acf":[],"_links":{"self":[{"href":"https:\/\/pippifoder.se\/fi\/wp-json\/wp\/v2\/product\/9275","targetHints":{"allow":["GET"]}}],"collection":[{"href":"https:\/\/pippifoder.se\/fi\/wp-json\/wp\/v2\/product"}],"about":[{"href":"https:\/\/pippifoder.se\/fi\/wp-json\/wp\/v2\/types\/product"}],"replies":[{"embeddable":true,"href":"https:\/\/pippifoder.se\/fi\/wp-json\/wp\/v2\/comments?post=9275"}],"wp:featuredmedia":[{"embeddable":true,"href":"https:\/\/pippifoder.se\/fi\/wp-json\/wp\/v2\/media\/13322"}],"wp:attachment":[{"href":"https:\/\/pippifoder.se\/fi\/wp-json\/wp\/v2\/media?parent=9275"}],"wp:term":[{"taxonomy":"product_brand","embeddable":true,"href":"https:\/\/pippifoder.se\/fi\/wp-json\/wp\/v2\/product_brand?post=9275"},{"taxonomy":"product_cat","embeddable":true,"href":"https:\/\/pippifoder.se\/fi\/wp-json\/wp\/v2\/product_cat?post=9275"},{"taxonomy":"product_tag","embeddable":true,"href":"https:\/\/pippifoder.se\/fi\/wp-json\/wp\/v2\/product_tag?post=9275"}],"curies":[{"name":"wp","href":"https:\/\/api.w.org\/{rel}","templated":true}]}}