{"id":9268,"date":"2024-01-31T16:18:04","date_gmt":"2024-01-31T16:18:04","guid":{"rendered":"https:\/\/pippifoder.se\/Ei-luokiteltu\/villielainpuutarha-decobird-vihertava\/"},"modified":"2025-09-26T08:09:37","modified_gmt":"2025-09-26T08:09:37","slug":"villielainpuutarha-decobird-vihertava","status":"publish","type":"product","link":"https:\/\/pippifoder.se\/fi\/tuote\/tarvikkeet\/woodbirds-fi\/wildlife-garden-decobird-fi\/villielainpuutarha-decobird-vihertava\/","title":{"rendered":"Villiel\u00e4inpuutarha &#8211; DecoBird Vihert\u00e4v\u00e4"},"content":{"rendered":"<h2>Greenfish &#8211; K\u00e4sin veistetty puinen lintu<\/h2>\n<p>DecoBird Greenish on k\u00e4sin veistetty puinen lintu.<br \/>\nJokainen DecoBird-lintu on veistetty pehme\u00e4st\u00e4 lehmuspuusta ja maalattu k\u00e4sin ymp\u00e4rist\u00f6yst\u00e4v\u00e4llisill\u00e4 v\u00e4reill\u00e4.<br \/>\nViherpeippo on rohkea lintu, joka sijoittaa pes\u00e4ns\u00e4 korkealle puun latvaan, kauas oksalle.  <\/p>\n<h3>Vihert\u00e4v\u00e4 muilla kielill\u00e4:<\/h3>\n<p>Tieteellinen nimi: Spinus spinus English: Siskin German: Erlenzeisig French: Tarin des Aulnes Italian: Lucherino Dutch: Sijs Spanish: Jilguero L\u00fagano<\/p>\n","protected":false},"excerpt":{"rendered":"<p>DecoBird Greenish on k\u00e4sin veistetty puinen lintu. Jokainen DecoBird-lintu on veistetty pehme\u00e4st\u00e4 lehmuspuusta ja maalattu k\u00e4sin ymp\u00e4rist\u00f6yst\u00e4v\u00e4llisill\u00e4 v\u00e4reill\u00e4. Viherpeippo on rohkea lintu, joka sijoittaa pes\u00e4ns\u00e4 korkealle puun latvaan, kauas oksalle.  <\/p>\n","protected":false},"featured_media":6968,"comment_status":"open","ping_status":"closed","template":"","meta":{"_acf_changed":false},"product_brand":[],"product_cat":[145,50,122,165],"product_tag":[],"class_list":{"0":"post-9268","1":"product","2":"type-product","3":"status-publish","4":"has-post-thumbnail","6":"product_cat-wildlife-garden-decobird-fi","7":"product_cat-fagelfron-fagelmat-pa-rea","8":"product_cat-lintujen-siemenia-ja-lintujen-ruokaa-myynnissa","9":"product_cat-tarvikkeet","10":"product_shipping_class-ruotsi","12":"first","13":"outofstock","14":"sale","15":"taxable","16":"shipping-taxable","17":"purchasable","18":"product-type-simple"},"bundled_by":[],"bundle_stock_status":"outofstock","bundle_stock_quantity":0,"bundle_virtual":false,"bundle_layout":"","bundle_add_to_cart_form_location":"","bundle_editable_in_cart":false,"bundle_sold_individually_context":"","bundle_item_grouping":"","bundle_min_size":"","bundle_max_size":"","bundle_price":[],"bundled_items":[],"bundle_sell_ids":[],"acf":[],"_links":{"self":[{"href":"https:\/\/pippifoder.se\/fi\/wp-json\/wp\/v2\/product\/9268","targetHints":{"allow":["GET"]}}],"collection":[{"href":"https:\/\/pippifoder.se\/fi\/wp-json\/wp\/v2\/product"}],"about":[{"href":"https:\/\/pippifoder.se\/fi\/wp-json\/wp\/v2\/types\/product"}],"replies":[{"embeddable":true,"href":"https:\/\/pippifoder.se\/fi\/wp-json\/wp\/v2\/comments?post=9268"}],"wp:featuredmedia":[{"embeddable":true,"href":"https:\/\/pippifoder.se\/fi\/wp-json\/wp\/v2\/media\/6968"}],"wp:attachment":[{"href":"https:\/\/pippifoder.se\/fi\/wp-json\/wp\/v2\/media?parent=9268"}],"wp:term":[{"taxonomy":"product_brand","embeddable":true,"href":"https:\/\/pippifoder.se\/fi\/wp-json\/wp\/v2\/product_brand?post=9268"},{"taxonomy":"product_cat","embeddable":true,"href":"https:\/\/pippifoder.se\/fi\/wp-json\/wp\/v2\/product_cat?post=9268"},{"taxonomy":"product_tag","embeddable":true,"href":"https:\/\/pippifoder.se\/fi\/wp-json\/wp\/v2\/product_tag?post=9268"}],"curies":[{"name":"wp","href":"https:\/\/api.w.org\/{rel}","templated":true}]}}