{"id":9267,"date":"2023-11-23T19:42:36","date_gmt":"2023-11-23T19:42:36","guid":{"rendered":"https:\/\/pippifoder.se\/Ei-luokiteltu\/maksimoitu-lintujen-ruokalaatikko\/"},"modified":"2026-04-15T12:58:35","modified_gmt":"2026-04-15T10:58:35","slug":"maksimoitu-lintujen-ruokalaatikko","status":"publish","type":"product","link":"https:\/\/pippifoder.se\/fi\/tuote\/lintujen-ruokaa\/illiintyneiden-lintujen-siemenet-villiintyneiden-lintujen-ruoka\/maksimoitu-lintujen-ruokalaatikko\/","title":{"rendered":"Maksimoitu lintujen ruokalaatikko"},"content":{"rendered":"","protected":false},"excerpt":{"rendered":"<p>T\u00e4ydellinen lintujen ruokalaatikkomme on t\u00e4ynn\u00e4 suosituinta lintujen ruokaa: <strong>2 x 15 kg:n pussia kuorittuja auringonkukansiemeni\u00e4, 1 x 10 kg:n pussi maap\u00e4hkin\u00f6it\u00e4 ja 4 x \u00e4mp\u00e4ri 50 mokkapalloa (yhteens\u00e4 200)<\/strong>. Kaikki on valittu huolella niin, ett\u00e4 ne sopivat t\u00e4sm\u00e4lleen kahteen laatikkoon ja maksimoivat lintujen ruokam\u00e4\u00e4r\u00e4n! Ja viel\u00e4p\u00e4 alennettuun hintaan, mik\u00e4 on hyv\u00e4ksi lompakollesi, ymp\u00e4rist\u00f6lle ja linnuille!  <\/p>\n","protected":false},"featured_media":6494,"comment_status":"closed","ping_status":"closed","template":"","meta":{"_acf_changed":false},"product_brand":[],"product_cat":[113,570,112,122],"product_tag":[],"class_list":{"0":"post-9267","1":"product","2":"type-product","3":"status-publish","4":"has-post-thumbnail","6":"product_cat-illiintyneiden-lintujen-siemenet-villiintyneiden-lintujen-ruoka","7":"product_cat-joululahjaideoita-lintujen-ystaville-vuonna-2025","8":"product_cat-lintujen-ruokaa","9":"product_cat-lintujen-siemenia-ja-lintujen-ruokaa-myynnissa","11":"first","12":"instock","13":"sale","14":"virtual","15":"taxable","16":"purchasable","17":"product-type-bundle"},"bundled_by":[],"bundle_stock_status":"instock","bundle_stock_quantity":"","bundle_virtual":false,"bundle_layout":"default","bundle_add_to_cart_form_location":"default","bundle_editable_in_cart":false,"bundle_sold_individually_context":"product","bundle_item_grouping":"parent","bundle_min_size":"","bundle_max_size":"","bundle_price":{"price":{"min":{"incl_tax":"162","excl_tax":"129.6"},"max":{"incl_tax":"162","excl_tax":"129.6"}},"regular_price":{"min":{"incl_tax":"175","excl_tax":"140"},"max":{"incl_tax":"175","excl_tax":"140"}}},"bundled_items":[{"bundled_item_id":23,"product_id":9429,"menu_order":0,"quantity_min":2,"quantity_max":2,"quantity_default":2,"priced_individually":false,"shipped_individually":false,"override_title":false,"title":"Kuoritut auringonkukansiemenet 15kg","override_description":false,"description":"Kuoritut auringonkukansiemenet 15kg","optional":false,"hide_thumbnail":false,"discount":"","override_variations":false,"allowed_variations":[""],"override_default_variation_attributes":false,"default_variation_attributes":[],"single_product_visibility":"visible","cart_visibility":"visible","order_visibility":"visible","single_product_price_visibility":"visible","cart_price_visibility":"visible","order_price_visibility":"visible","stock_status":"in_stock"},{"bundled_item_id":24,"product_id":9262,"menu_order":1,"quantity_min":1,"quantity_max":1,"quantity_default":1,"priced_individually":false,"shipped_individually":false,"override_title":false,"title":"Kuorettomat maap\u00e4hkin\u00e4t linnuille 10 kg","override_description":false,"description":"Kuorettomat maap\u00e4hkin\u00e4t linnuille 10 kg","optional":false,"hide_thumbnail":false,"discount":"","override_variations":false,"allowed_variations":[""],"override_default_variation_attributes":false,"default_variation_attributes":[],"single_product_visibility":"visible","cart_visibility":"visible","order_visibility":"visible","single_product_price_visibility":"visible","cart_price_visibility":"visible","order_price_visibility":"visible","stock_status":"in_stock"},{"bundled_item_id":172,"product_id":9278,"menu_order":2,"quantity_min":4,"quantity_max":4,"quantity_default":4,"priced_individually":false,"shipped_individually":false,"override_title":false,"title":"Tallopallot ilman verkkoa \u00e4mp\u00e4riss\u00e4 (50kpl)","override_description":false,"description":"Tallopallot ilman verkkoa \u00e4mp\u00e4riss\u00e4 (50kpl)","optional":false,"hide_thumbnail":false,"discount":"","override_variations":true,"allowed_variations":[57538],"override_default_variation_attributes":true,"default_variation_attributes":[{"id":5,"name":"Talgbollar utan n\u00e4t i hink","option":"1"}],"single_product_visibility":"visible","cart_visibility":"visible","order_visibility":"visible","single_product_price_visibility":"visible","cart_price_visibility":"visible","order_price_visibility":"visible","stock_status":"in_stock"}],"bundle_sell_ids":[],"acf":[],"_links":{"self":[{"href":"https:\/\/pippifoder.se\/fi\/wp-json\/wp\/v2\/product\/9267","targetHints":{"allow":["GET"]}}],"collection":[{"href":"https:\/\/pippifoder.se\/fi\/wp-json\/wp\/v2\/product"}],"about":[{"href":"https:\/\/pippifoder.se\/fi\/wp-json\/wp\/v2\/types\/product"}],"replies":[{"embeddable":true,"href":"https:\/\/pippifoder.se\/fi\/wp-json\/wp\/v2\/comments?post=9267"}],"wp:featuredmedia":[{"embeddable":true,"href":"https:\/\/pippifoder.se\/fi\/wp-json\/wp\/v2\/media\/6494"}],"wp:attachment":[{"href":"https:\/\/pippifoder.se\/fi\/wp-json\/wp\/v2\/media?parent=9267"}],"wp:term":[{"taxonomy":"product_brand","embeddable":true,"href":"https:\/\/pippifoder.se\/fi\/wp-json\/wp\/v2\/product_brand?post=9267"},{"taxonomy":"product_cat","embeddable":true,"href":"https:\/\/pippifoder.se\/fi\/wp-json\/wp\/v2\/product_cat?post=9267"},{"taxonomy":"product_tag","embeddable":true,"href":"https:\/\/pippifoder.se\/fi\/wp-json\/wp\/v2\/product_tag?post=9267"}],"curies":[{"name":"wp","href":"https:\/\/api.w.org\/{rel}","templated":true}]}}