{"id":9266,"date":"2023-10-18T07:42:04","date_gmt":"2023-10-18T07:42:04","guid":{"rendered":"https:\/\/pippifoder.se\/Ei-luokiteltu\/kuoritut-auringonkukansiemenet-25kg\/"},"modified":"2026-04-15T12:58:37","modified_gmt":"2026-04-15T10:58:37","slug":"kuoritut-auringonkukansiemenet-25kg","status":"publish","type":"product","link":"https:\/\/pippifoder.se\/fi\/tuote\/lintujen-ruokaa\/auringonkukansiemenet-linnuille\/kuoritut-auringonkukansiemenet-25kg\/","title":{"rendered":"Kuoritut auringonkukansiemenet 25kg"},"content":{"rendered":"<h2>Miksi kuoritut auringonkukansiemenet?<\/h2>\n<p>Olemme p\u00e4\u00e4tt\u00e4neet tuoda kotiin kuorittuja auringonkukansiemeni\u00e4 muutamasta syyst\u00e4:<\/p>\n<ul>\n<li>Pussillinen kuorittuja auringonkukansiemeni\u00e4 sis\u00e4lt\u00e4\u00e4 kaksi kertaa enemm\u00e4n siemeni\u00e4 kuin pussillinen kuorellisia siemeni\u00e4, kuoret ovat l\u00e4hes 50 % painosta!<\/li>\n<li>K\u00e4yt\u00e4mme puolet v\u00e4hemm\u00e4n pakkauksia, kun kuorta ei tarvitse kuljettaa.<\/li>\n<li>Halvemmat toimitukset, koska emme l\u00e4het\u00e4 romua (kuoret).<\/li>\n<li>Kuoritut auringonkukansiemenet viev\u00e4t vain puolet v\u00e4hemm\u00e4n tilaa saman ruokam\u00e4\u00e4r\u00e4n varastointiin.<\/li>\n<li>Sinun ja naapureidesi ei tarvitse k\u00e4sitell\u00e4 paljon auringonkukan kuorij\u00e4tett\u00e4.<\/li>\n<li>Useammat linnut voivat helpommin sy\u00f6d\u00e4 kuorellisia auringonkukansiemeni\u00e4, mutta kaikilla ei ole todellista kuorenmurskaajan nokkaa.<\/li>\n<\/ul>\n<p>Lue lis\u00e4\u00e4 siit\u00e4, mit\u00e4 lintujen ruokinnassa kannattaa ottaa huomioon tietopankistamme!<\/p>\n<h2>Kuoritut auringonkukansiemenet 25 kg &#8211; Koko<\/h2>\n<p>Joidenkin mielest\u00e4 25 kg kuorittuja auringonkukansiemeni\u00e4 on hieman raskas. Siksi myymme kuorittuja <a href=\"https:\/\/pippifoder.se\/skalade-solrosfron-15kg\/\">auringonkukansiemeni\u00e4 my\u00f6s 15 kg:n painoisina.<\/a> <\/p>\n<p>Meit\u00e4 on my\u00f6s pyydetty tuomaan <span class=\"css-1uwmyp9-text css-aqdypc css-13sga99 css-6n7j50\">20 kiloa auringonkukansiemeni\u00e4, mutta 25 tai 15 kiloa toimii hyvin.<\/span><\/p>\n<div class=\"rank-math-questions-item\"><\/div>\n","protected":false},"excerpt":{"rendered":"<p>Kuoritut auringonkukansiemenet, jotka ovat korkealaatuisia. Kuoritut auringonkukansiemenet sopivat erinomaisesti kaikenlaisille linnuille. 25 kg kuorittuja auringonkukansiemeni\u00e4 vastaa suunnilleen 50 kg kuorittuja auringonkukansiemeni\u00e4.  <\/p>\n<p><strong>Hintatakuu<\/strong>, jos l\u00f6yd\u00e4t halvemman vastaavan tuotteen, vastaamme hintaan!<\/p>\n","protected":false},"featured_media":26158,"comment_status":"closed","ping_status":"closed","template":"","meta":{"_acf_changed":false},"product_brand":[],"product_cat":[131,132,113,127,112,183],"product_tag":[103,100],"class_list":{"0":"post-9266","1":"product","2":"type-product","3":"status-publish","4":"has-post-thumbnail","6":"product_cat-auringonkukansiemenet-linnuille","7":"product_cat-auringonkukansiemenet","8":"product_cat-illiintyneiden-lintujen-siemenet-villiintyneiden-lintujen-ruoka","9":"product_cat-linnunsiemen","10":"product_cat-lintujen-ruokaa","11":"product_cat-mustat-auringonkukansiemenet-linnuille","12":"product_tag-auringonkukansiemenet","13":"product_tag-lintujen-ruokaa","14":"product_shipping_class-ruotsi","16":"first","17":"instock","18":"taxable","19":"shipping-taxable","20":"purchasable","21":"product-type-simple"},"bundled_by":["21501"],"bundle_stock_status":"instock","bundle_stock_quantity":1091,"bundle_virtual":false,"bundle_layout":"","bundle_add_to_cart_form_location":"","bundle_editable_in_cart":false,"bundle_sold_individually_context":"","bundle_item_grouping":"","bundle_min_size":"","bundle_max_size":"","bundle_price":[],"bundled_items":[],"bundle_sell_ids":[],"acf":[],"_links":{"self":[{"href":"https:\/\/pippifoder.se\/fi\/wp-json\/wp\/v2\/product\/9266","targetHints":{"allow":["GET"]}}],"collection":[{"href":"https:\/\/pippifoder.se\/fi\/wp-json\/wp\/v2\/product"}],"about":[{"href":"https:\/\/pippifoder.se\/fi\/wp-json\/wp\/v2\/types\/product"}],"replies":[{"embeddable":true,"href":"https:\/\/pippifoder.se\/fi\/wp-json\/wp\/v2\/comments?post=9266"}],"wp:featuredmedia":[{"embeddable":true,"href":"https:\/\/pippifoder.se\/fi\/wp-json\/wp\/v2\/media\/26158"}],"wp:attachment":[{"href":"https:\/\/pippifoder.se\/fi\/wp-json\/wp\/v2\/media?parent=9266"}],"wp:term":[{"taxonomy":"product_brand","embeddable":true,"href":"https:\/\/pippifoder.se\/fi\/wp-json\/wp\/v2\/product_brand?post=9266"},{"taxonomy":"product_cat","embeddable":true,"href":"https:\/\/pippifoder.se\/fi\/wp-json\/wp\/v2\/product_cat?post=9266"},{"taxonomy":"product_tag","embeddable":true,"href":"https:\/\/pippifoder.se\/fi\/wp-json\/wp\/v2\/product_tag?post=9266"}],"curies":[{"name":"wp","href":"https:\/\/api.w.org\/{rel}","templated":true}]}}