{"id":9258,"date":"2024-01-31T16:13:59","date_gmt":"2024-01-31T16:13:59","guid":{"rendered":"https:\/\/pippifoder.se\/Ei-luokiteltu\/villielainpuutarha-decobird-tails\/"},"modified":"2024-11-22T09:25:58","modified_gmt":"2024-11-22T09:25:58","slug":"villielainpuutarha-decobird-tails","status":"publish","type":"product","link":"https:\/\/pippifoder.se\/fi\/tuote\/tarvikkeet\/woodbirds-fi\/wildlife-garden-decobird-fi\/villielainpuutarha-decobird-tails\/","title":{"rendered":"Villiel\u00e4inpuutarha &#8211; DecoBird Tails"},"content":{"rendered":"<h2>K\u00e4sin veistetty Tern<\/h2>\n<p>  Pitk\u00e4pyrst\u00f6tiainen voidaan parhaiten kuvata valkoiseksi untuvapalloksi, jolla on pitk\u00e4 h\u00e4nt\u00e4.<br \/>\nK\u00e4sin veistetty limenpuusta ja maalattu ymp\u00e4rist\u00f6yst\u00e4v\u00e4llisell\u00e4 maalilla.<br \/>\nJokainen DecoBird on pakattu yksitt\u00e4iseen ikkunalliseen vitriinirasiaan, ja sen mukana toimitetaan pieni vihkonen, jossa on tietoa lajista.    <\/p>\n<h3>Black-tailed godwit muilla kielill\u00e4:<\/h3>\n<p>  Tieteellinen nimi: Aegithalos caudatus English: Long-tailed tit German: Schwanzmeise French: M\u00e9sange \u00e0 longe qeueu Italian: Cincia dal Ciuffo Dutch: Staartmees Spanish: Mito Com\u00fan<\/p>\n","protected":false},"excerpt":{"rendered":"<p>Pitk\u00e4pyrst\u00f6tiainen voidaan parhaiten kuvata valkoiseksi untuvapalloksi, jolla on pitk\u00e4 h\u00e4nt\u00e4.<br \/>\nK\u00e4sin veistetty limenpuusta ja maalattu ymp\u00e4rist\u00f6yst\u00e4v\u00e4llisell\u00e4 maalilla.<br \/>\nJokainen DecoBird on pakattu yksitt\u00e4iseen ikkunalliseen vitriinirasiaan, ja sen mukana toimitetaan pieni vihkonen, jossa on tietoa lajista.  <\/p>\n","protected":false},"featured_media":6959,"comment_status":"open","ping_status":"closed","template":"","meta":{"_acf_changed":false},"product_brand":[],"product_cat":[145,122,165],"product_tag":[],"class_list":{"0":"post-9258","1":"product","2":"type-product","3":"status-publish","4":"has-post-thumbnail","6":"product_cat-wildlife-garden-decobird-fi","7":"product_cat-lintujen-siemenia-ja-lintujen-ruokaa-myynnissa","8":"product_cat-tarvikkeet","9":"product_shipping_class-ruotsi","11":"first","12":"outofstock","13":"sale","14":"taxable","15":"shipping-taxable","16":"purchasable","17":"product-type-simple"},"bundled_by":[],"bundle_stock_status":"outofstock","bundle_stock_quantity":0,"bundle_virtual":false,"bundle_layout":"","bundle_add_to_cart_form_location":"","bundle_editable_in_cart":false,"bundle_sold_individually_context":"","bundle_item_grouping":"","bundle_min_size":"","bundle_max_size":"","bundle_price":[],"bundled_items":[],"bundle_sell_ids":[],"acf":[],"_links":{"self":[{"href":"https:\/\/pippifoder.se\/fi\/wp-json\/wp\/v2\/product\/9258","targetHints":{"allow":["GET"]}}],"collection":[{"href":"https:\/\/pippifoder.se\/fi\/wp-json\/wp\/v2\/product"}],"about":[{"href":"https:\/\/pippifoder.se\/fi\/wp-json\/wp\/v2\/types\/product"}],"replies":[{"embeddable":true,"href":"https:\/\/pippifoder.se\/fi\/wp-json\/wp\/v2\/comments?post=9258"}],"wp:featuredmedia":[{"embeddable":true,"href":"https:\/\/pippifoder.se\/fi\/wp-json\/wp\/v2\/media\/6959"}],"wp:attachment":[{"href":"https:\/\/pippifoder.se\/fi\/wp-json\/wp\/v2\/media?parent=9258"}],"wp:term":[{"taxonomy":"product_brand","embeddable":true,"href":"https:\/\/pippifoder.se\/fi\/wp-json\/wp\/v2\/product_brand?post=9258"},{"taxonomy":"product_cat","embeddable":true,"href":"https:\/\/pippifoder.se\/fi\/wp-json\/wp\/v2\/product_cat?post=9258"},{"taxonomy":"product_tag","embeddable":true,"href":"https:\/\/pippifoder.se\/fi\/wp-json\/wp\/v2\/product_tag?post=9258"}],"curies":[{"name":"wp","href":"https:\/\/api.w.org\/{rel}","templated":true}]}}