{"id":9252,"date":"2024-06-28T12:00:08","date_gmt":"2024-06-28T12:00:08","guid":{"rendered":"https:\/\/pippifoder.se\/Ei-luokiteltu\/kuorettomat-hienonnetut-auringonkukansiemenet-15kg\/"},"modified":"2026-04-03T05:01:35","modified_gmt":"2026-04-03T05:01:35","slug":"kuorettomat-hienonnetut-auringonkukansiemenet-15kg","status":"publish","type":"product","link":"https:\/\/pippifoder.se\/fi\/tuote\/lintujen-ruokaa\/auringonkukansiemenet-linnuille\/kuorettomat-hienonnetut-auringonkukansiemenet-15kg\/","title":{"rendered":"Kuorettomat, hienonnetut auringonkukansiemenet 25kg"},"content":{"rendered":"<h2>Korkean energiam\u00e4\u00e4r\u00e4n rehu kaikille luonnonvaraisille linnuille<\/h2>\n<p><strong> Kuoritut ja hienonnetut auringonkukansiemenemme<\/strong> tarjoavat tiiviin rasvan ja ravintoaineiden l\u00e4hteen, jotka ovat elint\u00e4rkeit\u00e4 lintujen terveydelle ja energialle. T\u00e4ss\u00e4 kerrotaan, miksi t\u00e4m\u00e4 lintujen ruoka on niin tehokasta: <\/p>\n<ul>\n<li><strong>Korkea rasvapitoisuus<\/strong> &#8211; Auringonkukansiemeniss\u00e4 on luonnostaan runsaasti \u00f6ljyj\u00e4 ja rasvahappoja, jotka antavat merkitt\u00e4v\u00e4\u00e4 energiantuottoa, joka on erityisen t\u00e4rke\u00e4\u00e4 kylmin\u00e4 talvikuukausina ja kasvatuskaudella. Korkean rasvapitoisuuden ansiosta linnut voivat rakentaa ja yll\u00e4pit\u00e4\u00e4 vahvaa ja tervett\u00e4 h\u00f6yhenpeitett\u00e4. <\/li>\n<li><strong>Helppo sulatus<\/strong> &#8211; Auringonkukansiemenemme on kuorittu ja hienonnettu, jotta lintujen on helpompi sy\u00f6d\u00e4 ja sulattaa ne. T\u00e4m\u00e4 v\u00e4hent\u00e4\u00e4 roiskumisen m\u00e4\u00e4r\u00e4\u00e4 ja helpottaa pienempien lintujen ravinnon saantia ilman, ett\u00e4 niiden tarvitsee ty\u00f6st\u00e4\u00e4 kovia kuoria. <\/li>\n<li><strong>Korkea ravintoainepitoisuus<\/strong> &#8211; Rasvahappojen lis\u00e4ksi auringonkukansiemenet ovat my\u00f6s hyv\u00e4 proteiinien ja vitamiinien, kuten E-vitamiinin, l\u00e4hde, joka tukee lintujen immuunij\u00e4rjestelm\u00e4\u00e4 ja lis\u00e4\u00e4ntymisterveytt\u00e4. T\u00e4m\u00e4 tekee niist\u00e4 erinomaisen lis\u00e4n monipuoliseen ruokavalioon. <\/li>\n<\/ul>\n<h2>Hienonnettujen auringonkukansiementen edut<\/h2>\n<p>Luonnonvaraisten lintujen ruokkiminen <strong>hienonnetuilla auringonkukansiemenill\u00e4<\/strong> tarjoaa useita etuja, jotka edist\u00e4v\u00e4t lintujen hyvinvointia ja selviytymist\u00e4: <\/p>\n<ol>\n<li>\nP<strong>aljon energiaa kylm\u00e4\u00e4n ilmastoon<\/strong> Korkea rasvapitoisuus tekee n\u00e4ist\u00e4 siemenist\u00e4 erityisen arvokkaita talvikuukausina, jolloin linnut tarvitsevat lis\u00e4energiaa pysy\u00e4kseen l\u00e4mpim\u00e4n\u00e4. Siemenet auttavat lintuja selviytym\u00e4\u00e4n kovimmistakin s\u00e4\u00e4olosuhteista tarjoamalla niille nopean ja tehokkaan energiansaannin. <\/li>\n<li>\nS<strong>opii kaikille lintulajeille<\/strong> Kuorelliset ja hienonnetut siemenemme ovat houkuttelevia monille lintulajeille, kuten tiaisille, varpuslinnuille ja peipposille. T\u00e4m\u00e4 monipuolisuus tekee niist\u00e4 erinomaisen valinnan houkutellaksesi monipuolisen lintulajiston puutarhaan. <\/li>\n<li>\nV<strong>\u00e4hemm\u00e4n roiskeita ja puhtaammat ruokintapaikat<\/strong> Koska siemenet on kuorittu ja pilkottu, roiskeita ja j\u00e4tett\u00e4 syntyy v\u00e4hemm\u00e4n kuin kokonaisia siemeni\u00e4. T\u00e4m\u00e4 auttaa pit\u00e4m\u00e4\u00e4n ruokintapaikan puhtaana ja v\u00e4hent\u00e4\u00e4 tuholaisten ja homeen riski\u00e4. <\/li>\n<li>\nH<strong>elppo k\u00e4ytt\u00e4\u00e4 ja levitt\u00e4\u00e4<\/strong> Pilkottuja auringonkukansiemeni\u00e4 voidaan k\u00e4ytt\u00e4\u00e4 lintujen ruokintalaitteissa, lintulaudoilla tai suoraan maassa, joten niit\u00e4 on helppo levitt\u00e4\u00e4 ja ne ovat kaikkien lintulajien saatavilla.<\/li>\n<\/ol>\n<h2>Mitk\u00e4 linnut sy\u00f6v\u00e4t silputtuja auringonkukansiemeni\u00e4?<\/h2>\n<p>Monet eri lintulajit arvostavat <strong>silputtuja auringonkukansiemeni\u00e4<\/strong>. Seuraavassa luetellaan joitakin lajeja, jotka hy\u00f6tyv\u00e4t erityisesti t\u00e4st\u00e4 ravitsevasta linturuoasta: <\/p>\n<ul>\n<li><a href=\"https:\/\/pippifoder.se\/fi\/linnut\/sinitiainen-cyanistes-caeruleus\/\"><strong>Siniset tissit<\/strong><\/a> &#8211; Pienet palat on helppo sy\u00f6d\u00e4, ja ne antavat energiaa, joka sopii t\u00e4ydellisesti kylmiin talvip\u00e4iviin.<\/li>\n<li><a href=\"https:\/\/pippifoder.se\/fi\/linnut\/talitiainen-parus-major\/\"><strong>Valkoposkihanhet<\/strong><\/a> &#8211; Saavat nopeasti ja tehokkaasti runsaasti rasvaa sis\u00e4lt\u00e4vi\u00e4 ravintoaineita, mik\u00e4 on t\u00e4rke\u00e4\u00e4 pesim\u00e4aikana.<\/li>\n<li><a href=\"https:\/\/pippifoder.se\/fi\/linnut\/viherpeippo-chloris-chloris\/\"><strong>Viherpeippoja<\/strong><\/a> &#8211; hy\u00f6tyv\u00e4t ravitsevasta ja helposti sulavasta ruokavaliosta, joka auttaa niit\u00e4 pysym\u00e4\u00e4n aktiivisina ja tervein\u00e4.<\/li>\n<li><a href=\"https:\/\/pippifoder.se\/fi\/linnut\/punatulkku-pyrrhula-pyrrhula\/\"><strong>Mets\u00e4kauris<\/strong><\/a> &#8211; Nauttivat runsaasti \u00f6ljy\u00e4 sis\u00e4lt\u00e4vist\u00e4 siemenist\u00e4 erityisesti talvella, jolloin ne tarvitsevat ylim\u00e4\u00e4r\u00e4ist\u00e4 rasvaa.<\/li>\n<li><a href=\"https:\/\/pippifoder.se\/fi\/linnut\/keltasirkku-emberiza-citrinella\/\"><strong>Keltaiset varpuset<\/strong> <\/a>&#8211; K\u00e4ytt\u00e4\u00e4 siemeni\u00e4 luotettavana energianl\u00e4hteen\u00e4, joka on helppo sy\u00f6d\u00e4 ja sulattaa.<\/li>\n<\/ul>\n<h2>Kuinka ruokkia luonnonvaraisia lintuja silputtujen auringonkukansiementen avulla?<\/h2>\n<ol>\n<li>\nV<strong>alitse oikea ruokintamenetelm\u00e4<\/strong> Levit\u00e4 siemenet<a href=\"https:\/\/pippifoder.se\/fi\/lintujen-ruokinta\/\">lintujen ruokintalaitteeseen<\/a>, lintulaudalle tai suoraan maahan. Sovita ruokintamenetelm\u00e4 sen lintulajin mukaan, jota haluat houkutella. <\/li>\n<li>\nS<strong>ijoita ruokinta turvalliseen paikkaan<\/strong> Sijoita ruokinta paikkaan, jossa linnut tuntevat olonsa turvalliseksi saalistajilta. Paikka pensaiden tai puiden l\u00e4hell\u00e4 on ihanteellinen, sill\u00e4 se tarjoaa suojaa ja ruokintapaikan l\u00e4heisyyden. <\/li>\n<li>\nT<strong>\u00e4yt\u00e4 s\u00e4\u00e4nn\u00f6llisesti<\/strong> Pid\u00e4 sy\u00f6tt\u00f6laite t\u00e4ynn\u00e4 tuoreita siemeni\u00e4 ja tarkkaile ruokintapaikkaa, jotta se pysyy vapaana vanhasta ruoasta ja j\u00e4tteist\u00e4. N\u00e4in varmistetaan, ett\u00e4 linnuilla on jatkuva ravinnonl\u00e4hde. <\/li>\n<li>\nP<strong>uhdista sy\u00f6tt\u00f6laite<\/strong> Est\u00e4\u00e4ksesi tauteja ja pit\u00e4\u00e4ksesi siemenet tuoreina, puhdista sy\u00f6tt\u00f6laite s\u00e4\u00e4nn\u00f6llisesti l\u00e4mpim\u00e4ll\u00e4 vedell\u00e4 ja miedolla saippualla. N\u00e4in ruokinta-alue pysyy hygieenisen\u00e4 ja houkuttelevana linnuille. <\/li>\n<\/ol>\n<h2>Tilaa silputtuja auringonkukansiemeni\u00e4 jo t\u00e4n\u00e4\u00e4n!<\/h2>\n<p>Anna luonnonvaraisille linnuillesi ravitsevaa ja helposti sulavaa energiaa <strong>silputtujen auringonkukansiementen<\/strong> avulla. Tilaa nyt ja katso, kuinka puutarhasi t\u00e4yttyy onnellisista ja terveist\u00e4 linnuista! <\/p>\n","protected":false},"excerpt":{"rendered":"<p>Pilkotut auringonkukansiemenet sopivat hyvin pienemmille linnuille, joiden on vaikea sy\u00f6d\u00e4 kokonaisia auringonkukansiemeni\u00e4. Anna luonnonvaraisille linnuillesi erinomainen energianl\u00e4hde <strong>kuorittujen, hienonnettujen auringonkukansiementen<\/strong> avulla. T\u00e4m\u00e4 ensiluokkainen lintujen ruoka on suunniteltu tarjoamaan korkeaa rasvapitoisuutta ja helppoa sulatusta, joten se on ihanteellinen lintujen tukemiseen ymp\u00e4ri vuoden.  <\/p>\n<p class=\"price\">\n","protected":false},"featured_media":20720,"comment_status":"open","ping_status":"closed","template":"","meta":{"_acf_changed":false},"product_brand":[],"product_cat":[131,112],"product_tag":[],"class_list":{"0":"post-9252","1":"product","2":"type-product","3":"status-publish","4":"has-post-thumbnail","6":"product_cat-auringonkukansiemenet-linnuille","7":"product_cat-lintujen-ruokaa","8":"product_group-25kg-sack","10":"first","11":"instock","12":"taxable","13":"shipping-taxable","14":"purchasable","15":"product-type-simple"},"bundled_by":[],"bundle_stock_status":"instock","bundle_stock_quantity":261,"bundle_virtual":false,"bundle_layout":"","bundle_add_to_cart_form_location":"","bundle_editable_in_cart":false,"bundle_sold_individually_context":"","bundle_item_grouping":"","bundle_min_size":"","bundle_max_size":"","bundle_price":[],"bundled_items":[],"bundle_sell_ids":[],"acf":[],"_links":{"self":[{"href":"https:\/\/pippifoder.se\/fi\/wp-json\/wp\/v2\/product\/9252","targetHints":{"allow":["GET"]}}],"collection":[{"href":"https:\/\/pippifoder.se\/fi\/wp-json\/wp\/v2\/product"}],"about":[{"href":"https:\/\/pippifoder.se\/fi\/wp-json\/wp\/v2\/types\/product"}],"replies":[{"embeddable":true,"href":"https:\/\/pippifoder.se\/fi\/wp-json\/wp\/v2\/comments?post=9252"}],"wp:featuredmedia":[{"embeddable":true,"href":"https:\/\/pippifoder.se\/fi\/wp-json\/wp\/v2\/media\/20720"}],"wp:attachment":[{"href":"https:\/\/pippifoder.se\/fi\/wp-json\/wp\/v2\/media?parent=9252"}],"wp:term":[{"taxonomy":"product_brand","embeddable":true,"href":"https:\/\/pippifoder.se\/fi\/wp-json\/wp\/v2\/product_brand?post=9252"},{"taxonomy":"product_cat","embeddable":true,"href":"https:\/\/pippifoder.se\/fi\/wp-json\/wp\/v2\/product_cat?post=9252"},{"taxonomy":"product_tag","embeddable":true,"href":"https:\/\/pippifoder.se\/fi\/wp-json\/wp\/v2\/product_tag?post=9252"}],"curies":[{"name":"wp","href":"https:\/\/api.w.org\/{rel}","templated":true}]}}