{"id":9247,"date":"2024-07-17T06:31:30","date_gmt":"2024-07-17T06:31:30","guid":{"rendered":"https:\/\/pippifoder.se\/Ei-luokiteltu\/lintukylpy-lintu-vasaroidussa-tinassa-25cm\/"},"modified":"2024-07-17T06:31:30","modified_gmt":"2024-07-17T06:31:30","slug":"lintukylpy-lintu-vasaroidussa-tinassa-25cm","status":"publish","type":"product","link":"https:\/\/pippifoder.se\/fi\/tuote\/tarvikkeet\/lintujen-kylpyamme\/lintukylpy-lintu-vasaroidussa-tinassa-25cm\/","title":{"rendered":"Lintukylpy lintu vasaroidussa tinassa &#8211; 25cm"},"content":{"rendered":"<h2>Tuotespesifikaatio &#8211; Lintukylpy lintu vasaroidussa tinassa &#8211; 25cm<\/h2>\n<p><b>Mitat <\/b>&#8211; Kulhon halkaisija on 25 cm, kepin korkeus on noin 115 cm.<br \/>\n<strong>Materiaali<\/strong> &#8211; Vasaroitu metallilevy <\/p>\n","protected":false},"excerpt":{"rendered":"<p>T\u00e4ss\u00e4 koristeellisella linnulla koristellussa vasaroidusta tina-altaasta valmistetussa lintukylvyss\u00e4 on k\u00e4tev\u00e4 kiinnitystappi, jonka avulla se on helppo sijoittaa.<br \/>\nVoit yksinkertaisesti pist\u00e4\u00e4 sen maahan juuri sinne, minne haluat, jolloin se on helppo siirt\u00e4\u00e4 tarvittaessa.<br \/>\nLintukylpy on helppo sijoittaa ja se on kaunis yksityiskohta puutarhassa tai parvekkeella.<br \/>\nT\u00e4ydellinen sijoitettavaksi suoraan kukkapenkkiin, johon se sulautuu ja edist\u00e4\u00e4 harmonista ja kutsuvaa ilmapiiri\u00e4 sek\u00e4 linnuille ett\u00e4 ihmisille.   <\/p>\n","protected":false},"featured_media":7508,"comment_status":"open","ping_status":"closed","template":"","meta":{"_acf_changed":false},"product_brand":[],"product_cat":[163],"product_tag":[],"class_list":{"0":"post-9247","1":"product","2":"type-product","3":"status-publish","4":"has-post-thumbnail","6":"product_cat-lintujen-kylpyamme","8":"first","9":"outofstock","10":"taxable","11":"shipping-taxable","12":"purchasable","13":"product-type-simple"},"bundled_by":[],"bundle_stock_status":"outofstock","bundle_stock_quantity":0,"bundle_virtual":false,"bundle_layout":"","bundle_add_to_cart_form_location":"","bundle_editable_in_cart":false,"bundle_sold_individually_context":"","bundle_item_grouping":"","bundle_min_size":"","bundle_max_size":"","bundle_price":[],"bundled_items":[],"bundle_sell_ids":[],"acf":[],"_links":{"self":[{"href":"https:\/\/pippifoder.se\/fi\/wp-json\/wp\/v2\/product\/9247","targetHints":{"allow":["GET"]}}],"collection":[{"href":"https:\/\/pippifoder.se\/fi\/wp-json\/wp\/v2\/product"}],"about":[{"href":"https:\/\/pippifoder.se\/fi\/wp-json\/wp\/v2\/types\/product"}],"replies":[{"embeddable":true,"href":"https:\/\/pippifoder.se\/fi\/wp-json\/wp\/v2\/comments?post=9247"}],"wp:featuredmedia":[{"embeddable":true,"href":"https:\/\/pippifoder.se\/fi\/wp-json\/wp\/v2\/media\/7508"}],"wp:attachment":[{"href":"https:\/\/pippifoder.se\/fi\/wp-json\/wp\/v2\/media?parent=9247"}],"wp:term":[{"taxonomy":"product_brand","embeddable":true,"href":"https:\/\/pippifoder.se\/fi\/wp-json\/wp\/v2\/product_brand?post=9247"},{"taxonomy":"product_cat","embeddable":true,"href":"https:\/\/pippifoder.se\/fi\/wp-json\/wp\/v2\/product_cat?post=9247"},{"taxonomy":"product_tag","embeddable":true,"href":"https:\/\/pippifoder.se\/fi\/wp-json\/wp\/v2\/product_tag?post=9247"}],"curies":[{"name":"wp","href":"https:\/\/api.w.org\/{rel}","templated":true}]}}