{"id":9240,"date":"2024-07-17T08:17:38","date_gmt":"2024-07-17T08:17:38","guid":{"rendered":"https:\/\/pippifoder.se\/Ei-luokiteltu\/puolikas-kookospahkinan-kuori-jossa-on-rasvaa-ja-siemenia\/"},"modified":"2026-04-15T12:58:04","modified_gmt":"2026-04-15T10:58:04","slug":"puolikas-kookospahkinan-kuori-jossa-on-rasvaa-ja-siemenia","status":"publish","type":"product","link":"https:\/\/pippifoder.se\/fi\/tuote\/lintujen-ruokaa\/rasvasiemenseos\/puolikas-kookospahkinan-kuori-jossa-on-rasvaa-ja-siemenia\/","title":{"rendered":"Puolikas kookosp\u00e4hkin\u00e4n kuori, jossa on rasvaa ja siemeni\u00e4"},"content":{"rendered":"","protected":false},"excerpt":{"rendered":"<p>Puolikas kookosp\u00e4hkin\u00e4n kuori, jossa on rasvaa ja siemeni\u00e4, puutarhalinnuille vain ripustettavaksi puutarhaan. Hyv\u00e4\u00e4 ravintoa puutarhalinnuille <\/p>\n","protected":false},"featured_media":7514,"comment_status":"closed","ping_status":"closed","template":"","meta":{"_acf_changed":false},"product_brand":[],"product_cat":[126,112],"product_tag":[],"class_list":{"0":"post-9240","1":"product","2":"type-product","3":"status-publish","4":"has-post-thumbnail","6":"product_cat-rasvasiemenseos","7":"product_cat-lintujen-ruokaa","9":"first","10":"outofstock","11":"taxable","12":"shipping-taxable","13":"purchasable","14":"product-type-simple"},"bundled_by":[],"bundle_stock_status":"outofstock","bundle_stock_quantity":0,"bundle_virtual":false,"bundle_layout":"","bundle_add_to_cart_form_location":"","bundle_editable_in_cart":false,"bundle_sold_individually_context":"","bundle_item_grouping":"","bundle_min_size":"","bundle_max_size":"","bundle_price":[],"bundled_items":[],"bundle_sell_ids":[],"acf":[],"_links":{"self":[{"href":"https:\/\/pippifoder.se\/fi\/wp-json\/wp\/v2\/product\/9240","targetHints":{"allow":["GET"]}}],"collection":[{"href":"https:\/\/pippifoder.se\/fi\/wp-json\/wp\/v2\/product"}],"about":[{"href":"https:\/\/pippifoder.se\/fi\/wp-json\/wp\/v2\/types\/product"}],"replies":[{"embeddable":true,"href":"https:\/\/pippifoder.se\/fi\/wp-json\/wp\/v2\/comments?post=9240"}],"wp:featuredmedia":[{"embeddable":true,"href":"https:\/\/pippifoder.se\/fi\/wp-json\/wp\/v2\/media\/7514"}],"wp:attachment":[{"href":"https:\/\/pippifoder.se\/fi\/wp-json\/wp\/v2\/media?parent=9240"}],"wp:term":[{"taxonomy":"product_brand","embeddable":true,"href":"https:\/\/pippifoder.se\/fi\/wp-json\/wp\/v2\/product_brand?post=9240"},{"taxonomy":"product_cat","embeddable":true,"href":"https:\/\/pippifoder.se\/fi\/wp-json\/wp\/v2\/product_cat?post=9240"},{"taxonomy":"product_tag","embeddable":true,"href":"https:\/\/pippifoder.se\/fi\/wp-json\/wp\/v2\/product_tag?post=9240"}],"curies":[{"name":"wp","href":"https:\/\/api.w.org\/{rel}","templated":true}]}}