{"id":9219,"date":"2024-06-28T10:41:17","date_gmt":"2024-06-28T10:41:17","guid":{"rendered":"https:\/\/pippifoder.se\/Ei-luokiteltu\/villilintusekoitus-ilman-kuorta-15kg\/"},"modified":"2026-04-03T05:02:58","modified_gmt":"2026-04-03T05:02:58","slug":"villilintusekoitus-ilman-kuorta-15kg","status":"publish","type":"product","link":"https:\/\/pippifoder.se\/fi\/tuote\/lintujen-ruokaa\/wild-bird-mix\/villilintusekoitus-ilman-kuorta-15kg\/","title":{"rendered":"Villiintyneiden lintujen sekoitus ilman kuorta 15kg"},"content":{"rendered":"<h2>Wild bird mix no mess &#8211; kuoreton rehuseos puhtaaseen ja k\u00e4tev\u00e4\u00e4n ruokintaan.<\/h2>\n<p><strong>Villiintyneiden lintujen ruokasekoituksemme<\/strong> on suunniteltu erityisesti t\u00e4ytt\u00e4m\u00e4\u00e4n luonnonvaraisten lintujen energiantarve ja v\u00e4hent\u00e4m\u00e4\u00e4n j\u00e4tett\u00e4: <\/p>\n<ul>\n<li><strong>Kuoreton koostumus<\/strong> &#8211; T\u00e4m\u00e4n seoksen siemenet on kuorittu, mik\u00e4 minimoi roiskeet ja pit\u00e4\u00e4 ruokinta-alueen puhtaana. T\u00e4m\u00e4 tekee ruokinnasta k\u00e4yt\u00e4nn\u00f6llist\u00e4 ja hygieenist\u00e4 erityisesti puutarhassa ja terasseilla. <\/li>\n<li><strong>Laaja ravintoprofiili &#8211;<\/strong> Seos sis\u00e4lt\u00e4\u00e4 tasapainoisen yhdistelm\u00e4n <a href=\"https:\/\/pippifoder.se\/fi\/auringonkukansiemenet-linnuille\/\">auringonkukansiemeni\u00e4,<\/a> maissia, hirssi\u00e4, kauraa, maap\u00e4hkin\u00f6it\u00e4 ja vehn\u00e4\u00e4 <a href=\"https:\/\/pippifoder.se\/fi\/maapahkinat\/\">, mik\u00e4 takaa<\/a> linnuille monipuolisen ja ravitsevan ruokavalion. Jokainen ainesosa on valittu huolellisesti, jotta ravintoarvo olisi mahdollisimman suuri ja jotta se antaisi terveytt\u00e4 ja elinvoimaa varten tarvittavaa energiaa.<\/li>\n<li><strong>Paljon energiaa<\/strong> &#8211; Auringonkukansiemenet ja maap\u00e4hkin\u00e4t tarjoavat runsaasti rasvaa ja proteiineja, kun taas rouhitut maissinsiemenet ja hirssi tarjoavat nopeasti energiaa lintujen p\u00e4ivitt\u00e4iseen toimintaan ja aineenvaihdunnan tarpeisiin.<\/li>\n<li><strong>Helppo sulatus<\/strong> &#8211; Koska siemenet ovat kuorittuja, lintujen on helpompi sy\u00f6d\u00e4 ja sulattaa ne, mik\u00e4 tekee niist\u00e4 erinomaisen ruokintaratkaisun pienille linnuille ja muille lajeille, jotka tarvitsevat nopeasti energiaa.<\/li>\n<\/ul>\n<h2>Ei sotkua -villilintusekoituksemme edut<\/h2>\n<p><strong>Villiintyneiden lintujen ruokintaseoksemme<\/strong> tarjoaa useita etuja, jotka tekev\u00e4t ruokinnasta helppoa ja tehokasta: <\/p>\n<ul>\n<li><strong>Tukee lintujen terveytt\u00e4<\/strong><br \/>\nRavintoainepitoinen sekoitus sis\u00e4lt\u00e4\u00e4 v\u00e4ltt\u00e4m\u00e4tt\u00f6mi\u00e4 rasvahappoja, proteiineja ja vitamiineja, jotka tukevat lintujen terveytt\u00e4 ja auttavat niit\u00e4 rakentamaan vahvan h\u00f6yhenen ja yll\u00e4pit\u00e4m\u00e4\u00e4n vahvaa immuunij\u00e4rjestelm\u00e4\u00e4.<\/li>\n<li>\nV<strong>\u00e4hemm\u00e4n roiskeita ja puhtaammat ruokinta-alueet<\/strong> Kuorettomalla kaavalla v\u00e4ltyt\u00e4\u00e4n j\u00e4tteilt\u00e4 ja roiskeilta, mik\u00e4 helpottaa ruokinta-alueen pit\u00e4mist\u00e4 puhtaana ja tuholaisista vapaana. N\u00e4in ruokintaymp\u00e4rist\u00f6 on parempi ja hygieenisempi. <\/li>\n<li>\nH<strong>elppo k\u00e4ytt\u00e4\u00e4 ja levitt\u00e4\u00e4<\/strong> Seos on helppo levitt\u00e4\u00e4 maahan, lintujen ruokinta-astioihin tai lintulaudoille, joten se on joustava ja soveltuu erilaisille ruokintamenetelmille ja lintulajeille.<\/li>\n<li>\nY<strong>mp\u00e4rist\u00f6yst\u00e4v\u00e4llinen vaihtoehto<\/strong> T\u00e4m\u00e4 rehuseos v\u00e4hent\u00e4\u00e4 j\u00e4tett\u00e4 ja vuotoja, mik\u00e4 auttaa v\u00e4hent\u00e4m\u00e4\u00e4n ymp\u00e4rist\u00f6vaikutuksia ja tukee kest\u00e4v\u00e4mp\u00e4\u00e4 el\u00e4m\u00e4ntapaa.<\/li>\n<\/ul>\n<h2>Mitk\u00e4 linnut sy\u00f6v\u00e4t luonnonvaraisten lintujen sekoitusta ilman sotkua?<\/h2>\n<p><strong>Villiintyneiden lintujen ruokasekoituksemme<\/strong> on monenlaisten lintulajien suosiossa. Seuraavassa luetellaan joitakin lajeja, jotka arvostavat erityisesti t\u00e4t\u00e4 kuoretonta sekoitusta: <\/p>\n<ul>\n<li><a href=\"https:\/\/pippifoder.se\/fi\/linnut\/vihervarpunen-spinus-spinus\/\"><strong>Vihre\u00e4t lehm\u00e4t<\/strong><\/a> &#8211; hy\u00f6tyv\u00e4t sekoituksen tarjoamasta runsasenergisest\u00e4 ruokavaliosta, joka auttaa niit\u00e4 pysym\u00e4\u00e4n aktiivisina ja tervein\u00e4.<\/li>\n<li><a href=\"https:\/\/pippifoder.se\/fi\/linnut\/tikli-carduelis-carduelis\/\"><strong>Kultasirkut<\/strong><\/a> &#8211; Saa nopeasti energiaa kuorellisista auringonkukansiemenist\u00e4 ja hirsist\u00e4, jotka tukevat niiden vilkasta k\u00e4ytt\u00e4ytymist\u00e4 ja v\u00e4rik\u00e4st\u00e4 h\u00f6yhenpeitett\u00e4.<\/li>\n<li><a href=\"https:\/\/pippifoder.se\/fi\/linnut\/pahkinanakkeli-sitta-europaea\/\"><strong>Naudanliha<\/strong><\/a> &#8211; K\u00e4yt\u00e4 seosta luotettavana rasva- ja valkuaisainel\u00e4hteen\u00e4, joka on ratkaisevan t\u00e4rke\u00e4\u00e4 niiden energiantarpeen tyydytt\u00e4miseksi kylmin\u00e4 kuukausina.<\/li>\n<li><a href=\"https:\/\/pippifoder.se\/fi\/linnut\/viitatiainen-poecile-palustris\/\"><strong>Yksik\u00f6t<\/strong><\/a> &#8211; Nauttivat monipuolisesta ruokavaliosta ja hy\u00f6tyv\u00e4t ravitsevista ainesosista, jotka tukevat heid\u00e4n p\u00e4ivitt\u00e4ist\u00e4 toimintaansa.<\/li>\n<li><a href=\"https:\/\/pippifoder.se\/fi\/linnut\/punarinta-erithacus-rubecula\/\"><strong>Robin<\/strong><\/a> &#8211; Hy\u00f6dynt\u00e4v\u00e4t helposti saatavilla olevaa ruokaa t\u00e4ydent\u00e4\u00e4kseen energiavarastojaan ja s\u00e4ilytt\u00e4\u00e4kseen terveytens\u00e4 l\u00e4pi vuoden.<\/li>\n<li><a href=\"https:\/\/pippifoder.se\/fi\/linnut\/mustarastas-turdus-merula\/\"><strong>Mustarastas<\/strong><\/a> &#8211; Saavat helposti ravintoa ja runsaasti energiaa sis\u00e4lt\u00e4vi\u00e4 siemeni\u00e4, jotka auttavat niit\u00e4 pysym\u00e4\u00e4n vahvoina ja elinvoimaisina.<\/li>\n<\/ul>\n<h2>Miten ruokkia luonnonvaraisia lintuja luonnonvaraisten lintujen sekoituksellamme ilman sotkua<\/h2>\n<ol>\n<li><strong>Valitse oikea ruokintamenetelm\u00e4<\/strong><br \/>\n<a href=\"https:\/\/pippifoder.se\/fi\/lintujen-ruokinta\/\"> K\u00e4yt\u00e4 lintujen ruokintalaitetta, levit\u00e4 seos lintulaudalle tai suoraan maahan.<\/a> Mukauta menetelm\u00e4 sen mukaan, mit\u00e4 lintulajeja haluat houkutella puutarhaan.<\/li>\n<li>\nS<strong>ijoita ruokinta turvalliseen paikkaan<\/strong> Ripusta tai aseta ruokinta paikkaan, jossa linnut tuntevat olonsa turvalliseksi saalistajilta. Paikka l\u00e4hell\u00e4 pensaita tai puita tarjoaa suojaa ja helpon p\u00e4\u00e4syn ruokintapaikalle. <\/li>\n<li>\nT<strong>\u00e4yt\u00e4 s\u00e4\u00e4nn\u00f6llisesti<\/strong> Jotta linnut saisivat jatkuvasti ravintoa, t\u00e4yt\u00e4 ruokinta s\u00e4\u00e4nn\u00f6llisesti ja tarkkaile ruokintapaikkaa, jotta se pysyy vapaana vanhasta ruoasta ja j\u00e4tteist\u00e4.<\/li>\n<li>\nPid\u00e4 ruokintapaikka hygieenisen\u00e4 <strong>puhdistamalla<\/strong> ruokintapaikka s\u00e4\u00e4nn\u00f6llisesti l\u00e4mpim\u00e4ll\u00e4 vedell\u00e4 ja miedolla saippualla. T\u00e4m\u00e4 v\u00e4hent\u00e4\u00e4 sairastumisriski\u00e4 ja pit\u00e4\u00e4 seoksen tuoreena pidemp\u00e4\u00e4n. <\/li>\n<\/ol>\n<h2>Tilaa luonnonvaraisten lintujen sekoitus ilman sotkua jo t\u00e4n\u00e4\u00e4n!<\/h2>\n<p>Tarjoa luonnonvaraisille linnuillesi laadukasta ravintoa ja pid\u00e4 ruokinta-alue siistin\u00e4 <strong>luonnonvaraisten lintujen ruokintasekoituksellamme<\/strong>. Tilaa nyt ja luo viihtyis\u00e4 ymp\u00e4rist\u00f6 h\u00f6yhenpeitteisille yst\u00e4villesi! <\/p>\n","protected":false},"excerpt":{"rendered":"<p>Paranna lintujen ruokintaa puutarhassasi <strong>luonnonvaraisten lintujen ruokintasekoituksellamme <\/strong>, joka sis\u00e4lt\u00e4\u00e4 siemeni\u00e4 <strong>, joissa ei ole kuoria<\/strong>. T\u00e4m\u00e4 15 kg:n pussi kuorettomia siemeni\u00e4 on suunniteltu ravitsemaan luonnonvaraisia lintuja j\u00e4tt\u00e4m\u00e4tt\u00e4 j\u00e4lkeens\u00e4 kuoria ja roiskeita. T\u00e4ydellinen lintujen yst\u00e4ville, jotka haluavat pit\u00e4\u00e4 ruokinta-alueensa puhtaana ja kutsuvana.  <\/p>\n<p><strong>Sis\u00e4lt\u00f6<\/strong>:<\/p>\n<ul>\n<li><a href=\"https:\/\/pippifoder.se\/fi\/produkt\/lintujen-ruokaa\/auringonkukansiemenet-linnuille\/kuoritut-auringonkukansiemenet-15kg\/\">Kuoritut auringonkukansiemenet<\/a>, 43 %.<\/li>\n<li>Murskattu maissi 19 %<\/li>\n<li>Murskattu vehn\u00e4 15 %.<\/li>\n<li>Kuorittu kaura 10 %.<\/li>\n<li>Hirssi 7 %.<\/li>\n<li><a href=\"https:\/\/pippifoder.se\/fi\/produkt\/lintujen-ruokaa\/maapahkinat\/kuorettomat-maapahkinat-linnuille-25-kg\/\">Kuorettomat maap\u00e4hkin\u00e4t<\/a> 6 %.<\/li>\n<\/ul>\n<p><a href=\"https:\/\/pippifoder.se\/fi\/produkt\/lintujen-ruokaa\/wild-bird-mix\/villiintyneiden-lintujen-sekoitus-ilman-kuorta-15kg-kopia\/\">Saatavana my\u00f6s 10 kg:n s\u00e4kiss\u00e4<\/a><\/p>\n","protected":false},"featured_media":7607,"comment_status":"closed","ping_status":"closed","template":"","meta":{"_acf_changed":false},"product_brand":[],"product_cat":[179,113,127,112,184],"product_tag":[],"class_list":{"0":"post-9219","1":"product","2":"type-product","3":"status-publish","4":"has-post-thumbnail","6":"product_cat-wild-bird-mix","7":"product_cat-illiintyneiden-lintujen-siemenet-villiintyneiden-lintujen-ruoka","8":"product_cat-linnunsiemen","9":"product_cat-lintujen-ruokaa","10":"product_cat-suuri-pakkaus","12":"first","13":"instock","14":"taxable","15":"shipping-taxable","16":"purchasable","17":"product-type-simple"},"bundled_by":[],"bundle_stock_status":"instock","bundle_stock_quantity":1419,"bundle_virtual":false,"bundle_layout":"","bundle_add_to_cart_form_location":"","bundle_editable_in_cart":false,"bundle_sold_individually_context":"","bundle_item_grouping":"","bundle_min_size":"","bundle_max_size":"","bundle_price":[],"bundled_items":[],"bundle_sell_ids":[],"acf":[],"_links":{"self":[{"href":"https:\/\/pippifoder.se\/fi\/wp-json\/wp\/v2\/product\/9219","targetHints":{"allow":["GET"]}}],"collection":[{"href":"https:\/\/pippifoder.se\/fi\/wp-json\/wp\/v2\/product"}],"about":[{"href":"https:\/\/pippifoder.se\/fi\/wp-json\/wp\/v2\/types\/product"}],"replies":[{"embeddable":true,"href":"https:\/\/pippifoder.se\/fi\/wp-json\/wp\/v2\/comments?post=9219"}],"wp:featuredmedia":[{"embeddable":true,"href":"https:\/\/pippifoder.se\/fi\/wp-json\/wp\/v2\/media\/7607"}],"wp:attachment":[{"href":"https:\/\/pippifoder.se\/fi\/wp-json\/wp\/v2\/media?parent=9219"}],"wp:term":[{"taxonomy":"product_brand","embeddable":true,"href":"https:\/\/pippifoder.se\/fi\/wp-json\/wp\/v2\/product_brand?post=9219"},{"taxonomy":"product_cat","embeddable":true,"href":"https:\/\/pippifoder.se\/fi\/wp-json\/wp\/v2\/product_cat?post=9219"},{"taxonomy":"product_tag","embeddable":true,"href":"https:\/\/pippifoder.se\/fi\/wp-json\/wp\/v2\/product_tag?post=9219"}],"curies":[{"name":"wp","href":"https:\/\/api.w.org\/{rel}","templated":true}]}}