{"id":9215,"date":"2024-01-31T12:43:06","date_gmt":"2024-01-31T12:43:06","guid":{"rendered":"https:\/\/pippifoder.se\/Ei-luokiteltu\/wildlife-garden-decobird-pikkuvarpunen\/"},"modified":"2025-01-27T14:29:20","modified_gmt":"2025-01-27T14:29:20","slug":"wildlife-garden-decobird-pikkuvarpunen","status":"publish","type":"product","link":"https:\/\/pippifoder.se\/fi\/tuote\/tarvikkeet\/woodbirds-fi\/wildlife-garden-decobird-fi\/wildlife-garden-decobird-pikkuvarpunen\/","title":{"rendered":"Villiel\u00e4inpuutarha &#8211; DecoBird Pilfink"},"content":{"rendered":"<h2>K\u00e4sin veistetty puinen Arrow finch<\/h2>\n<p>  DecoBird Arrowfinch on el\u00e4v\u00e4 puulintu, joka on veistetty ja maalattu k\u00e4sin ymp\u00e4rist\u00f6yst\u00e4v\u00e4llisill\u00e4 v\u00e4reill\u00e4. T\u00e4m\u00e4 lintu sekoitetaan usein naapuriinsa harmaavarpunen. Varma merkki pajulinnusta on kuitenkin sen poskessa oleva tummanruskea laikku.    <\/p>\n<h2>Ker\u00e4\u00e4 DecoBirds-sivustolta<\/h2>\n<p>  DecoBirds on sarja k\u00e4sin veistettyj\u00e4 lintuja, jotka on valmistettu lehmuspuusta. Sarja laajenee jatkuvasti uusilla suosikeilla. Jokainen lintu on pakattu ikkunallisessa vitriinirasiassa, joka sopii mainiosti lahjaksi. Mukana tulee pieni vihkonen, jossa on tietoa lajista.     <\/p>\n<h3>Arrowfinch muilla kielill\u00e4:<\/h3>\n<p>  Tieteellinen nimi: Passer montanus English: Tree sparrow German: Feldsperling French: Moineau friquet Italian: Passera Mattugia Dutch: Ringmus Spanish: Gorri\u00f3n Molinero<\/p>\n","protected":false},"excerpt":{"rendered":"<p>DecoBird Arrowfinch on el\u00e4v\u00e4 puulintu, joka on veistetty ja maalattu k\u00e4sin ymp\u00e4rist\u00f6yst\u00e4v\u00e4llisill\u00e4 v\u00e4reill\u00e4. T\u00e4m\u00e4 lintu sekoitetaan usein naapuriinsa harmaavarpunen. Varma merkki pajulinnusta on kuitenkin sen poskessa oleva tummanruskea laikku.  <\/p>\n","protected":false},"featured_media":6914,"comment_status":"open","ping_status":"closed","template":"","meta":{"_acf_changed":false},"product_brand":[],"product_cat":[145,122,165],"product_tag":[],"class_list":{"0":"post-9215","1":"product","2":"type-product","3":"status-publish","4":"has-post-thumbnail","6":"product_cat-wildlife-garden-decobird-fi","7":"product_cat-lintujen-siemenia-ja-lintujen-ruokaa-myynnissa","8":"product_cat-tarvikkeet","9":"product_shipping_class-ruotsi","11":"first","12":"outofstock","13":"sale","14":"taxable","15":"shipping-taxable","16":"purchasable","17":"product-type-simple"},"bundled_by":[],"bundle_stock_status":"outofstock","bundle_stock_quantity":0,"bundle_virtual":false,"bundle_layout":"","bundle_add_to_cart_form_location":"","bundle_editable_in_cart":false,"bundle_sold_individually_context":"","bundle_item_grouping":"","bundle_min_size":"","bundle_max_size":"","bundle_price":[],"bundled_items":[],"bundle_sell_ids":[],"acf":[],"_links":{"self":[{"href":"https:\/\/pippifoder.se\/fi\/wp-json\/wp\/v2\/product\/9215","targetHints":{"allow":["GET"]}}],"collection":[{"href":"https:\/\/pippifoder.se\/fi\/wp-json\/wp\/v2\/product"}],"about":[{"href":"https:\/\/pippifoder.se\/fi\/wp-json\/wp\/v2\/types\/product"}],"replies":[{"embeddable":true,"href":"https:\/\/pippifoder.se\/fi\/wp-json\/wp\/v2\/comments?post=9215"}],"wp:featuredmedia":[{"embeddable":true,"href":"https:\/\/pippifoder.se\/fi\/wp-json\/wp\/v2\/media\/6914"}],"wp:attachment":[{"href":"https:\/\/pippifoder.se\/fi\/wp-json\/wp\/v2\/media?parent=9215"}],"wp:term":[{"taxonomy":"product_brand","embeddable":true,"href":"https:\/\/pippifoder.se\/fi\/wp-json\/wp\/v2\/product_brand?post=9215"},{"taxonomy":"product_cat","embeddable":true,"href":"https:\/\/pippifoder.se\/fi\/wp-json\/wp\/v2\/product_cat?post=9215"},{"taxonomy":"product_tag","embeddable":true,"href":"https:\/\/pippifoder.se\/fi\/wp-json\/wp\/v2\/product_tag?post=9215"}],"curies":[{"name":"wp","href":"https:\/\/api.w.org\/{rel}","templated":true}]}}