{"id":9209,"date":"2024-07-17T08:28:50","date_gmt":"2024-07-17T08:28:50","guid":{"rendered":"https:\/\/pippifoder.se\/Ei-luokiteltu\/lintujen-ruokintalaitteen-siemenet-ja-pahkinat-musta\/"},"modified":"2025-01-27T14:04:49","modified_gmt":"2025-01-27T14:04:49","slug":"lintujen-ruokintalaitteen-siemenet-ja-pahkinat-musta","status":"publish","type":"product","link":"https:\/\/pippifoder.se\/fi\/tuote\/lintujen-ruokinta\/lintujen-ruokintalaitteen-siemenet-ja-pahkinat-musta\/","title":{"rendered":"Lintujen ruokintalaitteen siemenet ja p\u00e4hkin\u00e4t, musta"},"content":{"rendered":"","protected":false},"excerpt":{"rendered":"<p>Dual Bird Feeder Musta 20 x 27 cm. Ruostumatonta ter\u00e4st\u00e4, yksi ruokintakammio pleksilasista. Yl\u00e4osa ja ker\u00e4ysastia mustaa metallia. Usealle linnulle sopiva ahven.   <\/p>\n","protected":false},"featured_media":7526,"comment_status":"closed","ping_status":"closed","template":"","meta":{"_acf_changed":false},"product_brand":[],"product_cat":[174,171,166],"product_tag":[],"class_list":{"0":"post-9209","1":"product","2":"type-product","3":"status-publish","4":"has-post-thumbnail","6":"product_cat-lintujen-ruokinta","7":"product_cat-linnunsyottolaite-linnunsiemenia-varten","8":"product_cat-lintujen-syottolaitteita-pahkinoita-varten","10":"first","11":"outofstock","12":"taxable","13":"shipping-taxable","14":"purchasable","15":"product-type-simple"},"bundled_by":[],"bundle_stock_status":"outofstock","bundle_stock_quantity":0,"bundle_virtual":false,"bundle_layout":"","bundle_add_to_cart_form_location":"","bundle_editable_in_cart":false,"bundle_sold_individually_context":"","bundle_item_grouping":"","bundle_min_size":"","bundle_max_size":"","bundle_price":[],"bundled_items":[],"bundle_sell_ids":[],"acf":[],"_links":{"self":[{"href":"https:\/\/pippifoder.se\/fi\/wp-json\/wp\/v2\/product\/9209","targetHints":{"allow":["GET"]}}],"collection":[{"href":"https:\/\/pippifoder.se\/fi\/wp-json\/wp\/v2\/product"}],"about":[{"href":"https:\/\/pippifoder.se\/fi\/wp-json\/wp\/v2\/types\/product"}],"replies":[{"embeddable":true,"href":"https:\/\/pippifoder.se\/fi\/wp-json\/wp\/v2\/comments?post=9209"}],"wp:featuredmedia":[{"embeddable":true,"href":"https:\/\/pippifoder.se\/fi\/wp-json\/wp\/v2\/media\/7526"}],"wp:attachment":[{"href":"https:\/\/pippifoder.se\/fi\/wp-json\/wp\/v2\/media?parent=9209"}],"wp:term":[{"taxonomy":"product_brand","embeddable":true,"href":"https:\/\/pippifoder.se\/fi\/wp-json\/wp\/v2\/product_brand?post=9209"},{"taxonomy":"product_cat","embeddable":true,"href":"https:\/\/pippifoder.se\/fi\/wp-json\/wp\/v2\/product_cat?post=9209"},{"taxonomy":"product_tag","embeddable":true,"href":"https:\/\/pippifoder.se\/fi\/wp-json\/wp\/v2\/product_tag?post=9209"}],"curies":[{"name":"wp","href":"https:\/\/api.w.org\/{rel}","templated":true}]}}