{"id":9205,"date":"2024-07-17T08:31:14","date_gmt":"2024-07-17T08:31:14","guid":{"rendered":"https:\/\/pippifoder.se\/Ei-luokiteltu\/lintujen-syottolaite-siemenia-suuri-ruostumatonta-terasta\/"},"modified":"2026-03-01T18:36:24","modified_gmt":"2026-03-01T18:36:24","slug":"lintujen-syottolaite-siemenia-suuri-ruostumatonta-terasta","status":"publish","type":"product","link":"https:\/\/pippifoder.se\/fi\/tuote\/lintujen-ruokinta\/lintujen-syottolaite-siemenia-suuri-ruostumatonta-terasta\/","title":{"rendered":"Lintujen sy\u00f6tt\u00f6laite siemeni\u00e4 suuri, ruostumatonta ter\u00e4st\u00e4"},"content":{"rendered":"","protected":false},"excerpt":{"rendered":"<p>Siementen sy\u00f6tt\u00f6laite Suuri, ruostumaton 14 x 38 cm. Siemenille ja <a href=\"https:\/\/pippifoder.se\/fi\/auringonkukka\/\">auringonkukansiemenille<\/a>. Ruostumatonta ter\u00e4st\u00e4, sy\u00f6tt\u00f6kammio l\u00e4pin\u00e4kyv\u00e4\u00e4 pleksilasia. Tilaa 6 linnulle. Mukana ripustus.    <\/p>\n","protected":false},"featured_media":7529,"comment_status":"closed","ping_status":"closed","template":"","meta":{"_acf_changed":false},"product_brand":[],"product_cat":[174,171],"product_tag":[],"class_list":{"0":"post-9205","1":"product","2":"type-product","3":"status-publish","4":"has-post-thumbnail","6":"product_cat-lintujen-ruokinta","7":"product_cat-linnunsyottolaite-linnunsiemenia-varten","9":"first","10":"instock","11":"taxable","12":"shipping-taxable","13":"purchasable","14":"product-type-simple"},"bundled_by":[],"bundle_stock_status":"instock","bundle_stock_quantity":22,"bundle_virtual":false,"bundle_layout":"","bundle_add_to_cart_form_location":"","bundle_editable_in_cart":false,"bundle_sold_individually_context":"","bundle_item_grouping":"","bundle_min_size":"","bundle_max_size":"","bundle_price":[],"bundled_items":[],"bundle_sell_ids":[],"acf":[],"_links":{"self":[{"href":"https:\/\/pippifoder.se\/fi\/wp-json\/wp\/v2\/product\/9205","targetHints":{"allow":["GET"]}}],"collection":[{"href":"https:\/\/pippifoder.se\/fi\/wp-json\/wp\/v2\/product"}],"about":[{"href":"https:\/\/pippifoder.se\/fi\/wp-json\/wp\/v2\/types\/product"}],"replies":[{"embeddable":true,"href":"https:\/\/pippifoder.se\/fi\/wp-json\/wp\/v2\/comments?post=9205"}],"wp:featuredmedia":[{"embeddable":true,"href":"https:\/\/pippifoder.se\/fi\/wp-json\/wp\/v2\/media\/7529"}],"wp:attachment":[{"href":"https:\/\/pippifoder.se\/fi\/wp-json\/wp\/v2\/media?parent=9205"}],"wp:term":[{"taxonomy":"product_brand","embeddable":true,"href":"https:\/\/pippifoder.se\/fi\/wp-json\/wp\/v2\/product_brand?post=9205"},{"taxonomy":"product_cat","embeddable":true,"href":"https:\/\/pippifoder.se\/fi\/wp-json\/wp\/v2\/product_cat?post=9205"},{"taxonomy":"product_tag","embeddable":true,"href":"https:\/\/pippifoder.se\/fi\/wp-json\/wp\/v2\/product_tag?post=9205"}],"curies":[{"name":"wp","href":"https:\/\/api.w.org\/{rel}","templated":true}]}}