{"id":9201,"date":"2024-07-17T08:33:19","date_gmt":"2024-07-17T08:33:19","guid":{"rendered":"https:\/\/pippifoder.se\/Ei-luokiteltu\/lintujen-ruokintamutterit-suuret-ruostumatonta-terasta\/"},"modified":"2026-04-15T12:57:32","modified_gmt":"2026-04-15T10:57:32","slug":"lintujen-ruokintamutterit-suuret-ruostumatonta-terasta","status":"publish","type":"product","link":"https:\/\/pippifoder.se\/fi\/tuote\/lintujen-ruokinta\/lintujen-ruokintamutterit-suuret-ruostumatonta-terasta\/","title":{"rendered":"Lintujen ruokintamutterit suuret, ruostumatonta ter\u00e4st\u00e4"},"content":{"rendered":"","protected":false},"excerpt":{"rendered":"<p>P\u00e4hkin\u00e4sy\u00f6tt\u00f6laite de Luxe Large, ruostumaton 16 x 27 cm Tyylik\u00e4s <a href=\"https:\/\/pippifoder.se\/fi\/maapahkinat\/\">p\u00e4hkin\u00e4sy\u00f6tt\u00f6laite<\/a>. Valmistettu kokonaan ruostumattomasta ter\u00e4ksest\u00e4. Lautasella ja istuinalustalla sek\u00e4 ripustuksella.  <\/p>\n","protected":false},"featured_media":7532,"comment_status":"closed","ping_status":"closed","template":"","meta":{"_acf_changed":false},"product_brand":[],"product_cat":[174,166],"product_tag":[],"class_list":{"0":"post-9201","1":"product","2":"type-product","3":"status-publish","4":"has-post-thumbnail","6":"product_cat-lintujen-ruokinta","7":"product_cat-lintujen-syottolaitteita-pahkinoita-varten","9":"first","10":"outofstock","11":"taxable","12":"shipping-taxable","13":"purchasable","14":"product-type-simple"},"bundled_by":[],"bundle_stock_status":"outofstock","bundle_stock_quantity":0,"bundle_virtual":false,"bundle_layout":"","bundle_add_to_cart_form_location":"","bundle_editable_in_cart":false,"bundle_sold_individually_context":"","bundle_item_grouping":"","bundle_min_size":"","bundle_max_size":"","bundle_price":[],"bundled_items":[],"bundle_sell_ids":[],"acf":[],"_links":{"self":[{"href":"https:\/\/pippifoder.se\/fi\/wp-json\/wp\/v2\/product\/9201","targetHints":{"allow":["GET"]}}],"collection":[{"href":"https:\/\/pippifoder.se\/fi\/wp-json\/wp\/v2\/product"}],"about":[{"href":"https:\/\/pippifoder.se\/fi\/wp-json\/wp\/v2\/types\/product"}],"replies":[{"embeddable":true,"href":"https:\/\/pippifoder.se\/fi\/wp-json\/wp\/v2\/comments?post=9201"}],"wp:featuredmedia":[{"embeddable":true,"href":"https:\/\/pippifoder.se\/fi\/wp-json\/wp\/v2\/media\/7532"}],"wp:attachment":[{"href":"https:\/\/pippifoder.se\/fi\/wp-json\/wp\/v2\/media?parent=9201"}],"wp:term":[{"taxonomy":"product_brand","embeddable":true,"href":"https:\/\/pippifoder.se\/fi\/wp-json\/wp\/v2\/product_brand?post=9201"},{"taxonomy":"product_cat","embeddable":true,"href":"https:\/\/pippifoder.se\/fi\/wp-json\/wp\/v2\/product_cat?post=9201"},{"taxonomy":"product_tag","embeddable":true,"href":"https:\/\/pippifoder.se\/fi\/wp-json\/wp\/v2\/product_tag?post=9201"}],"curies":[{"name":"wp","href":"https:\/\/api.w.org\/{rel}","templated":true}]}}