{"id":9190,"date":"2024-07-17T08:41:28","date_gmt":"2024-07-17T08:41:28","guid":{"rendered":"https:\/\/pippifoder.se\/Ei-luokiteltu\/linnunpontto-mustalla-kattohuovalla\/"},"modified":"2025-06-27T04:11:27","modified_gmt":"2025-06-27T04:11:27","slug":"linnunpontto-mustalla-kattohuovalla","status":"publish","type":"product","link":"https:\/\/pippifoder.se\/fi\/tuote\/lintujen-ruokinta\/linnunponttoja\/linnunpontto-mustalla-kattohuovalla\/","title":{"rendered":"Linnunp\u00f6ntt\u00f6 mustalla kattohuovalla"},"content":{"rendered":"","protected":false},"excerpt":{"rendered":"<p>Mustalla kattohuovalla p\u00e4\u00e4llystetty linnunp\u00f6ntt\u00f6 \u00f8 44 x 44, m\u00e4nty, jossa on verkko, joka est\u00e4\u00e4 suurempia lintuja k\u00e4ytt\u00e4m\u00e4st\u00e4 p\u00f6ntt\u00f6\u00e4 &#8211; FSC-hyv\u00e4ksytty.<\/p>\n","protected":false},"featured_media":7541,"comment_status":"closed","ping_status":"closed","template":"","meta":{"_acf_changed":false},"product_brand":[],"product_cat":[172,173],"product_tag":[],"class_list":{"0":"post-9190","1":"product","2":"type-product","3":"status-publish","4":"has-post-thumbnail","6":"product_cat-linnunponttoja","7":"product_cat-lintupoyta","9":"first","10":"outofstock","11":"taxable","12":"shipping-taxable","13":"purchasable","14":"product-type-simple"},"bundled_by":[],"bundle_stock_status":"outofstock","bundle_stock_quantity":0,"bundle_virtual":false,"bundle_layout":"","bundle_add_to_cart_form_location":"","bundle_editable_in_cart":false,"bundle_sold_individually_context":"","bundle_item_grouping":"","bundle_min_size":"","bundle_max_size":"","bundle_price":[],"bundled_items":[],"bundle_sell_ids":[],"acf":[],"_links":{"self":[{"href":"https:\/\/pippifoder.se\/fi\/wp-json\/wp\/v2\/product\/9190","targetHints":{"allow":["GET"]}}],"collection":[{"href":"https:\/\/pippifoder.se\/fi\/wp-json\/wp\/v2\/product"}],"about":[{"href":"https:\/\/pippifoder.se\/fi\/wp-json\/wp\/v2\/types\/product"}],"replies":[{"embeddable":true,"href":"https:\/\/pippifoder.se\/fi\/wp-json\/wp\/v2\/comments?post=9190"}],"wp:featuredmedia":[{"embeddable":true,"href":"https:\/\/pippifoder.se\/fi\/wp-json\/wp\/v2\/media\/7541"}],"wp:attachment":[{"href":"https:\/\/pippifoder.se\/fi\/wp-json\/wp\/v2\/media?parent=9190"}],"wp:term":[{"taxonomy":"product_brand","embeddable":true,"href":"https:\/\/pippifoder.se\/fi\/wp-json\/wp\/v2\/product_brand?post=9190"},{"taxonomy":"product_cat","embeddable":true,"href":"https:\/\/pippifoder.se\/fi\/wp-json\/wp\/v2\/product_cat?post=9190"},{"taxonomy":"product_tag","embeddable":true,"href":"https:\/\/pippifoder.se\/fi\/wp-json\/wp\/v2\/product_tag?post=9190"}],"curies":[{"name":"wp","href":"https:\/\/api.w.org\/{rel}","templated":true}]}}