{"id":9182,"date":"2024-07-17T08:45:14","date_gmt":"2024-07-17T08:45:14","guid":{"rendered":"https:\/\/pippifoder.se\/Ei-luokiteltu\/sininen-linnunpontto\/"},"modified":"2025-01-27T14:01:59","modified_gmt":"2025-01-27T14:01:59","slug":"sininen-linnunpontto","status":"publish","type":"product","link":"https:\/\/pippifoder.se\/fi\/tuote\/linnunpesa\/sininen-linnunpontto\/","title":{"rendered":"Sininen linnunp\u00f6ntt\u00f6"},"content":{"rendered":"","protected":false},"excerpt":{"rendered":"<p>Sininen pastellinv\u00e4rinen linnunp\u00f6ntt\u00f6, joka on valmistettu FSC-sertifioidusta puusta ja jossa on puinen klinkkerikatto. Metallinen laipion sis\u00e4\u00e4nk\u00e4yntiaukko. Voidaan avata.  <\/p>\n","protected":false},"featured_media":7547,"comment_status":"closed","ping_status":"closed","template":"","meta":{"_acf_changed":false},"product_brand":[],"product_cat":[123],"product_tag":[],"class_list":{"0":"post-9182","1":"product","2":"type-product","3":"status-publish","4":"has-post-thumbnail","6":"product_cat-linnunpesa","7":"product_group-traholk-bord","9":"first","10":"outofstock","11":"taxable","12":"shipping-taxable","13":"purchasable","14":"product-type-simple"},"bundled_by":[],"bundle_stock_status":"outofstock","bundle_stock_quantity":0,"bundle_virtual":false,"bundle_layout":"","bundle_add_to_cart_form_location":"","bundle_editable_in_cart":false,"bundle_sold_individually_context":"","bundle_item_grouping":"","bundle_min_size":"","bundle_max_size":"","bundle_price":[],"bundled_items":[],"bundle_sell_ids":[],"acf":[],"_links":{"self":[{"href":"https:\/\/pippifoder.se\/fi\/wp-json\/wp\/v2\/product\/9182","targetHints":{"allow":["GET"]}}],"collection":[{"href":"https:\/\/pippifoder.se\/fi\/wp-json\/wp\/v2\/product"}],"about":[{"href":"https:\/\/pippifoder.se\/fi\/wp-json\/wp\/v2\/types\/product"}],"replies":[{"embeddable":true,"href":"https:\/\/pippifoder.se\/fi\/wp-json\/wp\/v2\/comments?post=9182"}],"wp:featuredmedia":[{"embeddable":true,"href":"https:\/\/pippifoder.se\/fi\/wp-json\/wp\/v2\/media\/7547"}],"wp:attachment":[{"href":"https:\/\/pippifoder.se\/fi\/wp-json\/wp\/v2\/media?parent=9182"}],"wp:term":[{"taxonomy":"product_brand","embeddable":true,"href":"https:\/\/pippifoder.se\/fi\/wp-json\/wp\/v2\/product_brand?post=9182"},{"taxonomy":"product_cat","embeddable":true,"href":"https:\/\/pippifoder.se\/fi\/wp-json\/wp\/v2\/product_cat?post=9182"},{"taxonomy":"product_tag","embeddable":true,"href":"https:\/\/pippifoder.se\/fi\/wp-json\/wp\/v2\/product_tag?post=9182"}],"curies":[{"name":"wp","href":"https:\/\/api.w.org\/{rel}","templated":true}]}}