{"id":9178,"date":"2024-07-17T08:46:33","date_gmt":"2024-07-17T08:46:33","guid":{"rendered":"https:\/\/pippifoder.se\/Ei-luokiteltu\/vihrea-linnunpontto\/"},"modified":"2026-02-08T19:29:58","modified_gmt":"2026-02-08T19:29:58","slug":"vihrea-linnunpontto","status":"publish","type":"product","link":"https:\/\/pippifoder.se\/fi\/tuote\/linnunpesa\/vihrea-linnunpontto\/","title":{"rendered":"Vihre\u00e4 linnunp\u00f6ntt\u00f6"},"content":{"rendered":"","protected":false},"excerpt":{"rendered":"<p>Vihre\u00e4 pastellinv\u00e4rinen linnunp\u00f6ntt\u00f6, joka on valmistettu FSC-sertifioidusta puusta ja jossa on puinen klinkkerikatto. Metallihaulien sis\u00e4\u00e4ntuloaukot. Voidaan avata.<\/p>\n","protected":false},"featured_media":7550,"comment_status":"closed","ping_status":"closed","template":"","meta":{"_acf_changed":false},"product_brand":[],"product_cat":[123],"product_tag":[],"class_list":{"0":"post-9178","1":"product","2":"type-product","3":"status-publish","4":"has-post-thumbnail","6":"product_cat-linnunpesa","8":"first","9":"outofstock","10":"taxable","11":"shipping-taxable","12":"purchasable","13":"product-type-simple"},"bundled_by":[],"bundle_stock_status":"outofstock","bundle_stock_quantity":0,"bundle_virtual":false,"bundle_layout":"","bundle_add_to_cart_form_location":"","bundle_editable_in_cart":false,"bundle_sold_individually_context":"","bundle_item_grouping":"","bundle_min_size":"","bundle_max_size":"","bundle_price":[],"bundled_items":[],"bundle_sell_ids":[],"acf":[],"_links":{"self":[{"href":"https:\/\/pippifoder.se\/fi\/wp-json\/wp\/v2\/product\/9178","targetHints":{"allow":["GET"]}}],"collection":[{"href":"https:\/\/pippifoder.se\/fi\/wp-json\/wp\/v2\/product"}],"about":[{"href":"https:\/\/pippifoder.se\/fi\/wp-json\/wp\/v2\/types\/product"}],"replies":[{"embeddable":true,"href":"https:\/\/pippifoder.se\/fi\/wp-json\/wp\/v2\/comments?post=9178"}],"wp:featuredmedia":[{"embeddable":true,"href":"https:\/\/pippifoder.se\/fi\/wp-json\/wp\/v2\/media\/7550"}],"wp:attachment":[{"href":"https:\/\/pippifoder.se\/fi\/wp-json\/wp\/v2\/media?parent=9178"}],"wp:term":[{"taxonomy":"product_brand","embeddable":true,"href":"https:\/\/pippifoder.se\/fi\/wp-json\/wp\/v2\/product_brand?post=9178"},{"taxonomy":"product_cat","embeddable":true,"href":"https:\/\/pippifoder.se\/fi\/wp-json\/wp\/v2\/product_cat?post=9178"},{"taxonomy":"product_tag","embeddable":true,"href":"https:\/\/pippifoder.se\/fi\/wp-json\/wp\/v2\/product_tag?post=9178"}],"curies":[{"name":"wp","href":"https:\/\/api.w.org\/{rel}","templated":true}]}}