{"id":9172,"date":"2024-01-31T11:34:03","date_gmt":"2024-01-31T11:34:03","guid":{"rendered":"https:\/\/pippifoder.se\/Ei-luokiteltu\/wildlife-garden-decobird-viitatiainen\/"},"modified":"2025-01-27T14:29:14","modified_gmt":"2025-01-27T14:29:14","slug":"wildlife-garden-decobird-viitatiainen","status":"publish","type":"product","link":"https:\/\/pippifoder.se\/fi\/tuote\/tarvikkeet\/woodbirds-fi\/wildlife-garden-decobird-fi\/wildlife-garden-decobird-viitatiainen\/","title":{"rendered":"Villiel\u00e4inpuutarha &#8211; DecoBird Entita"},"content":{"rendered":"<h2>K\u00e4sin veistetty Entita puusta<\/h2>\n<p>  DecoBird Entita on puinen lintu, joka on veistetty ja maalattu k\u00e4sin. Entita on pieni n\u00f6ss\u00f6, jolla on vahva reviirivaisto. Veistetty lintu on valmistettu lehmuspuusta ja maalattu ymp\u00e4rist\u00f6yst\u00e4v\u00e4llisill\u00e4 v\u00e4reill\u00e4. Voidaan sijoittaa sis\u00e4lle tai ulos. Se toimitetaan ikkunallisessa vitriinirasiassa, ja jokaisen linnun mukana tulee pieni vihkonen, jossa on tietoa lajista.      <\/p>\n<h3>Entita muilla kielill\u00e4:<\/h3>\n<p>  Tieteellinen nimi: Poecile palustris English: Marsh tit German: Sumpfmeise French: M\u00e9sange nonnette Italian: Cincia Bigia Dutch: Glanskop Spanish: Carbonero Palustre<\/p>\n","protected":false},"excerpt":{"rendered":"<p>DecoBird Entita on puinen lintu, joka on veistetty ja maalattu k\u00e4sin. Entita on pieni n\u00f6ss\u00f6, jolla on vahva reviirivaisto. Veistetty lintu on valmistettu lehmuspuusta ja maalattu ymp\u00e4rist\u00f6yst\u00e4v\u00e4llisill\u00e4 v\u00e4reill\u00e4. Voidaan sijoittaa sis\u00e4lle tai ulos. Se toimitetaan ikkunallisessa vitriinirasiassa, ja jokaisen linnun mukana tulee pieni vihkonen, jossa on tietoa lajista.    <\/p>\n","protected":false},"featured_media":6875,"comment_status":"open","ping_status":"closed","template":"","meta":{"_acf_changed":false},"product_brand":[],"product_cat":[145,122,165],"product_tag":[],"class_list":{"0":"post-9172","1":"product","2":"type-product","3":"status-publish","4":"has-post-thumbnail","6":"product_cat-wildlife-garden-decobird-fi","7":"product_cat-lintujen-siemenia-ja-lintujen-ruokaa-myynnissa","8":"product_cat-tarvikkeet","9":"product_shipping_class-ruotsi","11":"first","12":"outofstock","13":"sale","14":"taxable","15":"shipping-taxable","16":"purchasable","17":"product-type-simple"},"bundled_by":[],"bundle_stock_status":"outofstock","bundle_stock_quantity":0,"bundle_virtual":false,"bundle_layout":"","bundle_add_to_cart_form_location":"","bundle_editable_in_cart":false,"bundle_sold_individually_context":"","bundle_item_grouping":"","bundle_min_size":"","bundle_max_size":"","bundle_price":[],"bundled_items":[],"bundle_sell_ids":[],"acf":[],"_links":{"self":[{"href":"https:\/\/pippifoder.se\/fi\/wp-json\/wp\/v2\/product\/9172","targetHints":{"allow":["GET"]}}],"collection":[{"href":"https:\/\/pippifoder.se\/fi\/wp-json\/wp\/v2\/product"}],"about":[{"href":"https:\/\/pippifoder.se\/fi\/wp-json\/wp\/v2\/types\/product"}],"replies":[{"embeddable":true,"href":"https:\/\/pippifoder.se\/fi\/wp-json\/wp\/v2\/comments?post=9172"}],"wp:featuredmedia":[{"embeddable":true,"href":"https:\/\/pippifoder.se\/fi\/wp-json\/wp\/v2\/media\/6875"}],"wp:attachment":[{"href":"https:\/\/pippifoder.se\/fi\/wp-json\/wp\/v2\/media?parent=9172"}],"wp:term":[{"taxonomy":"product_brand","embeddable":true,"href":"https:\/\/pippifoder.se\/fi\/wp-json\/wp\/v2\/product_brand?post=9172"},{"taxonomy":"product_cat","embeddable":true,"href":"https:\/\/pippifoder.se\/fi\/wp-json\/wp\/v2\/product_cat?post=9172"},{"taxonomy":"product_tag","embeddable":true,"href":"https:\/\/pippifoder.se\/fi\/wp-json\/wp\/v2\/product_tag?post=9172"}],"curies":[{"name":"wp","href":"https:\/\/api.w.org\/{rel}","templated":true}]}}