{"id":9158,"date":"2024-07-26T08:10:12","date_gmt":"2024-07-26T06:10:12","guid":{"rendered":"https:\/\/pippifoder.se\/Ei-luokiteltu\/classic-lintupoyta-harmaa\/"},"modified":"2026-04-15T12:55:28","modified_gmt":"2026-04-15T10:55:28","slug":"classic-lintupoyta-harmaa","status":"publish","type":"product","link":"https:\/\/pippifoder.se\/fi\/tuote\/lintujen-ruokinta\/classic-lintupoyta-harmaa\/","title":{"rendered":"Classic lintup\u00f6yt\u00e4 &#8211; Harmaa"},"content":{"rendered":"","protected":false},"excerpt":{"rendered":"<p>Klassinen lintup\u00f6yt\u00e4 m\u00e4ntypuusta. Sopii ripustettavaksi puuhun tai istutettavaksi noin 1,5 metrin pituiseen tolppaan. Puusta valmistettu linnunp\u00f6ntt\u00f6. Hienosti maalattu harmaalla. Toimii erilaisille <a href=\"https:\/\/pippifoder.se\/fi\/linnunsiemen\/\">siemenille .<\/a>    <\/p>\n<p><strong>Tekniset tiedot<\/strong><br \/>\nMitat (LxSxK): 27x21x15 cm<br \/>\nV\u00e4ri: Harmaa<\/p>\n","protected":false},"featured_media":7580,"comment_status":"closed","ping_status":"closed","template":"","meta":{"_acf_changed":false},"product_brand":[],"product_cat":[174,172,171,173],"product_tag":[],"class_list":{"0":"post-9158","1":"product","2":"type-product","3":"status-publish","4":"has-post-thumbnail","6":"product_cat-lintujen-ruokinta","7":"product_cat-linnunponttoja","8":"product_cat-linnunsyottolaite-linnunsiemenia-varten","9":"product_cat-lintupoyta","11":"first","12":"instock","13":"taxable","14":"shipping-taxable","15":"purchasable","16":"product-type-simple"},"bundled_by":[],"bundle_stock_status":"instock","bundle_stock_quantity":5,"bundle_virtual":false,"bundle_layout":"","bundle_add_to_cart_form_location":"","bundle_editable_in_cart":false,"bundle_sold_individually_context":"","bundle_item_grouping":"","bundle_min_size":"","bundle_max_size":"","bundle_price":[],"bundled_items":[],"bundle_sell_ids":[],"acf":[],"_links":{"self":[{"href":"https:\/\/pippifoder.se\/fi\/wp-json\/wp\/v2\/product\/9158","targetHints":{"allow":["GET"]}}],"collection":[{"href":"https:\/\/pippifoder.se\/fi\/wp-json\/wp\/v2\/product"}],"about":[{"href":"https:\/\/pippifoder.se\/fi\/wp-json\/wp\/v2\/types\/product"}],"replies":[{"embeddable":true,"href":"https:\/\/pippifoder.se\/fi\/wp-json\/wp\/v2\/comments?post=9158"}],"wp:featuredmedia":[{"embeddable":true,"href":"https:\/\/pippifoder.se\/fi\/wp-json\/wp\/v2\/media\/7580"}],"wp:attachment":[{"href":"https:\/\/pippifoder.se\/fi\/wp-json\/wp\/v2\/media?parent=9158"}],"wp:term":[{"taxonomy":"product_brand","embeddable":true,"href":"https:\/\/pippifoder.se\/fi\/wp-json\/wp\/v2\/product_brand?post=9158"},{"taxonomy":"product_cat","embeddable":true,"href":"https:\/\/pippifoder.se\/fi\/wp-json\/wp\/v2\/product_cat?post=9158"},{"taxonomy":"product_tag","embeddable":true,"href":"https:\/\/pippifoder.se\/fi\/wp-json\/wp\/v2\/product_tag?post=9158"}],"curies":[{"name":"wp","href":"https:\/\/api.w.org\/{rel}","templated":true}]}}