{"id":9144,"date":"2024-01-31T10:17:23","date_gmt":"2024-01-31T10:17:23","guid":{"rendered":"https:\/\/pippifoder.se\/Ei-luokiteltu\/wildlife-garden-decobird-narhi\/"},"modified":"2025-01-27T14:29:12","modified_gmt":"2025-01-27T14:29:12","slug":"wildlife-garden-decobird-narhi","status":"publish","type":"product","link":"https:\/\/pippifoder.se\/fi\/tuote\/tarvikkeet\/woodbirds-fi\/wildlife-garden-decobird-fi\/wildlife-garden-decobird-narhi\/","title":{"rendered":"Villiel\u00e4inpuutarha &#8211; DecoBird p\u00e4hkin\u00e4ns\u00e4rkij\u00e4"},"content":{"rendered":"<h2>K\u00e4sin veistetty puinen p\u00e4hkin\u00e4ns\u00e4rkij\u00e4<\/h2>\n<p>  DecoBird P\u00e4hkin\u00e4ns\u00e4rkij\u00e4 on puinen lintu, joka on veistetty ja maalattu k\u00e4sin. Jos n\u00e4et linnun kiipeilem\u00e4ss\u00e4 puunrunkoa p\u00e4\u00e4 alasp\u00e4in, olet varmasti n\u00e4hnyt P\u00e4hkin\u00e4ns\u00e4rkij\u00e4n. K\u00e4sin veistetyt DecoBirds-linnut voidaan sijoittaa sis\u00e4lle tai ulos, ja ne toimitetaan kauniissa lahjapakkauksessa.    <\/p>\n<h3>P\u00e4hkin\u00e4viikko muilla kielill\u00e4:<\/h3>\n<p>  Tieteellinen nimi: Sitta europaea English: Nuthatch German: Kleiber French: Sittelle torchepot Italian: Picchio Muratore Dutch: Boomklever Spanish: Trepador Azul<\/p>\n","protected":false},"excerpt":{"rendered":"<p>DecoBird P\u00e4hkin\u00e4ns\u00e4rkij\u00e4 on puinen lintu, joka on veistetty ja maalattu k\u00e4sin. Jos n\u00e4et linnun kiipeilem\u00e4ss\u00e4 puunrunkoa p\u00e4\u00e4 alasp\u00e4in, olet varmasti n\u00e4hnyt P\u00e4hkin\u00e4ns\u00e4rkij\u00e4n. K\u00e4sin veistetyt DecoBirds-linnut voidaan sijoittaa sis\u00e4lle tai ulos, ja ne toimitetaan kauniissa lahjapakkauksessa.  <\/p>\n","protected":false},"featured_media":6851,"comment_status":"open","ping_status":"closed","template":"","meta":{"_acf_changed":false},"product_brand":[],"product_cat":[145,122,165],"product_tag":[],"class_list":{"0":"post-9144","1":"product","2":"type-product","3":"status-publish","4":"has-post-thumbnail","6":"product_cat-wildlife-garden-decobird-fi","7":"product_cat-lintujen-siemenia-ja-lintujen-ruokaa-myynnissa","8":"product_cat-tarvikkeet","9":"product_shipping_class-ruotsi","11":"first","12":"outofstock","13":"sale","14":"taxable","15":"shipping-taxable","16":"purchasable","17":"product-type-simple"},"bundled_by":[],"bundle_stock_status":"outofstock","bundle_stock_quantity":0,"bundle_virtual":false,"bundle_layout":"","bundle_add_to_cart_form_location":"","bundle_editable_in_cart":false,"bundle_sold_individually_context":"","bundle_item_grouping":"","bundle_min_size":"","bundle_max_size":"","bundle_price":[],"bundled_items":[],"bundle_sell_ids":[],"acf":[],"_links":{"self":[{"href":"https:\/\/pippifoder.se\/fi\/wp-json\/wp\/v2\/product\/9144","targetHints":{"allow":["GET"]}}],"collection":[{"href":"https:\/\/pippifoder.se\/fi\/wp-json\/wp\/v2\/product"}],"about":[{"href":"https:\/\/pippifoder.se\/fi\/wp-json\/wp\/v2\/types\/product"}],"replies":[{"embeddable":true,"href":"https:\/\/pippifoder.se\/fi\/wp-json\/wp\/v2\/comments?post=9144"}],"wp:featuredmedia":[{"embeddable":true,"href":"https:\/\/pippifoder.se\/fi\/wp-json\/wp\/v2\/media\/6851"}],"wp:attachment":[{"href":"https:\/\/pippifoder.se\/fi\/wp-json\/wp\/v2\/media?parent=9144"}],"wp:term":[{"taxonomy":"product_brand","embeddable":true,"href":"https:\/\/pippifoder.se\/fi\/wp-json\/wp\/v2\/product_brand?post=9144"},{"taxonomy":"product_cat","embeddable":true,"href":"https:\/\/pippifoder.se\/fi\/wp-json\/wp\/v2\/product_cat?post=9144"},{"taxonomy":"product_tag","embeddable":true,"href":"https:\/\/pippifoder.se\/fi\/wp-json\/wp\/v2\/product_tag?post=9144"}],"curies":[{"name":"wp","href":"https:\/\/api.w.org\/{rel}","templated":true}]}}