{"id":9141,"date":"2024-01-16T18:37:52","date_gmt":"2024-01-16T18:37:52","guid":{"rendered":"https:\/\/pippifoder.se\/Ei-luokiteltu\/fagelmatning-allt-du-behover-veta\/"},"modified":"2026-05-08T09:38:29","modified_gmt":"2026-05-08T07:38:29","slug":"fagelmatning-allt-du-behover-veta","status":"publish","type":"product","link":"https:\/\/pippifoder.se\/fi\/tuote\/tarvikkeet\/kirjat\/fagelmatning-allt-du-behover-veta\/","title":{"rendered":"Lintujen ruokinta &#8211; kaikki mit\u00e4 sinun tarvitsee tiet\u00e4\u00e4"},"content":{"rendered":"<h2><strong>Tuotetiedot: Lintujen ruokinta &#8211; kaikki mit\u00e4 sinun tarvitsee tiet\u00e4\u00e4<\/strong><\/h2>\n<p><strong>Kirjoittaja:<\/strong> Niklas Aronsson<br \/>\n<strong>Valokuvaaja: Niclas<\/strong> Ahlberg, Torbj\u00f6rn Arvidson ja muut.<br \/>\n<strong>Suunnittelija &amp; kuvittaja: Ter\u00e9se<\/strong> Karlsson Halld\u00e9n<br \/>\n<strong>Julkaisu: 22. marraskuuta<\/strong> 2021<br \/>\n<strong>Sivum\u00e4\u00e4r\u00e4: 224 <\/strong><br \/>\n<strong>Mitat: 170x240x21<\/strong> mm<br \/>\n<strong>Paino: 650 g<\/strong><br \/>\n<strong>Niteen tyyppi: Kovakantinen<\/strong><br \/>\n<strong>ISBN: 9789198516609 <\/strong><\/p>\n","protected":false},"excerpt":{"rendered":"<p>Lintujen ruokinta &#8211; Kaikki mit\u00e4 sinun on tiedett\u00e4v\u00e4 antaa paljon tietoa siit\u00e4, miten luonnonvaraisia lintuja voi ruokkia hyv\u00e4ll\u00e4 ja turvallisella tavalla. Saat selville, mit\u00e4 eri lajit sy\u00f6v\u00e4t ja miten linnunruokinta kannattaa suunnitella. Miten houkuttelet kivisirkkuja ja miksi punarinnat ovat aina toistensa kurkussa? K\u00e4yt\u00e4nn\u00f6n vinkkien lis\u00e4ksi kirjassa kerrotaan, mit\u00e4 tutkimukset kertovat luonnossa ruokkimistamme suurista ruokam\u00e4\u00e4rist\u00e4. Vaikuttavatko ne lintuihin ja mill\u00e4 tavoin?    <\/p>\n<p>Lintujen ruokinta on suosittu liike, jolla on pelk\u00e4st\u00e4\u00e4n Ruotsissa useita satoja tuhansia harrastajia. Ruokimme lintuja talvella, mutta yh\u00e4 useammin my\u00f6s ymp\u00e4ri vuoden. Lintujen ruokintaan tarkoitettujen tuotteiden m\u00e4\u00e4r\u00e4 on viime aikoina lis\u00e4\u00e4ntynyt huomattavasti, sek\u00e4 eri ruokintatyyppien ett\u00e4 lintujen ruokintav\u00e4lineiden muunnelmien osalta. T\u00e4\u00e4lt\u00e4 saat vastaukset kaikkeen, mit\u00e4 halusit tiet\u00e4\u00e4 lintujen ruokinnasta, yhdess\u00e4 kirjassa.   <\/p>\n<p>Sis\u00e4lt\u00e4\u00e4 53 yleisimm\u00e4n talvilinnun lajiesittelyn ja levinneisyyskartan.<\/p>\n","protected":false},"featured_media":6833,"comment_status":"open","ping_status":"closed","template":"","meta":{"_acf_changed":false},"product_brand":[],"product_cat":[304,50,570,122,165],"product_tag":[],"class_list":{"0":"post-9141","1":"product","2":"type-product","3":"status-publish","4":"has-post-thumbnail","6":"product_cat-kirjat","7":"product_cat-fagelfron-fagelmat-pa-rea","8":"product_cat-joululahjaideoita-lintujen-ystaville-vuonna-2025","9":"product_cat-lintujen-siemenia-ja-lintujen-ruokaa-myynnissa","10":"product_cat-tarvikkeet","11":"product_shipping_class-ruotsi","13":"first","14":"instock","15":"sale","16":"taxable","17":"shipping-taxable","18":"purchasable","19":"product-type-simple"},"bundled_by":[],"bundle_stock_status":"instock","bundle_stock_quantity":1,"bundle_virtual":false,"bundle_layout":"","bundle_add_to_cart_form_location":"","bundle_editable_in_cart":false,"bundle_sold_individually_context":"","bundle_item_grouping":"","bundle_min_size":"","bundle_max_size":"","bundle_price":[],"bundled_items":[],"bundle_sell_ids":[],"acf":[],"_links":{"self":[{"href":"https:\/\/pippifoder.se\/fi\/wp-json\/wp\/v2\/product\/9141","targetHints":{"allow":["GET"]}}],"collection":[{"href":"https:\/\/pippifoder.se\/fi\/wp-json\/wp\/v2\/product"}],"about":[{"href":"https:\/\/pippifoder.se\/fi\/wp-json\/wp\/v2\/types\/product"}],"replies":[{"embeddable":true,"href":"https:\/\/pippifoder.se\/fi\/wp-json\/wp\/v2\/comments?post=9141"}],"wp:featuredmedia":[{"embeddable":true,"href":"https:\/\/pippifoder.se\/fi\/wp-json\/wp\/v2\/media\/6833"}],"wp:attachment":[{"href":"https:\/\/pippifoder.se\/fi\/wp-json\/wp\/v2\/media?parent=9141"}],"wp:term":[{"taxonomy":"product_brand","embeddable":true,"href":"https:\/\/pippifoder.se\/fi\/wp-json\/wp\/v2\/product_brand?post=9141"},{"taxonomy":"product_cat","embeddable":true,"href":"https:\/\/pippifoder.se\/fi\/wp-json\/wp\/v2\/product_cat?post=9141"},{"taxonomy":"product_tag","embeddable":true,"href":"https:\/\/pippifoder.se\/fi\/wp-json\/wp\/v2\/product_tag?post=9141"}],"curies":[{"name":"wp","href":"https:\/\/api.w.org\/{rel}","templated":true}]}}