{"id":9138,"date":"2024-01-16T18:27:46","date_gmt":"2024-01-16T18:27:46","guid":{"rendered":"https:\/\/pippifoder.se\/Ei-luokiteltu\/ruokinta-automaatti-birdie-musta-4-litraa\/"},"modified":"2026-01-16T06:03:02","modified_gmt":"2026-01-16T06:03:02","slug":"ruokinta-automaatti-birdie-musta-4-litraa","status":"publish","type":"product","link":"https:\/\/pippifoder.se\/fi\/tuote\/lintujen-ruokinta\/lintupoyta\/ruokinta-automaatti-birdie-musta-4-litraa\/","title":{"rendered":"Birdie lintujen ruokinta &#8211; musta 4 litraa"},"content":{"rendered":"<h2>Tuotespesifikaatio &#8211; Birdie-lintusy\u00f6tt\u00f6laite &#8211; musta 4 litraa<\/h2>\n<p><strong>Materiaali: <\/strong>100 % kierr\u00e4tetty\u00e4 polypropeenia (PP) <strong>Ulkomitat<\/strong>: 29 x 29 x 24 cm <strong>V\u00e4ri<\/strong>: Musta.<\/p>\n","protected":false},"excerpt":{"rendered":"<p>Birdie on tilava, ruotsalaisvalmisteinen lintujen ruokinta, joka on suunniteltu est\u00e4m\u00e4\u00e4n kissojen, oravien ja isompien lintujen ei-toivotut vierailut. Linnunruokinnassa on pieni laskeutumisalue, joka est\u00e4\u00e4 lintujen ulosteiden p\u00e4\u00e4syn ruokaan. Linnunruokkija voidaan asentaa tolppaan tai ripustaa koukkuun tai naruun puuhun. Linnunruokkija on valmistettu kierr\u00e4tysmuovista.   <\/p>\n","protected":false},"featured_media":6836,"comment_status":"open","ping_status":"closed","template":"","meta":{"_acf_changed":false},"product_brand":[],"product_cat":[173,171,174],"product_tag":[],"class_list":{"0":"post-9138","1":"product","2":"type-product","3":"status-publish","4":"has-post-thumbnail","6":"product_cat-lintupoyta","7":"product_cat-linnunsyottolaite-linnunsiemenia-varten","8":"product_cat-lintujen-ruokinta","9":"product_shipping_class-ruotsi","11":"first","12":"instock","13":"taxable","14":"shipping-taxable","15":"purchasable","16":"product-type-simple"},"bundled_by":[],"bundle_stock_status":"instock","bundle_stock_quantity":62,"bundle_virtual":false,"bundle_layout":"","bundle_add_to_cart_form_location":"","bundle_editable_in_cart":false,"bundle_sold_individually_context":"","bundle_item_grouping":"","bundle_min_size":"","bundle_max_size":"","bundle_price":[],"bundled_items":[],"bundle_sell_ids":[],"acf":[],"_links":{"self":[{"href":"https:\/\/pippifoder.se\/fi\/wp-json\/wp\/v2\/product\/9138","targetHints":{"allow":["GET"]}}],"collection":[{"href":"https:\/\/pippifoder.se\/fi\/wp-json\/wp\/v2\/product"}],"about":[{"href":"https:\/\/pippifoder.se\/fi\/wp-json\/wp\/v2\/types\/product"}],"replies":[{"embeddable":true,"href":"https:\/\/pippifoder.se\/fi\/wp-json\/wp\/v2\/comments?post=9138"}],"wp:featuredmedia":[{"embeddable":true,"href":"https:\/\/pippifoder.se\/fi\/wp-json\/wp\/v2\/media\/6836"}],"wp:attachment":[{"href":"https:\/\/pippifoder.se\/fi\/wp-json\/wp\/v2\/media?parent=9138"}],"wp:term":[{"taxonomy":"product_brand","embeddable":true,"href":"https:\/\/pippifoder.se\/fi\/wp-json\/wp\/v2\/product_brand?post=9138"},{"taxonomy":"product_cat","embeddable":true,"href":"https:\/\/pippifoder.se\/fi\/wp-json\/wp\/v2\/product_cat?post=9138"},{"taxonomy":"product_tag","embeddable":true,"href":"https:\/\/pippifoder.se\/fi\/wp-json\/wp\/v2\/product_tag?post=9138"}],"curies":[{"name":"wp","href":"https:\/\/api.w.org\/{rel}","templated":true}]}}