{"id":9130,"date":"2024-01-16T18:19:57","date_gmt":"2024-01-16T18:19:57","guid":{"rendered":"https:\/\/pippifoder.se\/Ei-luokiteltu\/ruokinta-automaatti-katan-musta-2-litraa\/"},"modified":"2026-04-15T12:57:55","modified_gmt":"2026-04-15T10:57:55","slug":"ruokinta-automaatti-katan-musta-2-litraa","status":"publish","type":"product","link":"https:\/\/pippifoder.se\/fi\/tuote\/lintujen-ruokinta\/lintupoyta\/ruokinta-automaatti-katan-musta-2-litraa\/","title":{"rendered":"Lintujen ruokinta K\u00e5tan &#8211; Musta 2 litraa"},"content":{"rendered":"<h2>Tuoteseloste &#8211; Lintujen ruokinta K\u00e5tan &#8211; Musta 2 litraa<\/h2>\n<p><strong>Materiaali: 100 % <\/strong>kierr\u00e4tetty\u00e4 polypropeenia (PP).<br \/>\n<strong>Korkeus:<\/strong> 24 cm<br \/>\n<strong>V\u00e4ri:<\/strong> Musta<br \/>\n<strong>Halkaisija:<\/strong> 27 cm<\/p>\n","protected":false},"excerpt":{"rendered":"<p>M\u00f6kki on perinteinen, ruotsalaisvalmisteinen ja tilava linnunp\u00f6ntt\u00f6. L\u00e4pin\u00e4kyv\u00e4n yl\u00e4osan ansiosta on helppo n\u00e4hd\u00e4, milloin on aika t\u00e4ytt\u00e4\u00e4 lintujen ruokaa. Linnunruokinta voidaan kiinnitt\u00e4\u00e4 tikkuun tai ripustaa koukkuun tai naruun puuhun. Linnunruokkija on valmistettu kierr\u00e4tysmuovista.   <\/p>\n","protected":false},"featured_media":6842,"comment_status":"open","ping_status":"closed","template":"","meta":{"_acf_changed":false},"product_brand":[],"product_cat":[173,171,174],"product_tag":[],"class_list":{"0":"post-9130","1":"product","2":"type-product","3":"status-publish","4":"has-post-thumbnail","6":"product_cat-lintupoyta","7":"product_cat-linnunsyottolaite-linnunsiemenia-varten","8":"product_cat-lintujen-ruokinta","9":"product_shipping_class-ruotsi","11":"first","12":"instock","13":"taxable","14":"shipping-taxable","15":"purchasable","16":"product-type-simple"},"bundled_by":[],"bundle_stock_status":"instock","bundle_stock_quantity":123,"bundle_virtual":false,"bundle_layout":"","bundle_add_to_cart_form_location":"","bundle_editable_in_cart":false,"bundle_sold_individually_context":"","bundle_item_grouping":"","bundle_min_size":"","bundle_max_size":"","bundle_price":[],"bundled_items":[],"bundle_sell_ids":[],"acf":[],"_links":{"self":[{"href":"https:\/\/pippifoder.se\/fi\/wp-json\/wp\/v2\/product\/9130","targetHints":{"allow":["GET"]}}],"collection":[{"href":"https:\/\/pippifoder.se\/fi\/wp-json\/wp\/v2\/product"}],"about":[{"href":"https:\/\/pippifoder.se\/fi\/wp-json\/wp\/v2\/types\/product"}],"replies":[{"embeddable":true,"href":"https:\/\/pippifoder.se\/fi\/wp-json\/wp\/v2\/comments?post=9130"}],"wp:featuredmedia":[{"embeddable":true,"href":"https:\/\/pippifoder.se\/fi\/wp-json\/wp\/v2\/media\/6842"}],"wp:attachment":[{"href":"https:\/\/pippifoder.se\/fi\/wp-json\/wp\/v2\/media?parent=9130"}],"wp:term":[{"taxonomy":"product_brand","embeddable":true,"href":"https:\/\/pippifoder.se\/fi\/wp-json\/wp\/v2\/product_brand?post=9130"},{"taxonomy":"product_cat","embeddable":true,"href":"https:\/\/pippifoder.se\/fi\/wp-json\/wp\/v2\/product_cat?post=9130"},{"taxonomy":"product_tag","embeddable":true,"href":"https:\/\/pippifoder.se\/fi\/wp-json\/wp\/v2\/product_tag?post=9130"}],"curies":[{"name":"wp","href":"https:\/\/api.w.org\/{rel}","templated":true}]}}