{"id":9124,"date":"2024-01-06T14:28:45","date_gmt":"2024-01-06T14:28:45","guid":{"rendered":"https:\/\/pippifoder.se\/Ei-luokiteltu\/wildlife-garden-decobird-sinitiainen\/"},"modified":"2025-01-27T14:28:51","modified_gmt":"2025-01-27T14:28:51","slug":"wildlife-garden-decobird-sinitiainen","status":"publish","type":"product","link":"https:\/\/pippifoder.se\/fi\/tuote\/tarvikkeet\/woodbirds-fi\/wildlife-garden-decobird-fi\/wildlife-garden-decobird-sinitiainen\/","title":{"rendered":"Villiel\u00e4inpuutarha &#8211; DecoBird Sinilintu Sinilintu"},"content":{"rendered":"<h2>K\u00e4sin veistetty puinen Sinitiainen<\/h2>\n<p>  DecoBird Sinitiainen on puinen lintu, joka on veistetty ja maalattu k\u00e4sin. Sinisen p\u00e4\u00e4ns\u00e4 ja keltaisen vatsansa ansiosta sinitiainen on yksi tunnistettavimmista linnuistamme. Se on pieni ja s\u00f6p\u00f6, ja se on uskollinen vieras sek\u00e4 lintup\u00f6ydill\u00e4 ett\u00e4 linnunp\u00f6nt\u00f6iss\u00e4.    <\/p>\n<h2>DecoBirds<\/h2>\n<p>  DecoBirds on sarja k\u00e4sin veistettyj\u00e4 lintuja, jotka on valmistettu lehmuspuusta. Sarja laajenee jatkuvasti uusilla suosikeilla. Jokainen lintu on pakattu ikkunallisessa vitriinirasiassa, joka sopii mainiosti lahjaksi. Mukana tulee pieni vihkonen, jossa on tietoa lajista.     <\/p>\n<h3>Siniset tissit muilla kielill\u00e4:<\/h3>\n<p>  Tieteellinen nimi: Cyanistes caeruleus English: Blue tit German: Blaumeise French: M\u00e9sange bleue Italian: Cinciarella Dutch: Pimpelmees Spanish: Herrerillo Com\u00fan<\/p>\n","protected":false},"excerpt":{"rendered":"<p>DecoBird Sinitiainen on puinen lintu, joka on veistetty ja maalattu k\u00e4sin. Sinisen p\u00e4\u00e4ns\u00e4 ja keltaisen vatsansa ansiosta sinitiainen on yksi tunnistettavimmista linnuistamme. Se on pieni ja s\u00f6p\u00f6, ja se on uskollinen vieras sek\u00e4 lintup\u00f6ydill\u00e4 ett\u00e4 linnunp\u00f6nt\u00f6iss\u00e4.  <\/p>\n","protected":false},"featured_media":6641,"comment_status":"open","ping_status":"closed","template":"","meta":{"_acf_changed":false},"product_brand":[],"product_cat":[145,122,165],"product_tag":[],"class_list":{"0":"post-9124","1":"product","2":"type-product","3":"status-publish","4":"has-post-thumbnail","6":"product_cat-wildlife-garden-decobird-fi","7":"product_cat-lintujen-siemenia-ja-lintujen-ruokaa-myynnissa","8":"product_cat-tarvikkeet","9":"product_shipping_class-ruotsi","11":"first","12":"outofstock","13":"sale","14":"taxable","15":"shipping-taxable","16":"purchasable","17":"product-type-simple"},"bundled_by":[],"bundle_stock_status":"outofstock","bundle_stock_quantity":0,"bundle_virtual":false,"bundle_layout":"","bundle_add_to_cart_form_location":"","bundle_editable_in_cart":false,"bundle_sold_individually_context":"","bundle_item_grouping":"","bundle_min_size":"","bundle_max_size":"","bundle_price":[],"bundled_items":[],"bundle_sell_ids":[],"acf":[],"_links":{"self":[{"href":"https:\/\/pippifoder.se\/fi\/wp-json\/wp\/v2\/product\/9124","targetHints":{"allow":["GET"]}}],"collection":[{"href":"https:\/\/pippifoder.se\/fi\/wp-json\/wp\/v2\/product"}],"about":[{"href":"https:\/\/pippifoder.se\/fi\/wp-json\/wp\/v2\/types\/product"}],"replies":[{"embeddable":true,"href":"https:\/\/pippifoder.se\/fi\/wp-json\/wp\/v2\/comments?post=9124"}],"wp:featuredmedia":[{"embeddable":true,"href":"https:\/\/pippifoder.se\/fi\/wp-json\/wp\/v2\/media\/6641"}],"wp:attachment":[{"href":"https:\/\/pippifoder.se\/fi\/wp-json\/wp\/v2\/media?parent=9124"}],"wp:term":[{"taxonomy":"product_brand","embeddable":true,"href":"https:\/\/pippifoder.se\/fi\/wp-json\/wp\/v2\/product_brand?post=9124"},{"taxonomy":"product_cat","embeddable":true,"href":"https:\/\/pippifoder.se\/fi\/wp-json\/wp\/v2\/product_cat?post=9124"},{"taxonomy":"product_tag","embeddable":true,"href":"https:\/\/pippifoder.se\/fi\/wp-json\/wp\/v2\/product_tag?post=9124"}],"curies":[{"name":"wp","href":"https:\/\/api.w.org\/{rel}","templated":true}]}}