{"id":9121,"date":"2024-01-06T14:29:24","date_gmt":"2024-01-06T14:29:24","guid":{"rendered":"https:\/\/pippifoder.se\/Ei-luokiteltu\/wildlife-garden-decobird-punarinta\/"},"modified":"2025-01-27T14:28:54","modified_gmt":"2025-01-27T14:28:54","slug":"wildlife-garden-decobird-punarinta","status":"publish","type":"product","link":"https:\/\/pippifoder.se\/fi\/tuote\/tarvikkeet\/woodbirds-fi\/wildlife-garden-decobird-fi\/wildlife-garden-decobird-punarinta\/","title":{"rendered":"Villiel\u00e4inpuutarha &#8211; DecoBird Robin"},"content":{"rendered":"<h2>Robin veistetty lehmuspuusta<\/h2>\n<p>  DecoBird robin on puinen lintu, joka on veistetty ja maalattu k\u00e4sin. Kaikki DecoBirds-malliston linnut on veistetty lehmuspuusta ja maalattu ymp\u00e4rist\u00f6yst\u00e4v\u00e4llisill\u00e4 v\u00e4reill\u00e4. Ne voidaan sijoittaa sis\u00e4lle tai ulos. Lintu toimitetaan ikkunallisessa vitriinirasiassa, ja jokaisen linnun mukana tulee pieni vihkonen, jossa on tietoa lajista.     <\/p>\n<h2>Red Hook<\/h2>\n<p>  Punarinnat vierailevat mielell\u00e4\u00e4n puutarhassa, mutta vain yksi kerrallaan! Ne ajavat v\u00e4litt\u00f6m\u00e4sti pois kaikki muut punarinnat, jotka l\u00e4hestyv\u00e4t reviiri\u00e4.   <\/p>\n<h3>Robin muilla kielill\u00e4:<\/h3>\n<p>  Tieteellinen nimi: Erithacus rubecula English: Robin German: Rotkehlchen French: Rouge-gorge Italian: Pettirosso Dutch: Roodborstje Spanish: Petirrojo Europeo<\/p>\n","protected":false},"excerpt":{"rendered":"<p>DecoBird robin on puinen lintu, joka on veistetty ja maalattu k\u00e4sin. Kaikki DecoBirds-malliston linnut on veistetty lehmuspuusta ja maalattu ymp\u00e4rist\u00f6yst\u00e4v\u00e4llisill\u00e4 v\u00e4reill\u00e4. Ne voidaan sijoittaa sis\u00e4lle tai ulos. Lintu toimitetaan ikkunallisessa vitriinirasiassa, ja jokaisen linnun mukana tulee pieni vihkonen, jossa on tietoa lajista.   <\/p>\n","protected":false},"featured_media":6647,"comment_status":"open","ping_status":"closed","template":"","meta":{"_acf_changed":false},"product_brand":[],"product_cat":[145,122,165],"product_tag":[],"class_list":{"0":"post-9121","1":"product","2":"type-product","3":"status-publish","4":"has-post-thumbnail","6":"product_cat-wildlife-garden-decobird-fi","7":"product_cat-lintujen-siemenia-ja-lintujen-ruokaa-myynnissa","8":"product_cat-tarvikkeet","9":"product_shipping_class-ruotsi","11":"first","12":"outofstock","13":"sale","14":"taxable","15":"shipping-taxable","16":"purchasable","17":"product-type-simple"},"bundled_by":[],"bundle_stock_status":"outofstock","bundle_stock_quantity":0,"bundle_virtual":false,"bundle_layout":"","bundle_add_to_cart_form_location":"","bundle_editable_in_cart":false,"bundle_sold_individually_context":"","bundle_item_grouping":"","bundle_min_size":"","bundle_max_size":"","bundle_price":[],"bundled_items":[],"bundle_sell_ids":[],"acf":[],"_links":{"self":[{"href":"https:\/\/pippifoder.se\/fi\/wp-json\/wp\/v2\/product\/9121","targetHints":{"allow":["GET"]}}],"collection":[{"href":"https:\/\/pippifoder.se\/fi\/wp-json\/wp\/v2\/product"}],"about":[{"href":"https:\/\/pippifoder.se\/fi\/wp-json\/wp\/v2\/types\/product"}],"replies":[{"embeddable":true,"href":"https:\/\/pippifoder.se\/fi\/wp-json\/wp\/v2\/comments?post=9121"}],"wp:featuredmedia":[{"embeddable":true,"href":"https:\/\/pippifoder.se\/fi\/wp-json\/wp\/v2\/media\/6647"}],"wp:attachment":[{"href":"https:\/\/pippifoder.se\/fi\/wp-json\/wp\/v2\/media?parent=9121"}],"wp:term":[{"taxonomy":"product_brand","embeddable":true,"href":"https:\/\/pippifoder.se\/fi\/wp-json\/wp\/v2\/product_brand?post=9121"},{"taxonomy":"product_cat","embeddable":true,"href":"https:\/\/pippifoder.se\/fi\/wp-json\/wp\/v2\/product_cat?post=9121"},{"taxonomy":"product_tag","embeddable":true,"href":"https:\/\/pippifoder.se\/fi\/wp-json\/wp\/v2\/product_tag?post=9121"}],"curies":[{"name":"wp","href":"https:\/\/api.w.org\/{rel}","templated":true}]}}