{"id":9118,"date":"2024-01-06T14:35:44","date_gmt":"2024-01-06T14:35:44","guid":{"rendered":"https:\/\/pippifoder.se\/Ei-luokiteltu\/wildlife-garden-decobird-punatulkku\/"},"modified":"2025-01-27T14:28:48","modified_gmt":"2025-01-27T14:28:48","slug":"wildlife-garden-decobird-punatulkku","status":"publish","type":"product","link":"https:\/\/pippifoder.se\/fi\/tuote\/tarvikkeet\/woodbirds-fi\/wildlife-garden-decobird-fi\/wildlife-garden-decobird-punatulkku\/","title":{"rendered":"Villiel\u00e4inpuutarha &#8211; DecoBird Domherre"},"content":{"rendered":"<h2>K\u00e4sin veistetty puinen tykki<\/h2>\n<p>  DecoBird-h\u00e4r\u00e4nsilm\u00e4 on puinen lintu, joka on veistetty ja maalattu k\u00e4sin. H\u00e4rk\u00e4linnusta on tullut joulun symboli, jonka punainen rinta loistaa kauniisti lunta vasten. Talvella se k\u00e4y mielell\u00e4\u00e4n lintup\u00f6yd\u00e4ss\u00e4, mutta se asustaa naapurustossamme ymp\u00e4ri vuoden. DecoBird-valkop\u00e4\u00e4skyjen mukana tulee pieni vihkonen, jossa on tietoa lajista.     <\/p>\n<h3>Domherre muilla kielill\u00e4:<\/h3>\n<p>  Tieteellinen nimi: Pyrrhula pyrrhula English: Bullfinch German: Dompfaff French: Bouvreuil pivoine Italian: Ciuffolotto Dutch: Goudvink Spanish: Camachuelo Com\u00fan<\/p>\n","protected":false},"excerpt":{"rendered":"<p>DecoBird-h\u00e4r\u00e4nsilm\u00e4 on puinen lintu, joka on veistetty ja maalattu k\u00e4sin. H\u00e4rk\u00e4linnusta on tullut joulun symboli, jonka punainen rinta loistaa kauniisti lunta vasten. Talvella se k\u00e4y mielell\u00e4\u00e4n lintup\u00f6yd\u00e4ss\u00e4, mutta se asustaa naapurustossamme ymp\u00e4ri vuoden. DecoBird-valkop\u00e4\u00e4skyjen mukana tulee pieni vihkonen, jossa on tietoa lajista.   <\/p>\n","protected":false},"featured_media":6656,"comment_status":"open","ping_status":"closed","template":"","meta":{"_acf_changed":false},"product_brand":[],"product_cat":[145,122,165],"product_tag":[],"class_list":{"0":"post-9118","1":"product","2":"type-product","3":"status-publish","4":"has-post-thumbnail","6":"product_cat-wildlife-garden-decobird-fi","7":"product_cat-lintujen-siemenia-ja-lintujen-ruokaa-myynnissa","8":"product_cat-tarvikkeet","9":"product_shipping_class-ruotsi","11":"first","12":"outofstock","13":"sale","14":"taxable","15":"shipping-taxable","16":"purchasable","17":"product-type-simple"},"bundled_by":[],"bundle_stock_status":"outofstock","bundle_stock_quantity":0,"bundle_virtual":false,"bundle_layout":"","bundle_add_to_cart_form_location":"","bundle_editable_in_cart":false,"bundle_sold_individually_context":"","bundle_item_grouping":"","bundle_min_size":"","bundle_max_size":"","bundle_price":[],"bundled_items":[],"bundle_sell_ids":[],"acf":[],"_links":{"self":[{"href":"https:\/\/pippifoder.se\/fi\/wp-json\/wp\/v2\/product\/9118","targetHints":{"allow":["GET"]}}],"collection":[{"href":"https:\/\/pippifoder.se\/fi\/wp-json\/wp\/v2\/product"}],"about":[{"href":"https:\/\/pippifoder.se\/fi\/wp-json\/wp\/v2\/types\/product"}],"replies":[{"embeddable":true,"href":"https:\/\/pippifoder.se\/fi\/wp-json\/wp\/v2\/comments?post=9118"}],"wp:featuredmedia":[{"embeddable":true,"href":"https:\/\/pippifoder.se\/fi\/wp-json\/wp\/v2\/media\/6656"}],"wp:attachment":[{"href":"https:\/\/pippifoder.se\/fi\/wp-json\/wp\/v2\/media?parent=9118"}],"wp:term":[{"taxonomy":"product_brand","embeddable":true,"href":"https:\/\/pippifoder.se\/fi\/wp-json\/wp\/v2\/product_brand?post=9118"},{"taxonomy":"product_cat","embeddable":true,"href":"https:\/\/pippifoder.se\/fi\/wp-json\/wp\/v2\/product_cat?post=9118"},{"taxonomy":"product_tag","embeddable":true,"href":"https:\/\/pippifoder.se\/fi\/wp-json\/wp\/v2\/product_tag?post=9118"}],"curies":[{"name":"wp","href":"https:\/\/api.w.org\/{rel}","templated":true}]}}