{"id":9114,"date":"2024-01-06T14:32:41","date_gmt":"2024-01-06T14:32:41","guid":{"rendered":"https:\/\/pippifoder.se\/Ei-luokiteltu\/wildlife-garden-decobird-toyhtotiainen\/"},"modified":"2025-01-27T14:28:46","modified_gmt":"2025-01-27T14:28:46","slug":"wildlife-garden-decobird-toyhtotiainen","status":"publish","type":"product","link":"https:\/\/pippifoder.se\/fi\/tuote\/tarvikkeet\/woodbirds-fi\/wildlife-garden-decobird-fi\/wildlife-garden-decobird-toyhtotiainen\/","title":{"rendered":"Villiel\u00e4inpuutarha &#8211; DecoBird Tofsmes"},"content":{"rendered":"<h2>Puusta veistetty tupsu<\/h2>\n<p>  Pikkutupsu on helppo tunnistaa, sill\u00e4 sen p\u00e4\u00e4ss\u00e4 on rohkea tupsu. Lintu talvehtii kaukana pohjoisessa (Skandinaviassa). Se selviytyy kylm\u00e4st\u00e4 talvesta ruokavarastojensa ansiosta, jotka se piilottaa &#8211; kuten orava! Lue lis\u00e4\u00e4 tupsutiaisesta lintukoulustamme, jossa voit my\u00f6s kuulla linnunlaulua. Se on my\u00f6s suosittu lis\u00e4 DecoBird-perheeseen, joka kasvaa joka vuosi k\u00e4sin veistetyill\u00e4 puulinnuilla. Lintutuntemuksemme avulla luomme n\u00e4it\u00e4 pieni\u00e4 mestariteoksia, joita ihmiset ymp\u00e4ri maailmaa arvostavat niiden luonnollisuuden vuoksi.       <\/p>\n<h3>Tofsmes muilla kielill\u00e4:<\/h3>\n<p>  Tieteellinen nimi: Lophophanes cristatus English: Crested tit German: Haubenmeise French: M\u00e9sange hupp\u00e9e Italian: Cincia dal ciuffo Dutch: Kuifmees Spanish: Herrerillo Capuchino<\/p>\n","protected":false},"excerpt":{"rendered":"<p>Pikkutupsu on helppo tunnistaa, sill\u00e4 sen p\u00e4\u00e4ss\u00e4 on rohkea tupsu. Lintu talvehtii kaukana pohjoisessa (Skandinaviassa). Se selviytyy kylm\u00e4st\u00e4 talvesta ruokavarastojensa ansiosta, jotka se piilottaa &#8211; kuten orava! Lue lis\u00e4\u00e4 tupsutiaisesta lintukoulustamme, jossa voit my\u00f6s kuulla linnunlaulua. Se on my\u00f6s suosittu lis\u00e4 DecoBird-perheeseen, joka kasvaa joka vuosi k\u00e4sin veistetyill\u00e4 puulinnuilla. Lintutuntemuksemme avulla luomme n\u00e4it\u00e4 pieni\u00e4 mestariteoksia, joita ihmiset ymp\u00e4ri maailmaa arvostavat niiden luonnollisuuden vuoksi.     <\/p>\n","protected":false},"featured_media":6653,"comment_status":"open","ping_status":"closed","template":"","meta":{"_acf_changed":false},"product_brand":[],"product_cat":[145,122,165],"product_tag":[],"class_list":{"0":"post-9114","1":"product","2":"type-product","3":"status-publish","4":"has-post-thumbnail","6":"product_cat-wildlife-garden-decobird-fi","7":"product_cat-lintujen-siemenia-ja-lintujen-ruokaa-myynnissa","8":"product_cat-tarvikkeet","9":"product_shipping_class-ruotsi","11":"first","12":"outofstock","13":"sale","14":"taxable","15":"shipping-taxable","16":"purchasable","17":"product-type-simple"},"bundled_by":[],"bundle_stock_status":"outofstock","bundle_stock_quantity":0,"bundle_virtual":false,"bundle_layout":"","bundle_add_to_cart_form_location":"","bundle_editable_in_cart":false,"bundle_sold_individually_context":"","bundle_item_grouping":"","bundle_min_size":"","bundle_max_size":"","bundle_price":[],"bundled_items":[],"bundle_sell_ids":[],"acf":[],"_links":{"self":[{"href":"https:\/\/pippifoder.se\/fi\/wp-json\/wp\/v2\/product\/9114","targetHints":{"allow":["GET"]}}],"collection":[{"href":"https:\/\/pippifoder.se\/fi\/wp-json\/wp\/v2\/product"}],"about":[{"href":"https:\/\/pippifoder.se\/fi\/wp-json\/wp\/v2\/types\/product"}],"replies":[{"embeddable":true,"href":"https:\/\/pippifoder.se\/fi\/wp-json\/wp\/v2\/comments?post=9114"}],"wp:featuredmedia":[{"embeddable":true,"href":"https:\/\/pippifoder.se\/fi\/wp-json\/wp\/v2\/media\/6653"}],"wp:attachment":[{"href":"https:\/\/pippifoder.se\/fi\/wp-json\/wp\/v2\/media?parent=9114"}],"wp:term":[{"taxonomy":"product_brand","embeddable":true,"href":"https:\/\/pippifoder.se\/fi\/wp-json\/wp\/v2\/product_brand?post=9114"},{"taxonomy":"product_cat","embeddable":true,"href":"https:\/\/pippifoder.se\/fi\/wp-json\/wp\/v2\/product_cat?post=9114"},{"taxonomy":"product_tag","embeddable":true,"href":"https:\/\/pippifoder.se\/fi\/wp-json\/wp\/v2\/product_tag?post=9114"}],"curies":[{"name":"wp","href":"https:\/\/api.w.org\/{rel}","templated":true}]}}