{"id":9107,"date":"2024-09-06T10:48:48","date_gmt":"2024-09-06T10:48:48","guid":{"rendered":"https:\/\/pippifoder.se\/Ei-luokiteltu\/lintujen-ruokaa-naytelaatikko\/"},"modified":"2026-04-15T13:01:48","modified_gmt":"2026-04-15T11:01:48","slug":"lintujen-ruokaa-naytelaatikko","status":"publish","type":"product","link":"https:\/\/pippifoder.se\/fi\/tuote\/lintujen-ruokaa\/lintujen-ruokaa-naytelaatikko\/","title":{"rendered":"Lintujen ruokaa, n\u00e4ytelaatikko"},"content":{"rendered":"","protected":false},"excerpt":{"rendered":"<p>Usein sy\u00f6t\u00e4t samoja siemeni\u00e4 kuin tavallisesti, mutta kaikki linnut eiv\u00e4t pid\u00e4 samasta ruoasta. Jos haluat houkutella useampia lintuja p\u00f6yt\u00e4\u00e4n, voi olla hyv\u00e4 tarjota erilaisia ruokia. Jotta uusia asioita uskaltaisi kokeilla helpommin, olemme kehitt\u00e4neet n\u00e4ytelaatikon, joka sis\u00e4lt\u00e4\u00e4:  <\/p>\n<ul>\n<li><a href=\"https:\/\/pippifoder.se\/fi\/auringonkukansiemenet-linnuille\/\">Kuoritut auringonkukansiemenet<\/a><\/li>\n<li><a href=\"https:\/\/pippifoder.se\/fi\/maapahkinat\/\">Kuorettomat maap\u00e4hkin\u00e4t<\/a><\/li>\n<li><a href=\"https:\/\/pippifoder.se\/fi\/tuote\/fagelmat\/jordnotter\/blanchoidut-maapahkinat-linnuille-10-kg\/\">Puhdistetut maap\u00e4hkin\u00e4t<\/a><\/li>\n<li><a href=\"https:\/\/pippifoder.se\/fagelmat\/hampafron\/hampafron-15kg\/\">Hamppusiemenet<\/a><\/li>\n<li><a href=\"https:\/\/pippifoder.se\/fi\/lintujen-ruokaa\/riistan-siemenseos\/vildfagelmix-utan-skal-15kg\/\">Wild bird mix ilman kuorta<\/a><\/li>\n<li><a href=\"https:\/\/pippifoder.se\/fi\/tuote\/lintujen-ruokaa\/linnunsiemen\/alasti-kaura-25kg\/\">Alaston kaura<\/a><\/li>\n<li><a href=\"https:\/\/pippifoder.se\/fi\/tallapallot-pienille-linnuille\/\">6 talipalloa<\/a><\/li>\n<li><a href=\"https:\/\/pippifoder.se\/fi\/talsamin-siemenpalkki\/\">1 talisiemenpatukka<\/a><\/li>\n<li><a href=\"https:\/\/pippifoder.se\/fi\/rasvasiemenseos\/\">1 rasvainen siemenseos<\/a>.<\/li>\n<\/ul>\n<p>Rehun kokonaispaino, noin 3,5 kg.<\/p>\n<p>Toivottavasti uskallat kokeilla jotain uutta!<\/p>\n<p>Jos tarvitset sopivaa lintujen ruokintav\u00e4linett\u00e4, l\u00f6yd\u00e4t kaikki <a href=\"https:\/\/pippifoder.se\/fi\/lintujen-ruokinta\/\">lintujen ruokintav\u00e4lineet t\u00e4\u00e4lt\u00e4!<\/a><\/p>\n","protected":false},"featured_media":7613,"comment_status":"closed","ping_status":"closed","template":"","meta":{"_acf_changed":false},"product_brand":[],"product_cat":[112,570,127],"product_tag":[],"class_list":{"0":"post-9107","1":"product","2":"type-product","3":"status-publish","4":"has-post-thumbnail","6":"product_cat-lintujen-ruokaa","7":"product_cat-joululahjaideoita-lintujen-ystaville-vuonna-2025","8":"product_cat-linnunsiemen","10":"first","11":"instock","12":"taxable","13":"shipping-taxable","14":"purchasable","15":"product-type-simple"},"bundled_by":[],"bundle_stock_status":"instock","bundle_stock_quantity":null,"bundle_virtual":false,"bundle_layout":"","bundle_add_to_cart_form_location":"","bundle_editable_in_cart":false,"bundle_sold_individually_context":"","bundle_item_grouping":"","bundle_min_size":"","bundle_max_size":"","bundle_price":[],"bundled_items":[],"bundle_sell_ids":[],"acf":[],"_links":{"self":[{"href":"https:\/\/pippifoder.se\/fi\/wp-json\/wp\/v2\/product\/9107","targetHints":{"allow":["GET"]}}],"collection":[{"href":"https:\/\/pippifoder.se\/fi\/wp-json\/wp\/v2\/product"}],"about":[{"href":"https:\/\/pippifoder.se\/fi\/wp-json\/wp\/v2\/types\/product"}],"replies":[{"embeddable":true,"href":"https:\/\/pippifoder.se\/fi\/wp-json\/wp\/v2\/comments?post=9107"}],"wp:featuredmedia":[{"embeddable":true,"href":"https:\/\/pippifoder.se\/fi\/wp-json\/wp\/v2\/media\/7613"}],"wp:attachment":[{"href":"https:\/\/pippifoder.se\/fi\/wp-json\/wp\/v2\/media?parent=9107"}],"wp:term":[{"taxonomy":"product_brand","embeddable":true,"href":"https:\/\/pippifoder.se\/fi\/wp-json\/wp\/v2\/product_brand?post=9107"},{"taxonomy":"product_cat","embeddable":true,"href":"https:\/\/pippifoder.se\/fi\/wp-json\/wp\/v2\/product_cat?post=9107"},{"taxonomy":"product_tag","embeddable":true,"href":"https:\/\/pippifoder.se\/fi\/wp-json\/wp\/v2\/product_tag?post=9107"}],"curies":[{"name":"wp","href":"https:\/\/api.w.org\/{rel}","templated":true}]}}