{"id":9100,"date":"2023-11-14T11:09:15","date_gmt":"2023-11-14T11:09:15","guid":{"rendered":"https:\/\/pippifoder.se\/Ei-luokiteltu\/lintujen-ruokaa-yhteistyossa-rotnas-gardsbutikin-kanssa\/"},"modified":"2025-01-27T14:29:35","modified_gmt":"2025-01-27T14:29:35","slug":"lintujen-ruokaa-yhteistyossa-rotnas-gardsbutikin-kanssa","status":"publish","type":"product","link":"https:\/\/pippifoder.se\/fi\/tuote\/fagelmat\/lintujen-ruokaa-yhteistyossa-rotnas-gardsbutikin-kanssa\/","title":{"rendered":"Lintujen ruokaa yhteisty\u00f6ss\u00e4 Rotn\u00e4s G\u00e5rdsbutik -yhti\u00f6n kanssa."},"content":{"rendered":"<h2>Kuoritut auringonkukansiemenet<\/h2>\n<p>Olemme p\u00e4\u00e4tt\u00e4neet tuoda kotiin kuorittuja auringonkukansiemeni\u00e4 muutamasta syyst\u00e4:<\/p>\n<ul>\n<li>Pussissa on kaksi kertaa enemm\u00e4n siemeni\u00e4, kuoret ovat l\u00e4hes 50 % painosta!<\/li>\n<li>Sinun ja naapureidesi ei tarvitse k\u00e4sitell\u00e4 paljon auringonkukan kuorij\u00e4tett\u00e4.<\/li>\n<li>Pakkauksia k\u00e4ytet\u00e4\u00e4n puolet v\u00e4hemm\u00e4n<\/li>\n<li>Saman ruokam\u00e4\u00e4r\u00e4n s\u00e4ilytt\u00e4miseen tarvitaan vain puolet v\u00e4hemm\u00e4n tilaa.<\/li>\n<li>Useammat linnut voivat sy\u00f6d\u00e4 helpommin, kaikilla ei ole todellista simpukkanokkaa.<\/li>\n<\/ul>\n<h2><strong>Kuorettomat maap\u00e4hkin\u00e4t<\/strong><\/h2>\n<p>Tuomme my\u00f6s kotiin kuorittuja <b>maap\u00e4hkin\u00f6it\u00e4 <\/b>suuria m\u00e4\u00e4ri\u00e4 ja veloitamme vain 349 puntaa\/s\u00e4kki 10 kilosta tai 869 puntaa\/s\u00e4kki 25 kilosta!<\/p>\n<h2><strong>Tallipallot \u00e4mp\u00e4riss\u00e4<\/strong><\/h2>\n<p>Meill\u00e4 on my\u00f6s mokkapalloja \u00e4mp\u00e4reiss\u00e4 ilman verkkoa. <b>Suet-pallot <\/b>ovat \u00e4mp\u00e4riss\u00e4, jossa on 50 kpl ja veloitamme vain 145 kr \/ \u00e4mp\u00e4ri. <\/p>\n","protected":false},"excerpt":{"rendered":"<p>Kuorettomat auringonkukansiemenet, kuorettomat maap\u00e4hkin\u00e4t ja mokkapallot puoleen hintaan! Rotn\u00e4s G\u00e5rdsbutik tuo yhteisty\u00f6ss\u00e4 Pippifoderin kanssa kotiin suuren l\u00e4hetyksen lintujen ruokaa. Suurella toimituksella saamme todella hyv\u00e4n hinnan ja otamme esimerkiksi vain <strong>665 kruunua 25 kilosta kuorittuja auringonkukansiemeni\u00e4<\/strong>, se on <u>puolet halvempi kuin ex Granng\u00e5rden!<\/u> Kaikki tuotteet ovat halvempia kuin kaupan ja internetin! <strong>Toimitus tapahtuu Rotn\u00e4s G\u00e5rdsbutikissa Karlstadissa 15.-17. joulukuuta<\/strong>. Toivottavasti k\u00e4yt\u00e4t tilaisuutta hyv\u00e4ksenne ja tilaatte kaikki talven tarpeet, jotta linnut ovat tyytyv\u00e4isi\u00e4!  <\/p>\n","protected":false},"featured_media":6494,"comment_status":"closed","ping_status":"closed","template":"","meta":{"_acf_changed":false},"product_brand":[],"product_cat":[15],"product_tag":[],"class_list":{"0":"post-9100","1":"product","2":"type-product","3":"status-publish","4":"has-post-thumbnail","6":"product_cat-fagelmat","8":"first","9":"instock","10":"taxable","11":"shipping-taxable","12":"product-type-grouped"},"bundled_by":[],"bundle_stock_status":"instock","bundle_stock_quantity":null,"bundle_virtual":false,"bundle_layout":"","bundle_add_to_cart_form_location":"","bundle_editable_in_cart":false,"bundle_sold_individually_context":"","bundle_item_grouping":"","bundle_min_size":"","bundle_max_size":"","bundle_price":[],"bundled_items":[],"bundle_sell_ids":[],"acf":[],"_links":{"self":[{"href":"https:\/\/pippifoder.se\/fi\/wp-json\/wp\/v2\/product\/9100","targetHints":{"allow":["GET"]}}],"collection":[{"href":"https:\/\/pippifoder.se\/fi\/wp-json\/wp\/v2\/product"}],"about":[{"href":"https:\/\/pippifoder.se\/fi\/wp-json\/wp\/v2\/types\/product"}],"replies":[{"embeddable":true,"href":"https:\/\/pippifoder.se\/fi\/wp-json\/wp\/v2\/comments?post=9100"}],"wp:featuredmedia":[{"embeddable":true,"href":"https:\/\/pippifoder.se\/fi\/wp-json\/wp\/v2\/media\/6494"}],"wp:attachment":[{"href":"https:\/\/pippifoder.se\/fi\/wp-json\/wp\/v2\/media?parent=9100"}],"wp:term":[{"taxonomy":"product_brand","embeddable":true,"href":"https:\/\/pippifoder.se\/fi\/wp-json\/wp\/v2\/product_brand?post=9100"},{"taxonomy":"product_cat","embeddable":true,"href":"https:\/\/pippifoder.se\/fi\/wp-json\/wp\/v2\/product_cat?post=9100"},{"taxonomy":"product_tag","embeddable":true,"href":"https:\/\/pippifoder.se\/fi\/wp-json\/wp\/v2\/product_tag?post=9100"}],"curies":[{"name":"wp","href":"https:\/\/api.w.org\/{rel}","templated":true}]}}