{"id":61527,"date":"2024-02-01T06:55:09","date_gmt":"2024-02-01T06:55:09","guid":{"rendered":"https:\/\/pippifoder.se\/Ei-luokiteltu\/wildlife-garden-pullonkorkki-ankka\/"},"modified":"2026-04-15T13:04:07","modified_gmt":"2026-04-15T11:04:07","slug":"wildlife-garden-pullonkorkki-ankka","status":"publish","type":"product","link":"https:\/\/pippifoder.se\/fi\/tuote\/tarvikkeet\/wildlife-garden-pullonkorkki-ankka\/","title":{"rendered":"Wildlife Garden &#8211; Pullonkorkki ankka"},"content":{"rendered":"<h2>Pullonkorkki, jossa on k\u00e4sin veistetty ankka<\/h2>\n<p>T\u00e4m\u00e4 pullonkorkki on mukava yksityiskohta p\u00f6yt\u00e4asetelmassa, ja se pit\u00e4\u00e4 juoman tuoreena pidemp\u00e4\u00e4n. Korkin muodon ja koon ansiosta se sopii useimmille pullotyypeille. K\u00e4yt\u00e4 sit\u00e4 virvoitusjuoma-, mehu- ja vesipullojen sulkemiseen tai miksei vaikka \u00f6ljyn tai etikan sulkemiseen. S\u00f6p\u00f6st\u00e4 ankanpoikasesta tulee puheenaihe, yksityiskohta, joka her\u00e4tt\u00e4\u00e4 uteliaisuutta ja arvostusta ruokap\u00f6yd\u00e4ss\u00e4.   <\/p>\n<p>Ankkakorkki on my\u00f6s loistava lahja. Lahjaksi se on t\u00e4ydellinen pieni lis\u00e4 hyvien juomien kanssa, ja pakkauksen muodon ansiosta se on helppo ripustaa pulloon. Se on my\u00f6s erinomainen lahja itsess\u00e4\u00e4n, hauskana sisustuskoristeena.  <\/p>\n<p>Ankka on k\u00e4sin veistetty ja maalattu ymp\u00e4rist\u00f6yst\u00e4v\u00e4llisill\u00e4 v\u00e4reill\u00e4. Puhdista pullon korkki kostealla liinalla. Ei saa k\u00e4ytt\u00e4\u00e4 astianpesukoneessa.  <\/p>\n","protected":false},"excerpt":{"rendered":"<p>T\u00e4m\u00e4 pullonkorkki on mukava yksityiskohta p\u00f6yt\u00e4asetelmassa, ja se pit\u00e4\u00e4 juoman tuoreena pidemp\u00e4\u00e4n. Korkin muodon ja koon ansiosta se sopii useimmille pullotyypeille. K\u00e4yt\u00e4 sit\u00e4 virvoitusjuoma-, mehu- ja vesipullojen sulkemiseen tai miksei vaikka \u00f6ljyn tai etikan sulkemiseen. S\u00f6p\u00f6st\u00e4 ankanpoikasesta tulee puheenaihe, yksityiskohta, joka her\u00e4tt\u00e4\u00e4 uteliaisuutta ja arvostusta ruokap\u00f6yd\u00e4ss\u00e4.   <\/p>\n","protected":false},"featured_media":7076,"comment_status":"open","ping_status":"closed","template":"","meta":{"_acf_changed":false},"product_brand":[],"product_cat":[165],"product_tag":[],"class_list":{"0":"post-61527","1":"product","2":"type-product","3":"status-publish","4":"has-post-thumbnail","6":"product_cat-tarvikkeet","7":"product_shipping_class-ruotsi","9":"first","10":"outofstock","11":"taxable","12":"shipping-taxable","13":"purchasable","14":"product-type-simple"},"bundled_by":[],"bundle_stock_status":"outofstock","bundle_stock_quantity":5,"bundle_virtual":false,"bundle_layout":"","bundle_add_to_cart_form_location":"","bundle_editable_in_cart":false,"bundle_sold_individually_context":"","bundle_item_grouping":"","bundle_min_size":"","bundle_max_size":"","bundle_price":[],"bundled_items":[],"bundle_sell_ids":[],"acf":[],"_links":{"self":[{"href":"https:\/\/pippifoder.se\/fi\/wp-json\/wp\/v2\/product\/61527","targetHints":{"allow":["GET"]}}],"collection":[{"href":"https:\/\/pippifoder.se\/fi\/wp-json\/wp\/v2\/product"}],"about":[{"href":"https:\/\/pippifoder.se\/fi\/wp-json\/wp\/v2\/types\/product"}],"replies":[{"embeddable":true,"href":"https:\/\/pippifoder.se\/fi\/wp-json\/wp\/v2\/comments?post=61527"}],"wp:featuredmedia":[{"embeddable":true,"href":"https:\/\/pippifoder.se\/fi\/wp-json\/wp\/v2\/media\/7076"}],"wp:attachment":[{"href":"https:\/\/pippifoder.se\/fi\/wp-json\/wp\/v2\/media?parent=61527"}],"wp:term":[{"taxonomy":"product_brand","embeddable":true,"href":"https:\/\/pippifoder.se\/fi\/wp-json\/wp\/v2\/product_brand?post=61527"},{"taxonomy":"product_cat","embeddable":true,"href":"https:\/\/pippifoder.se\/fi\/wp-json\/wp\/v2\/product_cat?post=61527"},{"taxonomy":"product_tag","embeddable":true,"href":"https:\/\/pippifoder.se\/fi\/wp-json\/wp\/v2\/product_tag?post=61527"}],"curies":[{"name":"wp","href":"https:\/\/api.w.org\/{rel}","templated":true}]}}