{"id":61524,"date":"2026-02-27T12:13:36","date_gmt":"2026-02-27T12:13:36","guid":{"rendered":"https:\/\/pippifoder.se\/Ei-luokiteltu\/pippifoder-lahjakortti\/"},"modified":"2026-02-27T12:13:36","modified_gmt":"2026-02-27T11:13:36","slug":"pippifoder-lahjakortti","status":"publish","type":"product","link":"https:\/\/pippifoder.se\/fi\/tuote\/lahjakortit\/pippifoder-lahjakortti\/","title":{"rendered":"Pippifoder-lahjakortti"},"content":{"rendered":"<h3 data-start=\"538\" data-end=\"607\">\ud83c\udf81 Lahjakortit Pippifoderilta &#8211; lahja, joka tuo el\u00e4m\u00e4\u00e4 puutarhaan<\/h3>\n<p data-start=\"609\" data-end=\"823\">Etsitk\u00f6 lahjaa, jota todella k\u00e4ytet\u00e4\u00e4n? <strong data-start=\"681\" data-end=\"712\">Pippifoderin lahjakortilla<\/strong> annat mahdollisuuden valita laadukkaita tuotteita sek\u00e4 puutarhalinnuille ett\u00e4 tuotantoel\u00e4imille. <\/p>\n<p data-start=\"825\" data-end=\"861\">Meilt\u00e4 vastaanottaja l\u00f6yt\u00e4\u00e4 kaiken:<\/p>\n<ul data-start=\"863\" data-end=\"1120\">\n<li data-start=\"863\" data-end=\"914\">\n<p data-start=\"865\" data-end=\"914\">Ravitsevaa <strong data-start=\"876\" data-end=\"888\">lintujen ruokaa<\/strong> kaikkina vuodenaiko <strong data-start=\"876\" data-end=\"888\">ina<\/strong> <\/p>\n<\/li>\n<li data-start=\"915\" data-end=\"958\">\n<p data-start=\"917\" data-end=\"958\">Tehokas ja tasapainoinen <strong data-start=\"943\" data-end=\"956\">kananrehu<\/strong><\/p>\n<\/li>\n<li data-start=\"959\" data-end=\"1002\">\n<p data-start=\"961\" data-end=\"1002\">Mets\u00e4el\u00e4inten r\u00e4\u00e4t\u00e4l\u00f6ity <strong data-start=\"970\" data-end=\"983\">riistaruokinta<\/strong> <\/p>\n<\/li>\n<li data-start=\"1003\" data-end=\"1047\">\n<p data-start=\"1005\" data-end=\"1047\">K\u00e4yt\u00e4nn\u00f6lliset ja koristeelliset <strong data-start=\"1030\" data-end=\"1045\">lintujen ruokinta-astiat<\/strong><\/p>\n<\/li>\n<li data-start=\"1048\" data-end=\"1120\">\n<p data-start=\"1050\" data-end=\"1120\">Tarvikkeet ja tuotteet, joilla luodaan puutarhaan elinvoimainen lintuel\u00e4m\u00e4.<\/p>\n<\/li>\n<\/ul>\n<p data-start=\"1122\" data-end=\"1158\">Lahjakortti on t\u00e4ydellinen lis\u00e4:<\/p>\n<p data-start=\"1160\" data-end=\"1276\">\u2714 Lintujen yst\u00e4v\u00e4t<br data-start=\"1179\" data-end=\"1182\">\u2714 Kanojen omistajat<br data-start=\"1193\" data-end=\"1196\">\u2714 Mets\u00e4st\u00e4j\u00e4t ja riistanhoitajat<br data-start=\"1220\" data-end=\"1223\">\u2714 Puutarhan harrastajat<br data-start=\"1245\" data-end=\"1248\">\u2714 Ne, joilla &#8221;on jo kaikkea&#8221;.<\/p>\n<p data-start=\"1278\" data-end=\"1471\">Se on joustava ja arvostettu lahja, jossa vastaanottaja valitsee suosikkinsa valikoimastamme. T\u00e4ydellinen syntym\u00e4p\u00e4iville, joululahjaksi, \u00e4itienp\u00e4iv\u00e4ksi, is\u00e4np\u00e4iv\u00e4ksi tai spontaaniksi kiitokseksi. <\/p>\n<h3 data-start=\"1473\" data-end=\"1507\">\ud83c\udf3f Lahja, jolla on merkityst\u00e4<\/h3>\n<p>&nbsp;<\/p>\n<p data-start=\"1509\" data-end=\"1707\">Kun annat lahjakortin Pippifoderilta, autat useampia ihmisi\u00e4 tukemaan pikkulintuja, kanoja ja luonnonvaraisia el\u00e4imi\u00e4 oikealla ravinnolla ja varusteilla. Huomaavainen lahja &#8211; sek\u00e4 vastaanottajalle ett\u00e4 villiel\u00e4imille. <\/p>\n","protected":false},"excerpt":{"rendered":"<p data-start=\"192\" data-end=\"280\"><strong data-start=\"192\" data-end=\"278\">Pippifoderin lahjakortit &#8211; t\u00e4ydellinen lahja el\u00e4inten ja puutarhan yst\u00e4v\u00e4lle!<\/strong><\/p>\n<p data-start=\"282\" data-end=\"500\">Anna vapaus valita t\u00e4ydest\u00e4 valikoimastamme lintujen ruokia, kananrehuja, riistarehuja, lintujen ruokintav\u00e4lineit\u00e4 ja paljon muuta. Arvostettu lahja, joka sopii yht\u00e4 hyvin syntym\u00e4p\u00e4iville, jouluksi tai huomaavaiseksi yll\u00e4tykseksi. <\/p>\n<p data-start=\"282\" data-end=\"500\">Valitse summa, jonka haluat lahjoittaa.<\/p>\n","protected":false},"featured_media":56944,"comment_status":"open","ping_status":"closed","template":"","meta":{"_acf_changed":false},"product_brand":[],"product_cat":[721,718,360,335,716,719,715,717,720,123,112,174,362,583,165,324],"product_tag":[],"class_list":{"0":"post-61524","1":"product","2":"type-product","3":"status-publish","4":"has-post-thumbnail","6":"product_cat-lahjakortit","7":"product_cat-hevoset","8":"product_cat-hyonteishotelli","9":"product_cat-kanat","10":"product_cat-kissa","11":"product_cat-kissanruoan-maistelija","12":"product_cat-koira","13":"product_cat-koiranruoan-maistelija","14":"product_cat-lahjakortti","15":"product_cat-linnunpesa","16":"product_cat-lintujen-ruokaa","17":"product_cat-lintujen-ruokinta","18":"product_cat-perhoshotelli","19":"product_cat-riistanruoka","20":"product_cat-tarvikkeet","21":"product_cat-tradgard-fi","23":"first","24":"instock","25":"taxable","26":"shipping-taxable","27":"purchasable","28":"product-type-wgm_gift_card"},"bundled_by":[],"bundle_stock_status":"instock","bundle_stock_quantity":null,"bundle_virtual":false,"bundle_layout":"","bundle_add_to_cart_form_location":"","bundle_editable_in_cart":false,"bundle_sold_individually_context":"","bundle_item_grouping":"","bundle_min_size":"","bundle_max_size":"","bundle_price":[],"bundled_items":[],"bundle_sell_ids":[],"acf":[],"_links":{"self":[{"href":"https:\/\/pippifoder.se\/fi\/wp-json\/wp\/v2\/product\/61524","targetHints":{"allow":["GET"]}}],"collection":[{"href":"https:\/\/pippifoder.se\/fi\/wp-json\/wp\/v2\/product"}],"about":[{"href":"https:\/\/pippifoder.se\/fi\/wp-json\/wp\/v2\/types\/product"}],"replies":[{"embeddable":true,"href":"https:\/\/pippifoder.se\/fi\/wp-json\/wp\/v2\/comments?post=61524"}],"wp:featuredmedia":[{"embeddable":true,"href":"https:\/\/pippifoder.se\/fi\/wp-json\/wp\/v2\/media\/56944"}],"wp:attachment":[{"href":"https:\/\/pippifoder.se\/fi\/wp-json\/wp\/v2\/media?parent=61524"}],"wp:term":[{"taxonomy":"product_brand","embeddable":true,"href":"https:\/\/pippifoder.se\/fi\/wp-json\/wp\/v2\/product_brand?post=61524"},{"taxonomy":"product_cat","embeddable":true,"href":"https:\/\/pippifoder.se\/fi\/wp-json\/wp\/v2\/product_cat?post=61524"},{"taxonomy":"product_tag","embeddable":true,"href":"https:\/\/pippifoder.se\/fi\/wp-json\/wp\/v2\/product_tag?post=61524"}],"curies":[{"name":"wp","href":"https:\/\/api.w.org\/{rel}","templated":true}]}}