{"id":61523,"date":"2026-01-21T13:16:05","date_gmt":"2026-01-21T13:16:05","guid":{"rendered":"https:\/\/pippifoder.se\/Ei-luokiteltu\/leo-wolf-rasvasiemenseos-marjojen-kanssa-1kg\/"},"modified":"2026-04-15T13:02:54","modified_gmt":"2026-04-15T11:02:54","slug":"leo-wolf-rasvasiemenseos-marjojen-kanssa-1kg","status":"publish","type":"product","link":"https:\/\/pippifoder.se\/fi\/tuote\/lintujen-ruokaa\/rasvasiemenseos\/leo-wolf-rasvasiemenseos-marjojen-kanssa-1kg\/","title":{"rendered":"Leo &amp; Wolf Rasvasiemenseos marjojen kanssa 1kg"},"content":{"rendered":"<h2>Miksi valita Fat Seed Mix marjojen kanssa?<\/h2>\n<ol>\n<li><strong>Tasapainoinen ja ravitseva sekoitus<\/strong><br \/>\nRasvasiemenseoksemme sis\u00e4lt\u00e4\u00e4 huolellisesti valitun yhdistelm\u00e4n siemeni\u00e4 ja marjoja, jotka yhdess\u00e4 tarjoavat runsaan proteiinin, rasvan ja t\u00e4rkeiden ravintoaineiden l\u00e4hteen. T\u00e4m\u00e4 sekoitus sopii erinomaisesti eri luonnonvaraisten lintulajien tarpeisiin. <\/li>\n<li>\nP<strong>aljon energiaa aktiivisille linnuille<\/strong> Rasvainen siemenseos tarjoaa tehokkaan energial\u00e4hteen, joka auttaa lintuja yll\u00e4pit\u00e4m\u00e4\u00e4n energiatasojaan erityisesti vaativina ajanjaksoina, kuten pesim\u00e4aikana ja kylmemm\u00e4ll\u00e4 s\u00e4\u00e4ll\u00e4. Korkea energiatiheys tukee lintujen aineenvaihdunnan tarpeita ja yleist\u00e4 terveytt\u00e4. <\/li>\n<li>\nH<strong>elppo tarjoilla ruokintalaitteesta tai lintulaudalta<\/strong> Monipuolisen koostumuksen ansiosta se on helppo tarjoilla sek\u00e4 ruokintalaitteesta ett\u00e4 lintulaudalta, joten voit valita joustavasti, miten ruokit lintuja. N\u00e4in luonnonvaraisten lintujen ravitsemustarpeet voidaan t\u00e4ytt\u00e4\u00e4 k\u00e4tev\u00e4sti miss\u00e4 tahansa paikassa ja tilanteessa. <\/li>\n<li><strong>Sis\u00e4lt\u00e4\u00e4 luonnollisia ja laadukkaita ainesosia<\/strong><br \/>\nSiemenet ja marjat on valittu niiden laadun ja luonnollisuuden perusteella, mik\u00e4 takaa, ett\u00e4 linnut saavat terveellisen ja ravitsevan ruokavalion. Sekoitus on vapaa keinotekoisista lis\u00e4aineista, mik\u00e4 takaa, ett\u00e4 linnut saavat parasta mahdollista. <\/li>\n<li>\nT<strong>ukee lintujen luonnollista ruokavaliota<\/strong> T\u00e4m\u00e4 rasvasiemenseos on kehitetty t\u00e4ydent\u00e4m\u00e4\u00e4n luonnonvaraisten lintujen luonnollista ruokavaliota, mik\u00e4 auttaa niit\u00e4 yll\u00e4pit\u00e4m\u00e4\u00e4n tasapainoista ja ravitsevaa ruokavaliota. T\u00e4m\u00e4 on v\u00e4ltt\u00e4m\u00e4t\u00f6nt\u00e4 niiden terveyden ja elinvoimaisuuden tukemiseksi kaikkina vuodenaikoina. <\/li>\n<li><strong>Monenlaisten lintulajien houkutteleminen<\/strong><br \/>\nSiementen ja marjojen yhdistelm\u00e4 houkuttelee puutarhaan monenlaisia lintulajeja. Pikkulinnuista isompiin lintuihin t\u00e4m\u00e4 sekoitus varmistaa, ett\u00e4 lintujen ruokintapaikastasi tulee suosittu paikka monenlaisille luonnonvaraisille linnuille. <\/li>\n<\/ol>\n<h2>Edut luonnonvaraisille linnuille<\/h2>\n<ul>\n<li><strong>Luonnollinen energial\u00e4hde<\/strong><br \/>\nKorkean rasvapitoisuuden ja ravitsevien marjojen ansiosta rasvasiemenseos tarjoaa luotettavan energial\u00e4hteen lintujen p\u00e4ivitt\u00e4isen toiminnan ja yleisen hyvinvoinnin tueksi.<\/li>\n<li>\nJ<strong>oustava ruokinta<\/strong> Voidaan helposti tarjoilla ruokintalaitteista tai lintulaudoista, joten ruokinta on helppo mukauttaa eri olosuhteisiin ja mieltymyksiin.<\/li>\n<li><strong>Monipuolinen houkutin<\/strong><br \/>\nSeoksen siemenet ja marjat houkuttelevat erilaisia lintulajeja, mik\u00e4 luo puutarhaan vilkkaan ja monipuolisen lintuel\u00e4imist\u00f6n.<\/li>\n<\/ul>\n<h2>Osta meilt\u00e4 rasvasiemenseos marjojen kanssa!<\/h2>\n<p>Tarjoa luonnonvaraisille linnuillesi ravitsevaa ja tasapainoista ruokavaliota tilaamalla <strong>rasvasiemenseoksemme marjoilla.<\/strong> Tee puutarhastasi linnuille turvapaikka tarjoamalla niille luotettavaa ja laadukasta ravintoa! <\/p>\n","protected":false},"excerpt":{"rendered":"<p>Anna luonnonvaraisille linnuillesi tasapainoinen ja energisoiva ruokavalio <strong>marjoja sis\u00e4lt\u00e4v\u00e4ll\u00e4 rasv<\/strong>asiemenseoksellamme <strong>.<\/strong> T\u00e4m\u00e4 korkealaatuinen sekoitus on suunniteltu t\u00e4ydent\u00e4m\u00e4\u00e4n luonnonvaraisten lintujen luonnollista ruokavaliota, ja se voidaan tarjoilla helposti sy\u00f6tt\u00f6laitteesta tai lintujen ruokintalaitteesta. <\/p>\n<p><strong>HUOM, lyhyt p\u00e4iv\u00e4m\u00e4\u00e4r\u00e4, parasta ennen 1\/2 2026, vain 79kr!<\/strong><\/p>\n","protected":false},"featured_media":51863,"comment_status":"open","ping_status":"closed","template":"","meta":{"_acf_changed":false},"product_brand":[],"product_cat":[126,295,50,112,122,130],"product_tag":[],"class_list":{"0":"post-61523","1":"product","2":"type-product","3":"status-publish","4":"has-post-thumbnail","6":"product_cat-rasvasiemenseos","7":"product_cat-alennuskulma","8":"product_cat-fagelfron-fagelmat-pa-rea","9":"product_cat-lintujen-ruokaa","10":"product_cat-lintujen-siemenia-ja-lintujen-ruokaa-myynnissa","11":"product_cat-maapahkinat","13":"first","14":"outofstock","15":"sale","16":"taxable","17":"shipping-taxable","18":"purchasable","19":"product-type-simple"},"bundled_by":[],"bundle_stock_status":"outofstock","bundle_stock_quantity":0,"bundle_virtual":false,"bundle_layout":"","bundle_add_to_cart_form_location":"","bundle_editable_in_cart":false,"bundle_sold_individually_context":"","bundle_item_grouping":"","bundle_min_size":"","bundle_max_size":"","bundle_price":[],"bundled_items":[],"bundle_sell_ids":[],"acf":[],"_links":{"self":[{"href":"https:\/\/pippifoder.se\/fi\/wp-json\/wp\/v2\/product\/61523","targetHints":{"allow":["GET"]}}],"collection":[{"href":"https:\/\/pippifoder.se\/fi\/wp-json\/wp\/v2\/product"}],"about":[{"href":"https:\/\/pippifoder.se\/fi\/wp-json\/wp\/v2\/types\/product"}],"replies":[{"embeddable":true,"href":"https:\/\/pippifoder.se\/fi\/wp-json\/wp\/v2\/comments?post=61523"}],"wp:featuredmedia":[{"embeddable":true,"href":"https:\/\/pippifoder.se\/fi\/wp-json\/wp\/v2\/media\/51863"}],"wp:attachment":[{"href":"https:\/\/pippifoder.se\/fi\/wp-json\/wp\/v2\/media?parent=61523"}],"wp:term":[{"taxonomy":"product_brand","embeddable":true,"href":"https:\/\/pippifoder.se\/fi\/wp-json\/wp\/v2\/product_brand?post=61523"},{"taxonomy":"product_cat","embeddable":true,"href":"https:\/\/pippifoder.se\/fi\/wp-json\/wp\/v2\/product_cat?post=61523"},{"taxonomy":"product_tag","embeddable":true,"href":"https:\/\/pippifoder.se\/fi\/wp-json\/wp\/v2\/product_tag?post=61523"}],"curies":[{"name":"wp","href":"https:\/\/api.w.org\/{rel}","templated":true}]}}