{"id":61519,"date":"2026-03-10T10:11:06","date_gmt":"2026-03-10T10:11:06","guid":{"rendered":"https:\/\/pippifoder.se\/Ei-luokiteltu\/sekoita-haluamallasi-tavalla-5-alennus\/"},"modified":"2026-04-15T13:02:04","modified_gmt":"2026-04-15T11:02:04","slug":"sekoita-haluamallasi-tavalla-5-alennus","status":"publish","type":"product","link":"https:\/\/pippifoder.se\/fi\/tuote\/lintujen-ruokaa\/suuri-pakkaus\/sekoita-haluamallasi-tavalla-5-alennus\/","title":{"rendered":"Sekoita haluamallasi tavalla, 5% alennus"},"content":{"rendered":"","protected":false},"excerpt":{"rendered":"<p>Sekoita lintujen ruokaa haluamallasi tavalla puolikkaalla tai t\u00e4ydell\u00e4 kuormalavalla ja saat 5% alennuksen koko ostoksestasi ja ilmaisen toimituksen! Valitse v\u00e4hint\u00e4\u00e4n 10 tuotetta listalta ja saat 5 % alennuksen ja koko tilaus toimitetaan kotiovellesi kuormalavalla. T\u00e4ydellist\u00e4, jos haluat ostaa v\u00e4h\u00e4n enemm\u00e4n itsellesi tai jakaa naapureiden kanssa.  <\/p>\n","protected":false},"featured_media":58213,"comment_status":"open","ping_status":"closed","template":"","meta":{"_acf_changed":false},"product_brand":[],"product_cat":[50,112,184],"product_tag":[],"class_list":{"0":"post-61519","1":"product","2":"type-product","3":"status-publish","4":"has-post-thumbnail","6":"product_cat-fagelfron-fagelmat-pa-rea","7":"product_cat-lintujen-ruokaa","8":"product_cat-suuri-pakkaus","10":"first","11":"instock","12":"sale","13":"taxable","14":"shipping-taxable","15":"purchasable","16":"product-type-simple"},"bundled_by":[],"bundle_stock_status":"instock","bundle_stock_quantity":null,"bundle_virtual":false,"bundle_layout":"","bundle_add_to_cart_form_location":"","bundle_editable_in_cart":false,"bundle_sold_individually_context":"","bundle_item_grouping":"","bundle_min_size":"","bundle_max_size":"","bundle_price":[],"bundled_items":[],"bundle_sell_ids":[],"acf":[],"_links":{"self":[{"href":"https:\/\/pippifoder.se\/fi\/wp-json\/wp\/v2\/product\/61519","targetHints":{"allow":["GET"]}}],"collection":[{"href":"https:\/\/pippifoder.se\/fi\/wp-json\/wp\/v2\/product"}],"about":[{"href":"https:\/\/pippifoder.se\/fi\/wp-json\/wp\/v2\/types\/product"}],"replies":[{"embeddable":true,"href":"https:\/\/pippifoder.se\/fi\/wp-json\/wp\/v2\/comments?post=61519"}],"wp:featuredmedia":[{"embeddable":true,"href":"https:\/\/pippifoder.se\/fi\/wp-json\/wp\/v2\/media\/58213"}],"wp:attachment":[{"href":"https:\/\/pippifoder.se\/fi\/wp-json\/wp\/v2\/media?parent=61519"}],"wp:term":[{"taxonomy":"product_brand","embeddable":true,"href":"https:\/\/pippifoder.se\/fi\/wp-json\/wp\/v2\/product_brand?post=61519"},{"taxonomy":"product_cat","embeddable":true,"href":"https:\/\/pippifoder.se\/fi\/wp-json\/wp\/v2\/product_cat?post=61519"},{"taxonomy":"product_tag","embeddable":true,"href":"https:\/\/pippifoder.se\/fi\/wp-json\/wp\/v2\/product_tag?post=61519"}],"curies":[{"name":"wp","href":"https:\/\/api.w.org\/{rel}","templated":true}]}}