{"id":61516,"date":"2026-03-10T11:39:23","date_gmt":"2026-03-10T11:39:23","guid":{"rendered":"https:\/\/pippifoder.se\/Ei-luokiteltu\/suuret-kanakarsinat-5-alennus\/"},"modified":"2026-04-15T13:01:56","modified_gmt":"2026-04-15T11:01:56","slug":"suuret-kanakarsinat-5-alennus","status":"publish","type":"product","link":"https:\/\/pippifoder.se\/fi\/tuote\/kanat\/kanojen-rehu-ja-ruoka\/suuret-kanakarsinat-5-alennus\/","title":{"rendered":"Suuret kanakarsinat, 5% alennus"},"content":{"rendered":"","protected":false},"excerpt":{"rendered":"<p>Sekoita kananrehua haluamallasi tavalla puolikkaalla kuormalavalla tai kokonaisella kuormalavalla ja saat 5% alennuksen koko ostoksestasi ja ilmaisen toimituksen! Valitse v\u00e4hint\u00e4\u00e4n 10 tuotetta listalta ja saat 5 % alennuksen ja koko tilaus toimitetaan kotiovellesi kuormalavalla. T\u00e4ydellinen, jos haluat ostaa v\u00e4h\u00e4n enemm\u00e4n itsellesi tai jakaa naapureiden kanssa.  <\/p>\n","protected":false},"featured_media":58164,"comment_status":"closed","ping_status":"closed","template":"","meta":{"_acf_changed":false},"product_brand":[],"product_cat":[129,50,335,184],"product_tag":[],"class_list":{"0":"post-61516","1":"product","2":"type-product","3":"status-publish","4":"has-post-thumbnail","6":"product_cat-kanojen-rehu-ja-ruoka","7":"product_cat-fagelfron-fagelmat-pa-rea","8":"product_cat-kanat","9":"product_cat-suuri-pakkaus","11":"first","12":"instock","13":"sale","14":"taxable","15":"shipping-taxable","16":"purchasable","17":"product-type-simple"},"bundled_by":[],"bundle_stock_status":"instock","bundle_stock_quantity":null,"bundle_virtual":false,"bundle_layout":"","bundle_add_to_cart_form_location":"","bundle_editable_in_cart":false,"bundle_sold_individually_context":"","bundle_item_grouping":"","bundle_min_size":"","bundle_max_size":"","bundle_price":[],"bundled_items":[],"bundle_sell_ids":[],"acf":[],"_links":{"self":[{"href":"https:\/\/pippifoder.se\/fi\/wp-json\/wp\/v2\/product\/61516","targetHints":{"allow":["GET"]}}],"collection":[{"href":"https:\/\/pippifoder.se\/fi\/wp-json\/wp\/v2\/product"}],"about":[{"href":"https:\/\/pippifoder.se\/fi\/wp-json\/wp\/v2\/types\/product"}],"replies":[{"embeddable":true,"href":"https:\/\/pippifoder.se\/fi\/wp-json\/wp\/v2\/comments?post=61516"}],"wp:featuredmedia":[{"embeddable":true,"href":"https:\/\/pippifoder.se\/fi\/wp-json\/wp\/v2\/media\/58164"}],"wp:attachment":[{"href":"https:\/\/pippifoder.se\/fi\/wp-json\/wp\/v2\/media?parent=61516"}],"wp:term":[{"taxonomy":"product_brand","embeddable":true,"href":"https:\/\/pippifoder.se\/fi\/wp-json\/wp\/v2\/product_brand?post=61516"},{"taxonomy":"product_cat","embeddable":true,"href":"https:\/\/pippifoder.se\/fi\/wp-json\/wp\/v2\/product_cat?post=61516"},{"taxonomy":"product_tag","embeddable":true,"href":"https:\/\/pippifoder.se\/fi\/wp-json\/wp\/v2\/product_tag?post=61516"}],"curies":[{"name":"wp","href":"https:\/\/api.w.org\/{rel}","templated":true}]}}