{"id":54760,"date":"2026-02-11T04:50:49","date_gmt":"2026-02-11T04:50:49","guid":{"rendered":"https:\/\/pippifoder.se\/?post_type=product&#038;p=54760"},"modified":"2026-02-13T18:11:42","modified_gmt":"2026-02-13T18:11:42","slug":"birdfy-linnunruokinta-kameralla-sininen-kopia-2","status":"publish","type":"product","link":"https:\/\/pippifoder.se\/fi\/tuote\/lintujen-ruokinta\/lintujen-ruokinta-ja-linnunpontto-kameran-kanssa\/birdfy-linnunruokinta-kameralla-sininen-kopia-2\/","title":{"rendered":"Birdfy Ebony Lite, kameralla varustettu lintujen ruokintaj\u00e4rjestelm\u00e4, jossa on aurinkokennot ja elinik\u00e4inen lisenssi."},"content":{"rendered":"<p>Birdfy Ebony Lite saa virtansa <strong>aurinkopaneeleista,<\/strong> joten sinun ei tarvitse huolehtia paristojen vaihtamisesta. Koe puutarhasi linnusto aivan uudella tavalla t\u00e4m\u00e4n <strong data-start=\"157\" data-end=\"196\">\u00e4lykk\u00e4\u00e4n, kameralla varustetun linnunruokinta-automaatin<\/strong> avulla, <strong data-start=\"157\" data-end=\"196\">jonka<\/strong> avulla on helppo seurata luonnon vierailuja &#8211; suoraan \u00e4lypuhelimellasi. Birdfy Ebony Lite yhdist\u00e4\u00e4 modernin teknologian ja tyylikk\u00e4\u00e4n muotoilun niille, jotka haluavat n\u00e4hd\u00e4 pikkulinnut l\u00e4helt\u00e4 ja tallentaa niiden k\u00e4ytt\u00e4ytymisen laadukkaasti.  <\/p>\n<h3 data-start=\"453\" data-end=\"485\">\ud83d\udcf8 Ominaisuudet ja edut<\/h3>\n<p>&nbsp;<\/p>\n<ul data-start=\"486\" data-end=\"1504\">\n<li data-start=\"486\" data-end=\"709\">\n<p data-start=\"488\" data-end=\"709\"><strong data-start=\"488\" data-end=\"523\">HD-kamera, jossa on Wi-Fi-yhteys: Tallenna<\/strong> ter\u00e4vi\u00e4 1080p <strong data-start=\"561\" data-end=\"573\">HD -videoita<\/strong> ja -kuvia linnuista, kun ne tulevat ruokailemaan &#8211; sek\u00e4 p\u00e4iv\u00e4ll\u00e4 ett\u00e4 y\u00f6ll\u00e4 tehokkaan tallennustekniikan ansiosta.<\/p>\n<\/li>\n<li data-start=\"710\" data-end=\"926\">\n<p data-start=\"712\" data-end=\"926\"><strong data-start=\"712\" data-end=\"746\">Teko\u00e4lyominaisuudet ja live-ilmoitukset: Integroidu<\/strong> Birdfy-sovellukseen, jotta saat reaaliaikaisia ilmoituksia, kun ruokintapaikalla tapahtuu jotain, voit katsella live-videota ja tallentaa tallenteita pilveen.<\/p>\n<\/li>\n<li data-start=\"927\" data-end=\"1158\">\n<p data-start=\"929\" data-end=\"1158\"><strong data-start=\"929\" data-end=\"962\">Aurinkopaneeli ja pitk\u00e4 akun kesto: Sis\u00e4\u00e4nrakennetun aurinkopaneelin ansiosta<\/strong> kamerassa on jatkuva virransy\u00f6tt\u00f6 ilman ulkoista latausta, joten se sopii t\u00e4ydellisesti puutarhaan, parvekkeelle tai terassille ymp\u00e4ri vuoden.<\/p>\n<\/li>\n<li data-start=\"1159\" data-end=\"1337\">\n<p data-start=\"1161\" data-end=\"1337\"><strong data-start=\"1161\" data-end=\"1204\">S\u00e4\u00e4nkest\u00e4v\u00e4 ja helppo asentaa: IP-luokiteltu<\/strong> rakenne kest\u00e4\u00e4 sadetta ja tuulta, ja se voidaan helposti asentaa sein\u00e4\u00e4n, tolppaan tai puuhun.<\/p>\n<\/li>\n<li data-start=\"1338\" data-end=\"1504\">\n<p data-start=\"1340\" data-end=\"1504\"><strong data-start=\"1340\" data-end=\"1387\">Yhteensopiva iOS:n, Androidin ja \u00e4lykodin kanssa: Ohjaa,<\/strong> katso ja jaa lintuperspektiivin\u00e4kymi\u00e4 sovelluksen kautta ja \u00e4lykoti-integraatioiden avulla.<\/p>\n<\/li>\n<li data-start=\"1338\" data-end=\"1504\">\n<p data-start=\"1340\" data-end=\"1504\"><strong>Takuu 2 vuotta  <\/strong><\/p>\n<\/li>\n<\/ul>\n<p>Valmistaja: NETVUE<br \/>\nAsennustyyppi: Sein\u00e4kiinnitys (kiinnike on ruokintalaitteen takana, voit kiinnitt\u00e4\u00e4 sen my\u00f6s pylv\u00e4\u00e4seen tai vastaavaan)<br \/>\nVirtal\u00e4hde: Aurinkok\u00e4ytt\u00f6inen<br \/>\nTilavuus: 2 litraa<br \/>\nK\u00e4ytt\u00f6kohde: Lintujen tarkkailu.<\/p>\n<h2>Birdfy-k\u00e4ytt\u00f6opas ruotsiksi<\/h2>\n<p>T\u00e4ss\u00e4 on Birdfy Ebony Liten ruotsinkieliset k\u00e4ytt\u00f6ohjeet:<\/p>\n<p><a href=\"https:\/\/pippifoder.se\/app\/uploads\/2026\/02\/User-Manual-Birdfy-Nest-Ebony-ENSV.pdf\">Birdfy Ebony Lite k\u00e4ytt\u00f6opas<\/a><\/p>\n","protected":false},"excerpt":{"rendered":"<p>Birdfy Ebony Lite, lintujen sy\u00f6tt\u00f6laite kameralla ja aurinkokennoilla! Birdfy Ebony Lite on lintujen ruokkija, jossa on integroitu kamera, jonka avulla voit seurata reaaliajassa lintuja, jotka vierailevat ruokinnassa!  Ilmainen sovellus voi my\u00f6s tunnistaa lintuja teko\u00e4lyn avulla ja ilmoittaa, kun sinulla on vierailijoita, mik\u00e4 on sek\u00e4 opettavaista ett\u00e4 hauskaa!<\/p>\n<p>Linnunruokinta on valmistettu FSC-hyv\u00e4ksytyst\u00e4 puusta, ja siin\u00e4 on 2 litraa siemeni\u00e4.  <strong>Sovellukseen sis\u00e4ltyy elinik\u00e4inen lisenssi!<\/strong><\/p>\n<p><a href=\"https:\/\/pippifoder.se\/fi\/lintujen-ruokinta-ja-linnunpontto-kameran-kanssa\/\">Katso kaikki linnunruokinta- ja pes\u00e4kotelot kameran kanssa<\/a><\/p>\n","protected":false},"featured_media":54765,"comment_status":"open","ping_status":"closed","template":"","meta":{"_acf_changed":false},"product_brand":[],"product_cat":[580,570,171,174,173],"product_tag":[],"class_list":{"0":"post-54760","1":"product","2":"type-product","3":"status-publish","4":"has-post-thumbnail","6":"product_cat-lintujen-ruokinta-ja-linnunpontto-kameran-kanssa","7":"product_cat-joululahjaideoita-lintujen-ystaville-vuonna-2025","8":"product_cat-linnunsyottolaite-linnunsiemenia-varten","9":"product_cat-lintujen-ruokinta","10":"product_cat-lintupoyta","12":"first","13":"outofstock","14":"taxable","15":"shipping-taxable","16":"purchasable","17":"product-type-simple"},"bundled_by":[],"bundle_stock_status":"outofstock","bundle_stock_quantity":0,"bundle_virtual":false,"bundle_layout":"","bundle_add_to_cart_form_location":"","bundle_editable_in_cart":false,"bundle_sold_individually_context":"","bundle_item_grouping":"","bundle_min_size":"","bundle_max_size":"","bundle_price":[],"bundled_items":[],"bundle_sell_ids":[],"acf":[],"_links":{"self":[{"href":"https:\/\/pippifoder.se\/fi\/wp-json\/wp\/v2\/product\/54760","targetHints":{"allow":["GET"]}}],"collection":[{"href":"https:\/\/pippifoder.se\/fi\/wp-json\/wp\/v2\/product"}],"about":[{"href":"https:\/\/pippifoder.se\/fi\/wp-json\/wp\/v2\/types\/product"}],"replies":[{"embeddable":true,"href":"https:\/\/pippifoder.se\/fi\/wp-json\/wp\/v2\/comments?post=54760"}],"wp:featuredmedia":[{"embeddable":true,"href":"https:\/\/pippifoder.se\/fi\/wp-json\/wp\/v2\/media\/54765"}],"wp:attachment":[{"href":"https:\/\/pippifoder.se\/fi\/wp-json\/wp\/v2\/media?parent=54760"}],"wp:term":[{"taxonomy":"product_brand","embeddable":true,"href":"https:\/\/pippifoder.se\/fi\/wp-json\/wp\/v2\/product_brand?post=54760"},{"taxonomy":"product_cat","embeddable":true,"href":"https:\/\/pippifoder.se\/fi\/wp-json\/wp\/v2\/product_cat?post=54760"},{"taxonomy":"product_tag","embeddable":true,"href":"https:\/\/pippifoder.se\/fi\/wp-json\/wp\/v2\/product_tag?post=54760"}],"curies":[{"name":"wp","href":"https:\/\/api.w.org\/{rel}","templated":true}]}}