{"id":54723,"date":"2026-02-10T19:22:57","date_gmt":"2026-02-10T19:22:57","guid":{"rendered":"https:\/\/pippifoder.se\/?post_type=product&#038;p=54723"},"modified":"2026-02-13T18:11:30","modified_gmt":"2026-02-13T18:11:30","slug":"maissin-murskaus-25kg-kopia-kopia-kopia-kopia","status":"publish","type":"product","link":"https:\/\/pippifoder.se\/fi\/tuote\/lintujen-ruokaa\/orgaaninen-lintujen-ruoka\/maissin-murskaus-25kg-kopia-kopia-kopia-kopia\/","title":{"rendered":"Luomu tattari 10 kg"},"content":{"rendered":"<p data-start=\"521\" data-end=\"827\">Luonnonmukainen tattari sopii <strong data-start=\"525\" data-end=\"541\">luonnonvaraisten lintujen ruokintaan<\/strong> puutarhassa, lintup\u00f6yd\u00e4ss\u00e4 tai pellolla. Se houkuttelee pikkulintuja ja tuo vaihtelua niiden ruokavalioon. Tattaria voidaan k\u00e4ytt\u00e4\u00e4 <strong data-start=\"697\" data-end=\"705\">kanojen<\/strong> lis\u00e4ruokintana <strong data-start=\"697\" data-end=\"705\">,<\/strong> joka stimuloi luonnollista nokkimisk\u00e4ytt\u00e4ytymist\u00e4 ja tarjoaa vaihtelua ruokintaan.  <\/p>\n<p data-start=\"829\" data-end=\"1017\">T\u00e4m\u00e4 <strong data-start=\"835\" data-end=\"856\">luomutattara on<\/strong> tuotettu Ruotsissa nykyisten luomuohjeiden mukaisesti. Pienempi 10 kg:n s\u00e4kki on helppok\u00e4ytt\u00f6inen ja sopii sek\u00e4 kotitalouksille ett\u00e4 pienille karjoille. <\/p>\n<h3 data-start=\"1019\" data-end=\"1060\">Orgaanisen tattarin edut 10kg<\/h3>\n<p data-start=\"1061\" data-end=\"1294\">\u2714 Sertifioitu luomurehu<br data-start=\"1091\" data-end=\"1094\">\u2714 Soveltuu luonnonvaraisten lintujen ruokintaan ja kanojen rehuksi<br data-start=\"1133\" data-end=\"1136\">\u2714 Luonnollinen ja maukas vaihtoehto viljoille<br data-start=\"1185\" data-end=\"1188\">\u2714 Soveltuu lintup\u00f6ytiin, maaruokintaan ja siipikarjatiloille<br data-start=\"1240\" data-end=\"1243\">\u2714 Tuotettu Ruotsissa<br data-start=\"1265\" data-end=\"1268\">\u2714 K\u00e4yt\u00e4nn\u00f6llinen 10 kg:n pussi.<\/p>\n<p data-start=\"1296\" data-end=\"1479\">Valitsemalla <strong data-start=\"1312\" data-end=\"1338\">Luomutattara 10 kg<\/strong> saat <strong data-start=\"1350\" data-end=\"1391\">kest\u00e4v\u00e4\u00e4 ja Ruotsissa tuotettua rehua<\/strong> <strong data-start=\"1312\" data-end=\"1338\">,<\/strong> <strong data-start=\"1350\" data-end=\"1391\">joka<\/strong> edist\u00e4\u00e4 sek\u00e4 luonnonvaraisten lintujen ett\u00e4 kanojen monipuolisempaa ja luonnollisempaa ruokintaa.<\/p>\n<p data-start=\"1481\" data-end=\"1605\">Valitse <strong data-start=\"1486\" data-end=\"1512\">Luomu Tattari 10 kg, kun<\/strong> etsit <strong data-start=\"1526\" data-end=\"1566\">luonnonmukaista luonnonvaraisten lintujen ruokaa ja siipikarjanrehua, joka on<\/strong> laadukasta ja alkuper\u00e4lt\u00e4\u00e4n selke\u00e4\u00e4.<\/p>\n","protected":false},"excerpt":{"rendered":"<p><strong data-start=\"246\" data-end=\"272\">Luomutattara 10 kg on<\/strong> <strong data-start=\"280\" data-end=\"315\">luonnollinen ja ravitsevaa rehua, jota k\u00e4ytet\u00e4\u00e4n<\/strong> sek\u00e4 <strong data-start=\"337\" data-end=\"353\">luonnonvaraisten lintujen ruokana ett\u00e4<\/strong> <strong data-start=\"358\" data-end=\"371\">kanojen rehuna.<\/strong> Tattari on maukas vaihtoehto perinteisille viljoille, ja monet lintulajit suosivat sit\u00e4 rakenteensa ja energiasis\u00e4lt\u00f6ns\u00e4 vuoksi. <\/p>\n","protected":false},"featured_media":54728,"comment_status":"closed","ping_status":"closed","template":"","meta":{"_acf_changed":false},"product_brand":[],"product_cat":[198,335,129,112],"product_tag":[],"class_list":{"0":"post-54723","1":"product","2":"type-product","3":"status-publish","4":"has-post-thumbnail","6":"product_cat-orgaaninen-lintujen-ruoka","7":"product_cat-kanat","8":"product_cat-kanojen-rehu-ja-ruoka","9":"product_cat-lintujen-ruokaa","10":"product_group-10kg-sack","12":"first","13":"outofstock","14":"taxable","15":"shipping-taxable","16":"purchasable","17":"product-type-simple"},"bundled_by":[],"bundle_stock_status":"outofstock","bundle_stock_quantity":0,"bundle_virtual":false,"bundle_layout":"","bundle_add_to_cart_form_location":"","bundle_editable_in_cart":false,"bundle_sold_individually_context":"","bundle_item_grouping":"","bundle_min_size":"","bundle_max_size":"","bundle_price":[],"bundled_items":[],"bundle_sell_ids":[],"acf":[],"_links":{"self":[{"href":"https:\/\/pippifoder.se\/fi\/wp-json\/wp\/v2\/product\/54723","targetHints":{"allow":["GET"]}}],"collection":[{"href":"https:\/\/pippifoder.se\/fi\/wp-json\/wp\/v2\/product"}],"about":[{"href":"https:\/\/pippifoder.se\/fi\/wp-json\/wp\/v2\/types\/product"}],"replies":[{"embeddable":true,"href":"https:\/\/pippifoder.se\/fi\/wp-json\/wp\/v2\/comments?post=54723"}],"wp:featuredmedia":[{"embeddable":true,"href":"https:\/\/pippifoder.se\/fi\/wp-json\/wp\/v2\/media\/54728"}],"wp:attachment":[{"href":"https:\/\/pippifoder.se\/fi\/wp-json\/wp\/v2\/media?parent=54723"}],"wp:term":[{"taxonomy":"product_brand","embeddable":true,"href":"https:\/\/pippifoder.se\/fi\/wp-json\/wp\/v2\/product_brand?post=54723"},{"taxonomy":"product_cat","embeddable":true,"href":"https:\/\/pippifoder.se\/fi\/wp-json\/wp\/v2\/product_cat?post=54723"},{"taxonomy":"product_tag","embeddable":true,"href":"https:\/\/pippifoder.se\/fi\/wp-json\/wp\/v2\/product_tag?post=54723"}],"curies":[{"name":"wp","href":"https:\/\/api.w.org\/{rel}","templated":true}]}}