{"id":54714,"date":"2026-02-10T19:15:36","date_gmt":"2026-02-10T19:15:36","guid":{"rendered":"https:\/\/pippifoder.se\/?post_type=product&#038;p=54714"},"modified":"2026-05-16T06:40:09","modified_gmt":"2026-05-16T04:40:09","slug":"maissin-murskaus-25kg-kopia-kopia-kopia-2","status":"publish","type":"product","link":"https:\/\/pippifoder.se\/fi\/tuote\/kanat\/kanojen-rehu-ja-ruoka\/maissin-murskaus-25kg-kopia-kopia-kopia-2\/","title":{"rendered":"Vehn\u00e4 25 kg"},"content":{"rendered":"<p data-start=\"500\" data-end=\"744\"><strong data-start=\"504\" data-end=\"517\">Siipikarjan rehuna<\/strong> vehn\u00e4\u00e4 k\u00e4ytet\u00e4\u00e4n usein munintarehun lis\u00e4n\u00e4 <strong data-start=\"504\" data-end=\"517\">,<\/strong> ja se edist\u00e4\u00e4 luonnollista nokkimisk\u00e4ytt\u00e4ytymist\u00e4. <strong data-start=\"615\" data-end=\"632\">Riistaruokinnassa<\/strong> vehn\u00e4\u00e4 voidaan k\u00e4ytt\u00e4\u00e4 ruokintaravintolassa, ruokintapaikalla tai riistakarsinassa joko yksin\u00e4\u00e4n tai sekoitettuna muuhun riistarehuun. <\/p>\n<p data-start=\"746\" data-end=\"928\">T\u00e4m\u00e4 <strong data-start=\"752\" data-end=\"773\">25 kg:n s\u00e4kiss\u00e4 oleva vehn\u00e4 on<\/strong> tuotettu Ruotsissa ja mukautettu pohjoismaisiin olosuhteisiin. K\u00e4yt\u00e4nn\u00f6llisen pakkauksen ansiosta rehua on helppo s\u00e4ilytt\u00e4\u00e4, k\u00e4sitell\u00e4 ja annostella tarpeen mukaan. <\/p>\n<h3 data-start=\"930\" data-end=\"959\">Vehn\u00e4n 25 kg edut<\/h3>\n<p data-start=\"960\" data-end=\"1184\">\u2714 Luonnollinen vilja, jolla on hyv\u00e4 maittavuus<br data-start=\"999\" data-end=\"1002\">\u2714 Soveltuu kanojen rehuksi ja riistarehuksi<br data-start=\"1038\" data-end=\"1041\">\u2714 Voidaan k\u00e4ytt\u00e4\u00e4 yksin\u00e4\u00e4n tai lis\u00e4ravinteena<br data-start=\"1083\" data-end=\"1086\">\u2714 Soveltuu ruokintaravintoloihin, ruokintapaikoille ja riista-aitioihin<br data-start=\"1130\" data-end=\"1133\">\u2714 Tuotettu Ruotsissa<br data-start=\"1155\" data-end=\"1158\">\u2714 K\u00e4yt\u00e4nn\u00f6llinen 25 kg:n pussi.<\/p>\n<p data-start=\"1186\" data-end=\"1401\">K\u00e4ytt\u00e4m\u00e4ll\u00e4 <strong data-start=\"1204\" data-end=\"1218\">Wheat 25kg saat<\/strong> joustavan rehun, joka soveltuu moneen k\u00e4ytt\u00f6tarkoitukseen. Ruoki aina vastuullisesti ja sovita m\u00e4\u00e4r\u00e4 ja ruokintapaikka el\u00e4inten tarpeiden ja voimassa olevien suositusten mukaan. <\/p>\n<p data-start=\"1403\" data-end=\"1507\">Valitse <strong data-start=\"1408\" data-end=\"1422\">Wheat 25kg, kun<\/strong> etsit luotettavaa, <strong data-start=\"1440\" data-end=\"1477\">ruotsalaista viljarehua sek\u00e4 kanoille<\/strong> ett\u00e4 luonnonvaraisille el\u00e4im <strong data-start=\"1440\" data-end=\"1477\">ille<\/strong>.<\/p>\n","protected":false},"excerpt":{"rendered":"<p><strong data-start=\"202\" data-end=\"216\">Vehn\u00e4 25 kg on<\/strong> <strong data-start=\"224\" data-end=\"259\">monipuolinen ja energiapitoinen rehu, jota k\u00e4ytet\u00e4\u00e4n<\/strong> sek\u00e4 <strong data-start=\"281\" data-end=\"294\">siipikarjan rehuna ett\u00e4<\/strong> <strong data-start=\"303\" data-end=\"316\">riistaruokintana<\/strong> metsiss\u00e4 ja pelloilla. Vehn\u00e4 on luonnonmukainen vilja, jolla on hyv\u00e4 maku ja korkea energiapitoisuus, joten se on suosittu valinta sek\u00e4 kotiel\u00e4inten siipikarjalle ett\u00e4 villiel\u00e4imille. <\/p>\n","protected":false},"featured_media":54720,"comment_status":"closed","ping_status":"closed","template":"","meta":{"_acf_changed":false},"product_brand":[],"product_cat":[129,335,583],"product_tag":[],"class_list":{"0":"post-54714","1":"product","2":"type-product","3":"status-publish","4":"has-post-thumbnail","6":"product_cat-kanojen-rehu-ja-ruoka","7":"product_cat-kanat","8":"product_cat-riistanruoka","9":"product_group-25kg-sack","11":"first","12":"instock","13":"taxable","14":"shipping-taxable","15":"purchasable","16":"product-type-simple"},"bundled_by":[],"bundle_stock_status":"instock","bundle_stock_quantity":36,"bundle_virtual":false,"bundle_layout":"","bundle_add_to_cart_form_location":"","bundle_editable_in_cart":false,"bundle_sold_individually_context":"","bundle_item_grouping":"","bundle_min_size":"","bundle_max_size":"","bundle_price":[],"bundled_items":[],"bundle_sell_ids":[],"acf":[],"_links":{"self":[{"href":"https:\/\/pippifoder.se\/fi\/wp-json\/wp\/v2\/product\/54714","targetHints":{"allow":["GET"]}}],"collection":[{"href":"https:\/\/pippifoder.se\/fi\/wp-json\/wp\/v2\/product"}],"about":[{"href":"https:\/\/pippifoder.se\/fi\/wp-json\/wp\/v2\/types\/product"}],"replies":[{"embeddable":true,"href":"https:\/\/pippifoder.se\/fi\/wp-json\/wp\/v2\/comments?post=54714"}],"wp:featuredmedia":[{"embeddable":true,"href":"https:\/\/pippifoder.se\/fi\/wp-json\/wp\/v2\/media\/54720"}],"wp:attachment":[{"href":"https:\/\/pippifoder.se\/fi\/wp-json\/wp\/v2\/media?parent=54714"}],"wp:term":[{"taxonomy":"product_brand","embeddable":true,"href":"https:\/\/pippifoder.se\/fi\/wp-json\/wp\/v2\/product_brand?post=54714"},{"taxonomy":"product_cat","embeddable":true,"href":"https:\/\/pippifoder.se\/fi\/wp-json\/wp\/v2\/product_cat?post=54714"},{"taxonomy":"product_tag","embeddable":true,"href":"https:\/\/pippifoder.se\/fi\/wp-json\/wp\/v2\/product_tag?post=54714"}],"curies":[{"name":"wp","href":"https:\/\/api.w.org\/{rel}","templated":true}]}}